{"id":8122,"date":"2022-03-11T09:36:37","date_gmt":"2022-03-11T08:36:37","guid":{"rendered":"https:\/\/kainoo.ch\/beispiel-fuer-die-visualisierung-eines-3d-speers\/"},"modified":"2022-04-26T15:29:26","modified_gmt":"2022-04-26T15:29:26","slug":"beispiel-fuer-die-visualisierung-eines-3d-strahlrohres","status":"publish","type":"page","link":"https:\/\/kainoo.ch\/de\/beispiel-fuer-die-visualisierung-eines-3d-strahlrohres\/","title":{"rendered":"Beispiel f\u00fcr die Visualisierung eines 3D-Strahlrohres"},"content":{"rendered":"<p>[et_pb_section fb_built=&#8220;1&#8243; _builder_version=&#8220;4.12.1&#8243; _module_preset=&#8220;default&#8220; custom_padding=&#8220;||10px|||&#8220; global_colors_info=&#8220;{}&#8220;][et_pb_row _builder_version=&#8220;4.12.1&#8243; _module_preset=&#8220;default&#8220; global_colors_info=&#8220;{}&#8220;][et_pb_column type=&#8220;4_4&#8243; _builder_version=&#8220;4.12.1&#8243; _module_preset=&#8220;default&#8220; global_colors_info=&#8220;{}&#8220;][et_pb_text _builder_version=&#8220;4.12.1&#8243; _module_preset=&#8220;default&#8220; custom_margin=&#8220;50px|||-33px||&#8220; custom_padding=&#8220;|||0px||&#8220; hover_enabled=&#8220;0&#8243; global_colors_info=&#8220;{}&#8220; sticky_enabled=&#8220;0&#8243;]<\/p>\n<h2>Entdecken und erleben Sie unsere Reproduktion von 3D-Objekten!<\/h2>\n<p>[\/et_pb_text][\/et_pb_column][\/et_pb_row][\/et_pb_section][et_pb_section fb_built=&#8220;1&#8243; _builder_version=&#8220;4.12.1&#8243; _module_preset=&#8220;default&#8220; min_height=&#8220;780px&#8220; custom_margin=&#8220;1px|||||&#8220; custom_padding=&#8220;4px||0px|||&#8220; global_colors_info=&#8220;{}&#8220;][et_pb_row _builder_version=&#8220;4.12.1&#8243; _module_preset=&#8220;default&#8220; custom_margin=&#8220;-23px|auto||auto||&#8220; custom_padding=&#8220;15px|||||&#8220; global_colors_info=&#8220;{}&#8220;][et_pb_column type=&#8220;4_4&#8243; _builder_version=&#8220;4.12.1&#8243; _module_preset=&#8220;default&#8220; global_colors_info=&#8220;{}&#8220;][et_pb_code _builder_version=&#8220;4.12.1&#8243; _module_preset=&#8220;default&#8220; transform_scale=&#8220;105%|105%&#8220; transform_translate=&#8220;-6px|2px&#8220; width=&#8220;100%&#8220; max_width=&#8220;100%&#8220; module_alignment=&#8220;center&#8220; custom_margin=&#8220;2px||||false|false&#8220; custom_padding=&#8220;0px||0px|0px|false|false&#8220; border_width_all=&#8220;2px&#8220; border_color_all=&#8220;#000000&#8243; box_shadow_style=&#8220;preset1&#8243; global_colors_info=&#8220;{}&#8220;]<\/p>\n<p><center><iframe src=\"https:\/\/viewer.kainoo.ch\/14410001\" allowfullscreen=\"1\" width=\"1120\" height=\"630\"><!-- [et_pb_line_break_holder] --><\/iframe><\/center>[\/et_pb_code][\/et_pb_column][\/et_pb_row][et_pb_row _builder_version=&#8220;4.12.1&#8243; _module_preset=&#8220;default&#8220; custom_margin=&#8220;|auto||379px||&#8220; global_colors_info=&#8220;{}&#8220;][et_pb_column type=&#8220;4_4&#8243; _builder_version=&#8220;4.12.1&#8243; _module_preset=&#8220;default&#8220; global_colors_info=&#8220;{}&#8220;][et_pb_text _builder_version=&#8220;4.12.1&#8243; _module_preset=&#8220;default&#8220; text_font_size=&#8220;26px&#8220; hover_enabled=&#8220;0&#8243; global_colors_info=&#8220;{}&#8220; sticky_enabled=&#8220;0&#8243; text_font=&#8220;Lato||||||||&#8220;]<\/p>\n<p>Wir reproduzieren Ihr 3D-Objekt nach Ihren W\u00fcnschen. (Metaverse compatible)<\/p>\n<p>Wir stellen Ihnen einen Web- und Smartphone-Viewer zur Verf\u00fcgung.<\/p>\n<p>Wir k\u00f6nnen Ihr Objekt in interaktiven 3D-Touren platzieren.<\/p>\n<p>&nbsp;<\/p>\n<p>Weitere Informationen finden Sie auf der Seite <a href=\"https:\/\/kainoo.ch\/metier\/marketing\/objets-3d-vr-ar-ready\/\">VR\/AR 3D-Objekte.<\/a><\/p>\n<p>[\/et_pb_text][\/et_pb_column][\/et_pb_row][\/et_pb_section]<\/p>\n","protected":false},"excerpt":{"rendered":"<p>Entdecken und erleben Sie unsere Reproduktion von 3D-Objekten! Wir reproduzieren Ihr 3D-Objekt nach Ihren W\u00fcnschen. (Metaverse compatible) Wir stellen Ihnen einen Web- und Smartphone-Viewer zur Verf\u00fcgung. Wir k\u00f6nnen Ihr Objekt in interaktiven 3D-Touren platzieren. &nbsp; Weitere Informationen finden Sie auf der Seite VR\/AR 3D-Objekte.<\/p>\n","protected":false},"author":1,"featured_media":9402,"parent":0,"menu_order":0,"comment_status":"closed","ping_status":"closed","template":"","meta":{"_et_pb_use_builder":"on","_et_pb_old_content":"","_et_gb_content_width":"","inline_featured_image":false,"footnotes":""},"class_list":["post-8122","page","type-page","status-publish","has-post-thumbnail","hentry"],"yoast_head":"<!-- This site is optimized with the Yoast SEO plugin v27.5 - https:\/\/yoast.com\/product\/yoast-seo-wordpress\/ -->\n<title>Beispiel f\u00fcr die Visualisierung eines 3D-Strahlrohres - Ka\u00efnoo<\/title>\n<meta name=\"robots\" content=\"index, follow, max-snippet:-1, max-image-preview:large, max-video-preview:-1\" \/>\n<link rel=\"canonical\" href=\"https:\/\/kainoo.ch\/de\/beispiel-fuer-die-visualisierung-eines-3d-strahlrohres\/\" \/>\n<meta property=\"og:locale\" content=\"de_DE\" \/>\n<meta property=\"og:type\" content=\"article\" \/>\n<meta property=\"og:title\" content=\"Beispiel f\u00fcr die Visualisierung eines 3D-Strahlrohres - Ka\u00efnoo\" \/>\n<meta property=\"og:url\" content=\"https:\/\/kainoo.ch\/de\/beispiel-fuer-die-visualisierung-eines-3d-strahlrohres\/\" \/>\n<meta property=\"og:site_name\" content=\"Ka\u00efnoo\" \/>\n<meta property=\"article:publisher\" content=\"https:\/\/www.facebook.com\/kainoo3D\" \/>\n<meta property=\"article:modified_time\" content=\"2022-04-26T15:29:26+00:00\" \/>\n<meta property=\"og:image\" content=\"https:\/\/kainoo.ch\/wp-content\/uploads\/2023\/06\/Kainoo-Nous-developpons-tout-type-de-solutions-3D-pour-vous.png\" \/>\n\t<meta property=\"og:image:width\" content=\"1200\" \/>\n\t<meta property=\"og:image:height\" content=\"630\" \/>\n\t<meta property=\"og:image:type\" content=\"image\/png\" \/>\n<meta name=\"twitter:card\" content=\"summary_large_image\" \/>\n<meta name=\"twitter:site\" content=\"@kainoo_ch\" \/>\n<meta name=\"twitter:label1\" content=\"Gesch\u00e4tzte Lesezeit\" \/>\n\t<meta name=\"twitter:data1\" content=\"1\u00a0Minute\" \/>\n<script type=\"application\/ld+json\" class=\"yoast-schema-graph\">{\"@context\":\"https:\\\/\\\/schema.org\",\"@graph\":[{\"@type\":\"WebPage\",\"@id\":\"https:\\\/\\\/kainoo.ch\\\/de\\\/beispiel-fuer-die-visualisierung-eines-3d-strahlrohres\\\/\",\"url\":\"https:\\\/\\\/kainoo.ch\\\/de\\\/beispiel-fuer-die-visualisierung-eines-3d-strahlrohres\\\/\",\"name\":\"Beispiel f\u00fcr die Visualisierung eines 3D-Strahlrohres - Ka\u00efnoo\",\"isPartOf\":{\"@id\":\"https:\\\/\\\/kainoo.ch\\\/#website\"},\"primaryImageOfPage\":{\"@id\":\"https:\\\/\\\/kainoo.ch\\\/de\\\/beispiel-fuer-die-visualisierung-eines-3d-strahlrohres\\\/#primaryimage\"},\"image\":{\"@id\":\"https:\\\/\\\/kainoo.ch\\\/de\\\/beispiel-fuer-die-visualisierung-eines-3d-strahlrohres\\\/#primaryimage\"},\"thumbnailUrl\":\"https:\\\/\\\/kainoo.ch\\\/wp-content\\\/uploads\\\/2023\\\/04\\\/lance3d-e1681735255325.png\",\"datePublished\":\"2022-03-11T08:36:37+00:00\",\"dateModified\":\"2022-04-26T15:29:26+00:00\",\"breadcrumb\":{\"@id\":\"https:\\\/\\\/kainoo.ch\\\/de\\\/beispiel-fuer-die-visualisierung-eines-3d-strahlrohres\\\/#breadcrumb\"},\"inLanguage\":\"de\",\"potentialAction\":[{\"@type\":\"ReadAction\",\"target\":[\"https:\\\/\\\/kainoo.ch\\\/de\\\/beispiel-fuer-die-visualisierung-eines-3d-strahlrohres\\\/\"]}]},{\"@type\":\"ImageObject\",\"inLanguage\":\"de\",\"@id\":\"https:\\\/\\\/kainoo.ch\\\/de\\\/beispiel-fuer-die-visualisierung-eines-3d-strahlrohres\\\/#primaryimage\",\"url\":\"https:\\\/\\\/kainoo.ch\\\/wp-content\\\/uploads\\\/2023\\\/04\\\/lance3d-e1681735255325.png\",\"contentUrl\":\"https:\\\/\\\/kainoo.ch\\\/wp-content\\\/uploads\\\/2023\\\/04\\\/lance3d-e1681735255325.png\",\"width\":1337,\"height\":862},{\"@type\":\"BreadcrumbList\",\"@id\":\"https:\\\/\\\/kainoo.ch\\\/de\\\/beispiel-fuer-die-visualisierung-eines-3d-strahlrohres\\\/#breadcrumb\",\"itemListElement\":[{\"@type\":\"ListItem\",\"position\":1,\"name\":\"Accueil\",\"item\":\"https:\\\/\\\/kainoo.ch\\\/de\\\/home\\\/\"},{\"@type\":\"ListItem\",\"position\":2,\"name\":\"Beispiel f\u00fcr die Visualisierung eines 3D-Strahlrohres\"}]},{\"@type\":\"WebSite\",\"@id\":\"https:\\\/\\\/kainoo.ch\\\/#website\",\"url\":\"https:\\\/\\\/kainoo.ch\\\/\",\"name\":\"KA\u00cfNOO S\u00e0rl\",\"description\":\"3D-Ingenieure und virtuelle Entwickler\",\"publisher\":{\"@id\":\"https:\\\/\\\/kainoo.ch\\\/#organization\"},\"alternateName\":\"KA\u00cfNOO\",\"potentialAction\":[{\"@type\":\"SearchAction\",\"target\":{\"@type\":\"EntryPoint\",\"urlTemplate\":\"https:\\\/\\\/kainoo.ch\\\/?s={search_term_string}\"},\"query-input\":{\"@type\":\"PropertyValueSpecification\",\"valueRequired\":true,\"valueName\":\"search_term_string\"}}],\"inLanguage\":\"de\"},{\"@type\":\"Organization\",\"@id\":\"https:\\\/\\\/kainoo.ch\\\/#organization\",\"name\":\"Ka\u00efnoo\",\"url\":\"https:\\\/\\\/kainoo.ch\\\/\",\"logo\":{\"@type\":\"ImageObject\",\"inLanguage\":\"de\",\"@id\":\"https:\\\/\\\/kainoo.ch\\\/#\\\/schema\\\/logo\\\/image\\\/\",\"url\":\"https:\\\/\\\/kainoo.ch\\\/wp-content\\\/uploads\\\/2021\\\/10\\\/logo-Kainoo.png\",\"contentUrl\":\"https:\\\/\\\/kainoo.ch\\\/wp-content\\\/uploads\\\/2021\\\/10\\\/logo-Kainoo.png\",\"width\":277,\"height\":40,\"caption\":\"Ka\u00efnoo\"},\"image\":{\"@id\":\"https:\\\/\\\/kainoo.ch\\\/#\\\/schema\\\/logo\\\/image\\\/\"},\"sameAs\":[\"https:\\\/\\\/www.facebook.com\\\/kainoo3D\",\"https:\\\/\\\/x.com\\\/kainoo_ch\",\"https:\\\/\\\/www.linkedin.com\\\/company\\\/5173815\\\/\"]}]}<\/script>\n<!-- \/ Yoast SEO plugin. -->","yoast_head_json":{"title":"Beispiel f\u00fcr die Visualisierung eines 3D-Strahlrohres - Ka\u00efnoo","robots":{"index":"index","follow":"follow","max-snippet":"max-snippet:-1","max-image-preview":"max-image-preview:large","max-video-preview":"max-video-preview:-1"},"canonical":"https:\/\/kainoo.ch\/de\/beispiel-fuer-die-visualisierung-eines-3d-strahlrohres\/","og_locale":"de_DE","og_type":"article","og_title":"Beispiel f\u00fcr die Visualisierung eines 3D-Strahlrohres - Ka\u00efnoo","og_url":"https:\/\/kainoo.ch\/de\/beispiel-fuer-die-visualisierung-eines-3d-strahlrohres\/","og_site_name":"Ka\u00efnoo","article_publisher":"https:\/\/www.facebook.com\/kainoo3D","article_modified_time":"2022-04-26T15:29:26+00:00","og_image":[{"width":1200,"height":630,"url":"https:\/\/kainoo.ch\/wp-content\/uploads\/2023\/06\/Kainoo-Nous-developpons-tout-type-de-solutions-3D-pour-vous.png","type":"image\/png"}],"twitter_card":"summary_large_image","twitter_site":"@kainoo_ch","twitter_misc":{"Gesch\u00e4tzte Lesezeit":"1\u00a0Minute"},"schema":{"@context":"https:\/\/schema.org","@graph":[{"@type":"WebPage","@id":"https:\/\/kainoo.ch\/de\/beispiel-fuer-die-visualisierung-eines-3d-strahlrohres\/","url":"https:\/\/kainoo.ch\/de\/beispiel-fuer-die-visualisierung-eines-3d-strahlrohres\/","name":"Beispiel f\u00fcr die Visualisierung eines 3D-Strahlrohres - Ka\u00efnoo","isPartOf":{"@id":"https:\/\/kainoo.ch\/#website"},"primaryImageOfPage":{"@id":"https:\/\/kainoo.ch\/de\/beispiel-fuer-die-visualisierung-eines-3d-strahlrohres\/#primaryimage"},"image":{"@id":"https:\/\/kainoo.ch\/de\/beispiel-fuer-die-visualisierung-eines-3d-strahlrohres\/#primaryimage"},"thumbnailUrl":"https:\/\/kainoo.ch\/wp-content\/uploads\/2023\/04\/lance3d-e1681735255325.png","datePublished":"2022-03-11T08:36:37+00:00","dateModified":"2022-04-26T15:29:26+00:00","breadcrumb":{"@id":"https:\/\/kainoo.ch\/de\/beispiel-fuer-die-visualisierung-eines-3d-strahlrohres\/#breadcrumb"},"inLanguage":"de","potentialAction":[{"@type":"ReadAction","target":["https:\/\/kainoo.ch\/de\/beispiel-fuer-die-visualisierung-eines-3d-strahlrohres\/"]}]},{"@type":"ImageObject","inLanguage":"de","@id":"https:\/\/kainoo.ch\/de\/beispiel-fuer-die-visualisierung-eines-3d-strahlrohres\/#primaryimage","url":"https:\/\/kainoo.ch\/wp-content\/uploads\/2023\/04\/lance3d-e1681735255325.png","contentUrl":"https:\/\/kainoo.ch\/wp-content\/uploads\/2023\/04\/lance3d-e1681735255325.png","width":1337,"height":862},{"@type":"BreadcrumbList","@id":"https:\/\/kainoo.ch\/de\/beispiel-fuer-die-visualisierung-eines-3d-strahlrohres\/#breadcrumb","itemListElement":[{"@type":"ListItem","position":1,"name":"Accueil","item":"https:\/\/kainoo.ch\/de\/home\/"},{"@type":"ListItem","position":2,"name":"Beispiel f\u00fcr die Visualisierung eines 3D-Strahlrohres"}]},{"@type":"WebSite","@id":"https:\/\/kainoo.ch\/#website","url":"https:\/\/kainoo.ch\/","name":"KA\u00cfNOO S\u00e0rl","description":"3D-Ingenieure und virtuelle Entwickler","publisher":{"@id":"https:\/\/kainoo.ch\/#organization"},"alternateName":"KA\u00cfNOO","potentialAction":[{"@type":"SearchAction","target":{"@type":"EntryPoint","urlTemplate":"https:\/\/kainoo.ch\/?s={search_term_string}"},"query-input":{"@type":"PropertyValueSpecification","valueRequired":true,"valueName":"search_term_string"}}],"inLanguage":"de"},{"@type":"Organization","@id":"https:\/\/kainoo.ch\/#organization","name":"Ka\u00efnoo","url":"https:\/\/kainoo.ch\/","logo":{"@type":"ImageObject","inLanguage":"de","@id":"https:\/\/kainoo.ch\/#\/schema\/logo\/image\/","url":"https:\/\/kainoo.ch\/wp-content\/uploads\/2021\/10\/logo-Kainoo.png","contentUrl":"https:\/\/kainoo.ch\/wp-content\/uploads\/2021\/10\/logo-Kainoo.png","width":277,"height":40,"caption":"Ka\u00efnoo"},"image":{"@id":"https:\/\/kainoo.ch\/#\/schema\/logo\/image\/"},"sameAs":["https:\/\/www.facebook.com\/kainoo3D","https:\/\/x.com\/kainoo_ch","https:\/\/www.linkedin.com\/company\/5173815\/"]}]}},"_links":{"self":[{"href":"https:\/\/kainoo.ch\/de\/wp-json\/wp\/v2\/pages\/8122","targetHints":{"allow":["GET"]}}],"collection":[{"href":"https:\/\/kainoo.ch\/de\/wp-json\/wp\/v2\/pages"}],"about":[{"href":"https:\/\/kainoo.ch\/de\/wp-json\/wp\/v2\/types\/page"}],"author":[{"embeddable":true,"href":"https:\/\/kainoo.ch\/de\/wp-json\/wp\/v2\/users\/1"}],"replies":[{"embeddable":true,"href":"https:\/\/kainoo.ch\/de\/wp-json\/wp\/v2\/comments?post=8122"}],"version-history":[{"count":6,"href":"https:\/\/kainoo.ch\/de\/wp-json\/wp\/v2\/pages\/8122\/revisions"}],"predecessor-version":[{"id":8166,"href":"https:\/\/kainoo.ch\/de\/wp-json\/wp\/v2\/pages\/8122\/revisions\/8166"}],"wp:featuredmedia":[{"embeddable":true,"href":"https:\/\/kainoo.ch\/de\/wp-json\/wp\/v2\/media\/9402"}],"wp:attachment":[{"href":"https:\/\/kainoo.ch\/de\/wp-json\/wp\/v2\/media?parent=8122"}],"curies":[{"name":"wp","href":"https:\/\/api.w.org\/{rel}","templated":true}]}}