{"id":7783,"date":"2021-11-09T22:47:04","date_gmt":"2021-11-09T21:47:04","guid":{"rendered":"https:\/\/kainoo.ch\/ihr-job\/ausbildung\/"},"modified":"2023-04-17T14:23:33","modified_gmt":"2023-04-17T12:23:33","slug":"ausbildung","status":"publish","type":"page","link":"https:\/\/kainoo.ch\/de\/ihr-beruf\/ausbildung\/","title":{"rendered":"Ausbildung"},"content":{"rendered":"<p>[et_pb_section fb_built=&#8220;1&#8243; _builder_version=&#8220;4.12.1&#8243; _module_preset=&#8220;default&#8220; background_image=&#8220;https:\/\/kainoo.ch\/wp-content\/uploads\/2022\/01\/formation-header.jpg&#8220; min_height=&#8220;100vh&#8220; custom_margin=&#8220;0px||0px||false|false&#8220; custom_padding=&#8220;0px||0px||false|false&#8220; global_colors_info=&#8220;{}&#8220; da_is_popup=&#8220;off&#8220; da_exit_intent=&#8220;off&#8220; da_has_close=&#8220;on&#8220; da_alt_close=&#8220;off&#8220; da_dark_close=&#8220;off&#8220; da_not_modal=&#8220;on&#8220; da_is_singular=&#8220;off&#8220; da_with_loader=&#8220;off&#8220; da_has_shadow=&#8220;on&#8220; da_disable_devices=&#8220;off|off|off&#8220;][et_pb_row column_structure=&#8220;2_5,3_5&#8243; use_custom_gutter=&#8220;on&#8220; gutter_width=&#8220;1&#8243; _builder_version=&#8220;4.12.1&#8243; _module_preset=&#8220;default&#8220; width=&#8220;100%&#8220; max_width=&#8220;100%&#8220; custom_margin=&#8220;||||false|false&#8220; custom_margin_last_edited=&#8220;off|desktop&#8220; custom_padding=&#8220;||0px||false|false&#8220; global_colors_info=&#8220;{}&#8220; custom_margin__hover_enabled=&#8220;on|desktop&#8220; custom_margin__hover=&#8220;||||false|false&#8220;][et_pb_column type=&#8220;2_5&#8243; _builder_version=&#8220;4.12.1&#8243; _module_preset=&#8220;default&#8220; background_color=&#8220;rgba(5,16,20,0.9)&#8220; custom_padding=&#8220;50px|50px|50px|50px|true|true&#8220; custom_css_main_element=&#8220;min-height: 100vh;||padding-left: 3rem;||padding-right: 3rem;||display: flex;||justify-content: center;||flex-direction: column;||align-items: flex-start;&#8220; global_colors_info=&#8220;{}&#8220;][et_pb_code _builder_version=&#8220;4.12.1&#8243; _module_preset=&#8220;default&#8220; custom_margin=&#8220;80px||||false|false&#8220; custom_css_main_element=&#8220;font-size: 1.5rem;||color: white;&#8220; global_colors_info=&#8220;{}&#8220;]<i style=\"color:#0a9dc8\" class=\"fa fa-graduation-cap\" aria-hidden=\"true\"><\/i> <span>Ausbildung<\/span>[\/et_pb_code][et_pb_text admin_label=&#8220;Texte&#8220; _builder_version=&#8220;4.12.1&#8243; _module_preset=&#8220;b8706875-c3bd-4afe-8672-fedc097f852c&#8220; header_font=&#8220;Arial|700||on|||||&#8220; header_text_color=&#8220;#FFFFFF&#8220; header_font_size=&#8220;30px&#8220; header_letter_spacing=&#8220;0.12em&#8220; custom_margin=&#8220;20px||20px||true|false&#8220; header_text_align_tablet=&#8220;&#8220; header_text_align_phone=&#8220;left&#8220; header_text_align_last_edited=&#8220;on|desktop&#8220; header_font_size_tablet=&#8220;35px&#8220; header_font_size_phone=&#8220;25px&#8220; header_font_size_last_edited=&#8220;on|phone&#8220; custom_css_main_element=&#8220;||&#8220; global_module=&#8220;1745&#8243; saved_tabs=&#8220;all&#8220; global_colors_info=&#8220;{}&#8220;]<\/p>\n<h1>Digitale 3D- und VR-L\u00f6sungen im Bereich der Berufsbildung<\/h1>\n<p>[\/et_pb_text][et_pb_text _builder_version=&#8220;4.12.1&#8243; _module_preset=&#8220;default&#8220; text_font=&#8220;Lato|300|||||||&#8220; text_text_color=&#8220;#FFFFFF&#8220; text_font_size=&#8220;20px&#8220; text_line_height=&#8220;1.6em&#8220; header_font=&#8220;|700||on|||||&#8220; header_font_size=&#8220;46px&#8220; background_color=&#8220;RGBA(0,0,0,0)&#8220; text_orientation=&#8220;center&#8220; custom_margin=&#8220;||50px||false|false&#8220; custom_padding=&#8220;||0px|||&#8220; text_font_size_tablet=&#8220;20px&#8220; text_font_size_phone=&#8220;16px&#8220; text_font_size_last_edited=&#8220;on|tablet&#8220; global_module=&#8220;1747&#8243; saved_tabs=&#8220;all&#8220; locked=&#8220;off&#8220; global_colors_info=&#8220;{}&#8220;]<\/p>\n<p style=\"text-align: left;\">Digitalisierung ist keine Option mehr: Bleiben Sie weiterhin wettbewerbsf\u00e4hig und potenzieren Sie Ihr Ausbildungsangebot mit 3D und Virtual Reality digitalen L\u00f6sungen.<\/p>\n<p style=\"text-align: left;\">Erweitern Sie die Grenzen der Realit\u00e4t mit den virtuellen L\u00f6sungen von KA\u00cfNOO.<\/p>\n<p>[\/et_pb_text][\/et_pb_column][et_pb_column type=&#8220;3_5&#8243; _builder_version=&#8220;4.12.1&#8243; _module_preset=&#8220;default&#8220; global_colors_info=&#8220;{}&#8220;][\/et_pb_column][\/et_pb_row][\/et_pb_section][et_pb_section fb_built=&#8220;1&#8243; module_id=&#8220;Berufsstand&#8220; module_class=&#8220;small-cards-section&#8220; _builder_version=&#8220;4.12.1&#8243; _module_preset=&#8220;default&#8220; background_enable_color=&#8220;off&#8220; background_image=&#8220;https:\/\/kainoo.ch\/wp-content\/uploads\/2021\/10\/bg-creations-virtuelles.jpg&#8220; background_size=&#8220;contain&#8220; min_height=&#8220;100vh&#8220; custom_padding=&#8220;||||false|false&#8220; global_colors_info=&#8220;{}&#8220; da_is_popup=&#8220;off&#8220; da_exit_intent=&#8220;off&#8220; da_has_close=&#8220;on&#8220; da_alt_close=&#8220;off&#8220; da_dark_close=&#8220;off&#8220; da_not_modal=&#8220;on&#8220; da_is_singular=&#8220;off&#8220; da_with_loader=&#8220;off&#8220; da_has_shadow=&#8220;on&#8220; da_disable_devices=&#8220;off|off|off&#8220;][et_pb_row _builder_version=&#8220;4.12.1&#8243; _module_preset=&#8220;default&#8220; saved_tabs=&#8220;all&#8220; global_colors_info=&#8220;{}&#8220;][et_pb_column type=&#8220;4_4&#8243; _builder_version=&#8220;4.12.1&#8243; _module_preset=&#8220;default&#8220; global_colors_info=&#8220;{}&#8220;][et_pb_text _builder_version=&#8220;4.12.1&#8243; _module_preset=&#8220;_initial&#8220; header_2_font=&#8220;Arial|500||on|||||&#8220; header_2_font_size=&#8220;25px&#8220; header_2_letter_spacing=&#8220;0.12em&#8220; custom_margin=&#8220;||0px|||&#8220; header_2_font_size_tablet=&#8220;30px&#8220; header_2_font_size_phone=&#8220;&#8220; header_2_font_size_last_edited=&#8220;on|phone&#8220; global_colors_info=&#8220;{}&#8220;]<\/p>\n<h2 style=\"text-align: center;\">Unsere L\u00f6sungen<\/h2>\n<p>[\/et_pb_text][et_pb_code _builder_version=&#8220;4.12.1&#8243; _module_preset=&#8220;default&#8220; module_alignment=&#8220;center&#8220; custom_margin=&#8220;||||false|false&#8220; custom_css_main_element=&#8220;content: %22 %22;||\tdisplay:block;||\twidth:100px;||\theight:4px;||\tbackground-color:#099dc8;||\tborder-radius:10px;||margin: auto;&#8220; global_colors_info=&#8220;{}&#8220;]<\/p>\n<div><!-- [et_pb_line_break_holder] -->  <!-- [et_pb_line_break_holder] --><\/div>\n<p>[\/et_pb_code][\/et_pb_column][\/et_pb_row][et_pb_row column_structure=&#8220;1_3,1_3,1_3&#8243; module_class=&#8220;section-card&#8220; _builder_version=&#8220;4.12.1&#8243; _module_preset=&#8220;default&#8220; module_alignment=&#8220;center&#8220; custom_margin=&#8220;||||false|false&#8220; global_colors_info=&#8220;{}&#8220;][et_pb_column type=&#8220;1_3&#8243; module_class=&#8220;card-item&#8220; _builder_version=&#8220;4.12.1&#8243; _module_preset=&#8220;default&#8220; box_shadow_style=&#8220;preset1&#8243; box_shadow_vertical=&#8220;0px&#8220; box_shadow_blur=&#8220;30px&#8220; global_colors_info=&#8220;{}&#8220;][et_pb_code module_class=&#8220;cards-item&#8220; _builder_version=&#8220;4.12.1&#8243; _module_preset=&#8220;default&#8220; text_orientation=&#8220;left&#8220; global_colors_info=&#8220;{}&#8220;]<img decoding=\"async\" alt=\"kainoo\" src=\"https:\/\/kainoo.ch\/wp-content\/uploads\/2022\/01\/formationvr-small.jpg\"><!-- [et_pb_line_break_holder] --><\/p>\n<div class=\"item-text\"><!-- [et_pb_line_break_holder] -->  <\/p>\n<h3>VR Ausbildung<\/h3>\n<p><!-- [et_pb_line_break_holder] -->  <pee>Bringen Sie Ihre Lernenden mit VR-Training in eine realistische Berufsumgebung.<\/pee><!-- [et_pb_line_break_holder] --><\/div>\n<p><!-- [et_pb_line_break_holder] --><\/p>\n<div class=\"btn-bottom et_pb_button_module_wrapper et_pb_button_0_wrapper et_pb_button_alignment_center et_pb_module \"><!-- [et_pb_line_break_holder] -->\t\t\t\t<a id=\"btn-normal\" class=\"et_pb_button et_pb_button_0 btn-normal et_pb_bg_layout_light\" href=\"https:\/\/kainoo.ch\/de\/ihr-beruf\/ausbildung\/vr-ausbildung\/\">Mehr erfahren<\/a><!-- [et_pb_line_break_holder] -->\t\t\t<\/div>\n<p>[\/et_pb_code][\/et_pb_column][et_pb_column type=&#8220;1_3&#8243; module_class=&#8220;card-item&#8220; _builder_version=&#8220;4.12.1&#8243; _module_preset=&#8220;default&#8220; box_shadow_style=&#8220;preset1&#8243; box_shadow_vertical=&#8220;0px&#8220; box_shadow_blur=&#8220;30px&#8220; global_colors_info=&#8220;{}&#8220;][et_pb_code module_class=&#8220;cards-item&#8220; _builder_version=&#8220;4.12.1&#8243; _module_preset=&#8220;default&#8220; text_orientation=&#8220;left&#8220; global_colors_info=&#8220;{}&#8220;]<img decoding=\"async\" alt=\"kainoo\" src=\"https:\/\/kainoo.ch\/wp-content\/uploads\/2021\/11\/formation3D.jpg\"><!-- [et_pb_line_break_holder] --><\/p>\n<div class=\"item-text\"><!-- [et_pb_line_break_holder] -->  <\/p>\n<h3>Interaktives 3D f\u00fcr LMS<\/h3>\n<p><!-- [et_pb_line_break_holder] -->  <pee>Unsere interaktiven 3D-L\u00f6sungen f\u00fcr E-Learning lassen sich problemlos in alle Ihre Schulungssequenzen integrieren.<!-- [et_pb_line_break_holder] -->  <\/pee><!-- [et_pb_line_break_holder] --><\/div>\n<p><!-- [et_pb_line_break_holder] --><\/p>\n<div class=\"btn-bottom et_pb_button_module_wrapper et_pb_button_0_wrapper et_pb_button_alignment_center et_pb_module \"><!-- [et_pb_line_break_holder] -->\t\t\t\t<a id=\"btn-normal\" class=\"et_pb_button et_pb_button_0 btn-normal et_pb_bg_layout_light\" href=\"https:\/\/kainoo.ch\/de\/ihr-beruf\/ausbildung\/interaktives-3d-fuer-lms\/\">Mehr erfahren<\/a><!-- [et_pb_line_break_holder] -->\t\t\t<\/div>\n<p>[\/et_pb_code][\/et_pb_column][et_pb_column type=&#8220;1_3&#8243; _builder_version=&#8220;4.12.1&#8243; _module_preset=&#8220;default&#8220; global_colors_info=&#8220;{}&#8220;][\/et_pb_column][\/et_pb_row][\/et_pb_section][et_pb_section fb_built=&#8220;1&#8243; module_class=&#8220;black-box&#8220; _builder_version=&#8220;4.12.1&#8243; _module_preset=&#8220;default&#8220; background_color=&#8220;rgba(5,16,20,0.9)&#8220; min_height=&#8220;75vh&#8220; custom_css_main_element=&#8220;display: flex;&#8220; global_module=&#8220;2229&#8243; saved_tabs=&#8220;all&#8220; global_colors_info=&#8220;{}&#8220; da_is_popup=&#8220;off&#8220; da_exit_intent=&#8220;off&#8220; da_has_close=&#8220;on&#8220; da_alt_close=&#8220;off&#8220; da_dark_close=&#8220;off&#8220; da_not_modal=&#8220;on&#8220; da_is_singular=&#8220;off&#8220; da_with_loader=&#8220;off&#8220; da_has_shadow=&#8220;on&#8220; da_disable_devices=&#8220;off|off|off&#8220;][et_pb_row _builder_version=&#8220;4.11.3&#8243; _module_preset=&#8220;default&#8220; width=&#8220;90%&#8220; custom_padding=&#8220;0px|0px|0px|0px|false|false&#8220; global_colors_info=&#8220;{}&#8220;][et_pb_column type=&#8220;4_4&#8243; _builder_version=&#8220;4.11.3&#8243; _module_preset=&#8220;default&#8220; global_colors_info=&#8220;{}&#8220;][et_pb_signup mailchimp_list=&#8220;kaiformation|414bc9c166&#8243; layout=&#8220;top_bottom&#8220; first_name_field=&#8220;off&#8220; last_name_field=&#8220;off&#8220; success_message=&#8220;Sie haben sich erfolgreich f\u00fcr den Ka\u00efnoo-Newsletter angemeldet! &#8220; title=&#8220;Registrieren Sie sich f\u00fcr den Ausbildungs Newsletter&#8220; button_text=&#8220;Ich registriere mich !&#8220; description=&#8220;<\/p>\n<p><span>um \u00fcber News aus dem Ausbildungsbereich informiert zu werden.<\/span><\/p>\n<p>&#8220; footer_content=&#8220;<\/p>\n<p>Indem Sie sich f\u00fcr den Newsletter anmelden, stimmen Sie unserer <a href=%22https:\/\/kainoo.ch\/politique-de-confidentialite\/%22 style=%22color: #fff; text-decoration: underline;%22>Datenschutzrichtlinie zu.<\/a><\/p>\n<p>&#8220; module_class=&#8220;news-form&#8220; _builder_version=&#8220;4.12.1&#8243; _module_preset=&#8220;default&#8220; header_font=&#8220;Arial|||on|||||&#8220; header_font_size=&#8220;25px&#8220; header_letter_spacing=&#8220;0.2em&#8220; body_font=&#8220;Lincoln light||||||||&#8220; body_font_size=&#8220;20px&#8220; result_message_text_align=&#8220;left&#8220; result_message_font_size=&#8220;24px&#8220; background_enable_color=&#8220;off&#8220; custom_button=&#8220;on&#8220; button_use_icon=&#8220;off&#8220; button_custom_margin=&#8220;||||false|false&#8220; button_custom_padding=&#8220;10px||10px||false|false&#8220; custom_css_newsletter_fields=&#8220;||&#8220; custom_css_newsletter_button=&#8220;width: 200px;||display: flex;||justify-content: center;||&#8220; border_radii_fields=&#8220;off|0px|0px|0px|0px&#8220; global_colors_info=&#8220;{}&#8220;][\/et_pb_signup][\/et_pb_column][\/et_pb_row][\/et_pb_section][et_pb_section fb_built=&#8220;1&#8243; _builder_version=&#8220;4.12.1&#8243; _module_preset=&#8220;default&#8220; background_image=&#8220;https:\/\/kainoo.ch\/wp-content\/uploads\/2021\/10\/bg-3D-bottom.jpg&#8220; background_size=&#8220;initial&#8220; background_position=&#8220;bottom_right&#8220; min_height=&#8220;60vh&#8220; custom_css_main_element=&#8220;display: flex;&#8220; global_module=&#8220;2228&#8243; saved_tabs=&#8220;all&#8220; global_colors_info=&#8220;{}&#8220; da_is_popup=&#8220;off&#8220; da_exit_intent=&#8220;off&#8220; da_has_close=&#8220;on&#8220; da_alt_close=&#8220;off&#8220; da_dark_close=&#8220;off&#8220; da_not_modal=&#8220;on&#8220; da_is_singular=&#8220;off&#8220; da_with_loader=&#8220;off&#8220; da_has_shadow=&#8220;on&#8220; da_disable_devices=&#8220;off|off|off&#8220;][et_pb_row _builder_version=&#8220;4.11.3&#8243; _module_preset=&#8220;default&#8220; global_colors_info=&#8220;{}&#8220;][et_pb_column type=&#8220;4_4&#8243; _builder_version=&#8220;4.11.3&#8243; _module_preset=&#8220;default&#8220; global_colors_info=&#8220;{}&#8220;][et_pb_text _builder_version=&#8220;4.12.1&#8243; _module_preset=&#8220;default&#8220; text_font=&#8220;Arial||||||||&#8220; text_font_size=&#8220;15px&#8220; global_colors_info=&#8220;{}&#8220;]<\/p>\n<h3 style=\"text-align: center;\">&#8222;Die einzige Quelle von Wissen<br \/>ist Erfahrung.&#8220;<\/h3>\n<p style=\"text-align: center;\">Albert Einstein<\/p>\n<p>&nbsp;<\/p>\n<p>[\/et_pb_text][\/et_pb_column][\/et_pb_row][\/et_pb_section]<\/p>\n","protected":false},"excerpt":{"rendered":"<p>Digitale 3D- und VR-L\u00f6sungen im Bereich der BerufsbildungDigitalisierung ist keine Option mehr: Bleiben Sie weiterhin wettbewerbsf\u00e4hig und potenzieren Sie Ihr Ausbildungsangebot mit 3D und Virtual Reality digitalen L\u00f6sungen. Erweitern Sie die Grenzen der Realit\u00e4t mit den virtuellen L\u00f6sungen von KA\u00cfNOO.Unsere L\u00f6sungen&#8220;Die einzige Quelle von Wissenist Erfahrung.&#8220; Albert Einstein &nbsp;<\/p>\n","protected":false},"author":1,"featured_media":0,"parent":7731,"menu_order":0,"comment_status":"closed","ping_status":"closed","template":"","meta":{"_et_pb_use_builder":"on","_et_pb_old_content":"","_et_gb_content_width":"","inline_featured_image":false,"footnotes":""},"class_list":["post-7783","page","type-page","status-publish","hentry"],"yoast_head":"<!-- This site is optimized with the Yoast SEO plugin v27.4 - https:\/\/yoast.com\/product\/yoast-seo-wordpress\/ -->\n<title>Ausbildung - Ka\u00efnoo<\/title>\n<meta name=\"robots\" content=\"index, follow, max-snippet:-1, max-image-preview:large, max-video-preview:-1\" \/>\n<link rel=\"canonical\" href=\"https:\/\/kainoo.ch\/de\/ihr-beruf\/ausbildung\/\" \/>\n<meta property=\"og:locale\" content=\"de_DE\" \/>\n<meta property=\"og:type\" content=\"article\" \/>\n<meta property=\"og:title\" content=\"Ausbildung - Ka\u00efnoo\" \/>\n<meta property=\"og:url\" content=\"https:\/\/kainoo.ch\/de\/ihr-beruf\/ausbildung\/\" \/>\n<meta property=\"og:site_name\" content=\"Ka\u00efnoo\" \/>\n<meta property=\"article:publisher\" content=\"https:\/\/www.facebook.com\/kainoo3D\" \/>\n<meta property=\"article:modified_time\" content=\"2023-04-17T12:23:33+00:00\" \/>\n<meta property=\"og:image\" content=\"https:\/\/kainoo.ch\/wp-content\/uploads\/2022\/01\/formationvr-small.jpg\" \/>\n<meta name=\"twitter:card\" content=\"summary_large_image\" \/>\n<meta name=\"twitter:site\" content=\"@kainoo_ch\" \/>\n<meta name=\"twitter:label1\" content=\"Gesch\u00e4tzte Lesezeit\" \/>\n\t<meta name=\"twitter:data1\" content=\"6\u00a0Minuten\" \/>\n<script type=\"application\/ld+json\" class=\"yoast-schema-graph\">{\"@context\":\"https:\\\/\\\/schema.org\",\"@graph\":[{\"@type\":\"WebPage\",\"@id\":\"https:\\\/\\\/kainoo.ch\\\/de\\\/ihr-beruf\\\/ausbildung\\\/\",\"url\":\"https:\\\/\\\/kainoo.ch\\\/de\\\/ihr-beruf\\\/ausbildung\\\/\",\"name\":\"Ausbildung - Ka\u00efnoo\",\"isPartOf\":{\"@id\":\"https:\\\/\\\/kainoo.ch\\\/#website\"},\"primaryImageOfPage\":{\"@id\":\"https:\\\/\\\/kainoo.ch\\\/de\\\/ihr-beruf\\\/ausbildung\\\/#primaryimage\"},\"image\":{\"@id\":\"https:\\\/\\\/kainoo.ch\\\/de\\\/ihr-beruf\\\/ausbildung\\\/#primaryimage\"},\"thumbnailUrl\":\"https:\\\/\\\/kainoo.ch\\\/wp-content\\\/uploads\\\/2022\\\/01\\\/formationvr-small.jpg\",\"datePublished\":\"2021-11-09T21:47:04+00:00\",\"dateModified\":\"2023-04-17T12:23:33+00:00\",\"breadcrumb\":{\"@id\":\"https:\\\/\\\/kainoo.ch\\\/de\\\/ihr-beruf\\\/ausbildung\\\/#breadcrumb\"},\"inLanguage\":\"de\",\"potentialAction\":[{\"@type\":\"ReadAction\",\"target\":[\"https:\\\/\\\/kainoo.ch\\\/de\\\/ihr-beruf\\\/ausbildung\\\/\"]}]},{\"@type\":\"ImageObject\",\"inLanguage\":\"de\",\"@id\":\"https:\\\/\\\/kainoo.ch\\\/de\\\/ihr-beruf\\\/ausbildung\\\/#primaryimage\",\"url\":\"https:\\\/\\\/kainoo.ch\\\/wp-content\\\/uploads\\\/2022\\\/01\\\/formationvr-small.jpg\",\"contentUrl\":\"https:\\\/\\\/kainoo.ch\\\/wp-content\\\/uploads\\\/2022\\\/01\\\/formationvr-small.jpg\"},{\"@type\":\"BreadcrumbList\",\"@id\":\"https:\\\/\\\/kainoo.ch\\\/de\\\/ihr-beruf\\\/ausbildung\\\/#breadcrumb\",\"itemListElement\":[{\"@type\":\"ListItem\",\"position\":1,\"name\":\"Accueil\",\"item\":\"https:\\\/\\\/kainoo.ch\\\/de\\\/home\\\/\"},{\"@type\":\"ListItem\",\"position\":2,\"name\":\"Ihr Beruf\",\"item\":\"https:\\\/\\\/kainoo.ch\\\/de\\\/ihr-beruf\\\/\"},{\"@type\":\"ListItem\",\"position\":3,\"name\":\"Ausbildung\"}]},{\"@type\":\"WebSite\",\"@id\":\"https:\\\/\\\/kainoo.ch\\\/#website\",\"url\":\"https:\\\/\\\/kainoo.ch\\\/\",\"name\":\"KA\u00cfNOO S\u00e0rl\",\"description\":\"3D-Ingenieure und virtuelle Entwickler\",\"publisher\":{\"@id\":\"https:\\\/\\\/kainoo.ch\\\/#organization\"},\"alternateName\":\"KA\u00cfNOO\",\"potentialAction\":[{\"@type\":\"SearchAction\",\"target\":{\"@type\":\"EntryPoint\",\"urlTemplate\":\"https:\\\/\\\/kainoo.ch\\\/?s={search_term_string}\"},\"query-input\":{\"@type\":\"PropertyValueSpecification\",\"valueRequired\":true,\"valueName\":\"search_term_string\"}}],\"inLanguage\":\"de\"},{\"@type\":\"Organization\",\"@id\":\"https:\\\/\\\/kainoo.ch\\\/#organization\",\"name\":\"Ka\u00efnoo\",\"url\":\"https:\\\/\\\/kainoo.ch\\\/\",\"logo\":{\"@type\":\"ImageObject\",\"inLanguage\":\"de\",\"@id\":\"https:\\\/\\\/kainoo.ch\\\/#\\\/schema\\\/logo\\\/image\\\/\",\"url\":\"https:\\\/\\\/kainoo.ch\\\/wp-content\\\/uploads\\\/2021\\\/10\\\/logo-Kainoo.png\",\"contentUrl\":\"https:\\\/\\\/kainoo.ch\\\/wp-content\\\/uploads\\\/2021\\\/10\\\/logo-Kainoo.png\",\"width\":277,\"height\":40,\"caption\":\"Ka\u00efnoo\"},\"image\":{\"@id\":\"https:\\\/\\\/kainoo.ch\\\/#\\\/schema\\\/logo\\\/image\\\/\"},\"sameAs\":[\"https:\\\/\\\/www.facebook.com\\\/kainoo3D\",\"https:\\\/\\\/x.com\\\/kainoo_ch\",\"https:\\\/\\\/www.linkedin.com\\\/company\\\/5173815\\\/\"]}]}<\/script>\n<!-- \/ Yoast SEO plugin. -->","yoast_head_json":{"title":"Ausbildung - Ka\u00efnoo","robots":{"index":"index","follow":"follow","max-snippet":"max-snippet:-1","max-image-preview":"max-image-preview:large","max-video-preview":"max-video-preview:-1"},"canonical":"https:\/\/kainoo.ch\/de\/ihr-beruf\/ausbildung\/","og_locale":"de_DE","og_type":"article","og_title":"Ausbildung - Ka\u00efnoo","og_url":"https:\/\/kainoo.ch\/de\/ihr-beruf\/ausbildung\/","og_site_name":"Ka\u00efnoo","article_publisher":"https:\/\/www.facebook.com\/kainoo3D","article_modified_time":"2023-04-17T12:23:33+00:00","og_image":[{"url":"https:\/\/kainoo.ch\/wp-content\/uploads\/2022\/01\/formationvr-small.jpg","type":"","width":"","height":""}],"twitter_card":"summary_large_image","twitter_site":"@kainoo_ch","twitter_misc":{"Gesch\u00e4tzte Lesezeit":"6\u00a0Minuten"},"schema":{"@context":"https:\/\/schema.org","@graph":[{"@type":"WebPage","@id":"https:\/\/kainoo.ch\/de\/ihr-beruf\/ausbildung\/","url":"https:\/\/kainoo.ch\/de\/ihr-beruf\/ausbildung\/","name":"Ausbildung - Ka\u00efnoo","isPartOf":{"@id":"https:\/\/kainoo.ch\/#website"},"primaryImageOfPage":{"@id":"https:\/\/kainoo.ch\/de\/ihr-beruf\/ausbildung\/#primaryimage"},"image":{"@id":"https:\/\/kainoo.ch\/de\/ihr-beruf\/ausbildung\/#primaryimage"},"thumbnailUrl":"https:\/\/kainoo.ch\/wp-content\/uploads\/2022\/01\/formationvr-small.jpg","datePublished":"2021-11-09T21:47:04+00:00","dateModified":"2023-04-17T12:23:33+00:00","breadcrumb":{"@id":"https:\/\/kainoo.ch\/de\/ihr-beruf\/ausbildung\/#breadcrumb"},"inLanguage":"de","potentialAction":[{"@type":"ReadAction","target":["https:\/\/kainoo.ch\/de\/ihr-beruf\/ausbildung\/"]}]},{"@type":"ImageObject","inLanguage":"de","@id":"https:\/\/kainoo.ch\/de\/ihr-beruf\/ausbildung\/#primaryimage","url":"https:\/\/kainoo.ch\/wp-content\/uploads\/2022\/01\/formationvr-small.jpg","contentUrl":"https:\/\/kainoo.ch\/wp-content\/uploads\/2022\/01\/formationvr-small.jpg"},{"@type":"BreadcrumbList","@id":"https:\/\/kainoo.ch\/de\/ihr-beruf\/ausbildung\/#breadcrumb","itemListElement":[{"@type":"ListItem","position":1,"name":"Accueil","item":"https:\/\/kainoo.ch\/de\/home\/"},{"@type":"ListItem","position":2,"name":"Ihr Beruf","item":"https:\/\/kainoo.ch\/de\/ihr-beruf\/"},{"@type":"ListItem","position":3,"name":"Ausbildung"}]},{"@type":"WebSite","@id":"https:\/\/kainoo.ch\/#website","url":"https:\/\/kainoo.ch\/","name":"KA\u00cfNOO S\u00e0rl","description":"3D-Ingenieure und virtuelle Entwickler","publisher":{"@id":"https:\/\/kainoo.ch\/#organization"},"alternateName":"KA\u00cfNOO","potentialAction":[{"@type":"SearchAction","target":{"@type":"EntryPoint","urlTemplate":"https:\/\/kainoo.ch\/?s={search_term_string}"},"query-input":{"@type":"PropertyValueSpecification","valueRequired":true,"valueName":"search_term_string"}}],"inLanguage":"de"},{"@type":"Organization","@id":"https:\/\/kainoo.ch\/#organization","name":"Ka\u00efnoo","url":"https:\/\/kainoo.ch\/","logo":{"@type":"ImageObject","inLanguage":"de","@id":"https:\/\/kainoo.ch\/#\/schema\/logo\/image\/","url":"https:\/\/kainoo.ch\/wp-content\/uploads\/2021\/10\/logo-Kainoo.png","contentUrl":"https:\/\/kainoo.ch\/wp-content\/uploads\/2021\/10\/logo-Kainoo.png","width":277,"height":40,"caption":"Ka\u00efnoo"},"image":{"@id":"https:\/\/kainoo.ch\/#\/schema\/logo\/image\/"},"sameAs":["https:\/\/www.facebook.com\/kainoo3D","https:\/\/x.com\/kainoo_ch","https:\/\/www.linkedin.com\/company\/5173815\/"]}]}},"_links":{"self":[{"href":"https:\/\/kainoo.ch\/de\/wp-json\/wp\/v2\/pages\/7783","targetHints":{"allow":["GET"]}}],"collection":[{"href":"https:\/\/kainoo.ch\/de\/wp-json\/wp\/v2\/pages"}],"about":[{"href":"https:\/\/kainoo.ch\/de\/wp-json\/wp\/v2\/types\/page"}],"author":[{"embeddable":true,"href":"https:\/\/kainoo.ch\/de\/wp-json\/wp\/v2\/users\/1"}],"replies":[{"embeddable":true,"href":"https:\/\/kainoo.ch\/de\/wp-json\/wp\/v2\/comments?post=7783"}],"version-history":[{"count":9,"href":"https:\/\/kainoo.ch\/de\/wp-json\/wp\/v2\/pages\/7783\/revisions"}],"predecessor-version":[{"id":9420,"href":"https:\/\/kainoo.ch\/de\/wp-json\/wp\/v2\/pages\/7783\/revisions\/9420"}],"up":[{"embeddable":true,"href":"https:\/\/kainoo.ch\/de\/wp-json\/wp\/v2\/pages\/7731"}],"wp:attachment":[{"href":"https:\/\/kainoo.ch\/de\/wp-json\/wp\/v2\/media?parent=7783"}],"curies":[{"name":"wp","href":"https:\/\/api.w.org\/{rel}","templated":true}]}}