{"id":7774,"date":"2021-12-15T10:44:01","date_gmt":"2021-12-15T09:44:01","guid":{"rendered":"https:\/\/kainoo.ch\/ihr-job\/marketing\/"},"modified":"2022-04-27T08:18:53","modified_gmt":"2022-04-27T08:18:53","slug":"marketing","status":"publish","type":"page","link":"https:\/\/kainoo.ch\/de\/ihr-beruf\/marketing\/","title":{"rendered":"Marketing"},"content":{"rendered":"<p>[et_pb_section fb_built=&#8220;1&#8243; _builder_version=&#8220;4.12.1&#8243; _module_preset=&#8220;default&#8220; background_image=&#8220;https:\/\/kainoo.ch\/wp-content\/uploads\/2021\/11\/header-formation2.jpg&#8220; min_height=&#8220;100vh&#8220; custom_margin=&#8220;0px||0px||false|false&#8220; custom_padding=&#8220;0px||0px||false|false&#8220; global_colors_info=&#8220;{}&#8220;][et_pb_row column_structure=&#8220;2_5,3_5&#8243; use_custom_gutter=&#8220;on&#8220; gutter_width=&#8220;1&#8243; _builder_version=&#8220;4.12.1&#8243; _module_preset=&#8220;default&#8220; width=&#8220;100%&#8220; max_width=&#8220;100%&#8220; custom_margin=&#8220;||||false|false&#8220; custom_margin_last_edited=&#8220;off|desktop&#8220; custom_padding=&#8220;1px||0px||false|false&#8220; global_colors_info=&#8220;{}&#8220; custom_margin__hover_enabled=&#8220;on|desktop&#8220; custom_margin__hover=&#8220;||||false|false&#8220;][et_pb_column type=&#8220;2_5&#8243; _builder_version=&#8220;4.12.1&#8243; _module_preset=&#8220;default&#8220; background_color=&#8220;rgba(5,16,20,0.9)&#8220; custom_padding=&#8220;50px|50px|50px|50px|true|true&#8220; custom_css_main_element=&#8220;min-height: 100vh;||padding-left: 3rem;||padding-right: 3rem;||display: flex;||justify-content: center;||flex-direction: column;||align-items: flex-start;&#8220; global_colors_info=&#8220;{}&#8220;][et_pb_code _builder_version=&#8220;4.12.1&#8243; _module_preset=&#8220;default&#8220; custom_margin=&#8220;80px||||false|false&#8220; custom_css_main_element=&#8220;font-size: 1.5rem;||color: white;&#8220; global_colors_info=&#8220;{}&#8220;]<i style=\"color:#0a9dc8\" class=\"fa fa-eur\" aria-hidden=\"true\"><\/i> <span>Marketing<\/span>[\/et_pb_code][et_pb_text admin_label=&#8220;Texte&#8220; _builder_version=&#8220;4.12.1&#8243; _module_preset=&#8220;b8706875-c3bd-4afe-8672-fedc097f852c&#8220; header_font=&#8220;Poppins|700|||||||&#8220; header_text_color=&#8220;#FFFFFF&#8220; header_font_size=&#8220;40px&#8220; header_letter_spacing=&#8220;0.12em&#8220; custom_margin=&#8220;20px||20px||true|false&#8220; header_text_align_tablet=&#8220;&#8220; header_text_align_phone=&#8220;left&#8220; header_text_align_last_edited=&#8220;on|desktop&#8220; header_font_size_tablet=&#8220;35px&#8220; header_font_size_phone=&#8220;25px&#8220; header_font_size_last_edited=&#8220;on|phone&#8220; custom_css_main_element=&#8220;||&#8220; global_module=&#8220;1745&#8243; saved_tabs=&#8220;all&#8220; global_colors_info=&#8220;{}&#8220;]<\/p>\n<h1 class=\"widget-title\">Virtual und Augmented Reality &#8211; ein echter Boost f\u00fcr Ihr Marketing<\/h1>\n<div class=\"textwidget\"><\/div>\n<p>[\/et_pb_text][et_pb_text _builder_version=&#8220;4.12.1&#8243; _module_preset=&#8220;default&#8220; text_font=&#8220;Lato|300|||||||&#8220; text_text_color=&#8220;#FFFFFF&#8220; text_font_size=&#8220;20px&#8220; text_line_height=&#8220;1.6em&#8220; header_font=&#8220;|700||on|||||&#8220; header_font_size=&#8220;46px&#8220; text_orientation=&#8220;center&#8220; custom_margin=&#8220;||50px||false|false&#8220; custom_padding=&#8220;||0px|||&#8220; text_font_size_tablet=&#8220;20px&#8220; text_font_size_phone=&#8220;16px&#8220; text_font_size_last_edited=&#8220;on|tablet&#8220; global_module=&#8220;1747&#8243; saved_tabs=&#8220;all&#8220; locked=&#8220;off&#8220; global_colors_info=&#8220;{}&#8220;]<\/p>\n<p style=\"text-align: left;\">Virtual Reality wird immer popul\u00e4rer und wird <strong>ein echtes Marketinginstrument des 21. Jahrhunderts.<\/strong> Falls Sie also eine dynamische und innovative Marke sind, wird sich diese Technologie perfekt in Ihre Marketingaktionspl\u00e4ne einf\u00fcgen und es Ihnen erm\u00f6glichen, sich selbst von den aggressivsten <strong>Konkurrenten zu differenzieren<\/strong>.<\/p>\n<p>[\/et_pb_text][\/et_pb_column][et_pb_column type=&#8220;3_5&#8243; _builder_version=&#8220;4.12.1&#8243; _module_preset=&#8220;default&#8220; global_colors_info=&#8220;{}&#8220;][\/et_pb_column][\/et_pb_row][\/et_pb_section][et_pb_section fb_built=&#8220;1&#8243; module_id=&#8220;Berufsstand&#8220; module_class=&#8220;small-cards-section&#8220; _builder_version=&#8220;4.12.1&#8243; _module_preset=&#8220;default&#8220; background_enable_color=&#8220;off&#8220; background_image=&#8220;https:\/\/kainoo.ch\/wp-content\/uploads\/2021\/10\/bg-creations-virtuelles.jpg&#8220; background_size=&#8220;contain&#8220; global_colors_info=&#8220;{}&#8220;][et_pb_row _builder_version=&#8220;4.12.1&#8243; _module_preset=&#8220;default&#8220; global_colors_info=&#8220;{}&#8220;][et_pb_column type=&#8220;4_4&#8243; _builder_version=&#8220;4.12.1&#8243; _module_preset=&#8220;default&#8220; global_colors_info=&#8220;{}&#8220;][et_pb_text _builder_version=&#8220;4.12.1&#8243; _module_preset=&#8220;_initial&#8220; header_2_font=&#8220;Arial|500||on|||||&#8220; header_2_font_size=&#8220;25px&#8220; header_2_letter_spacing=&#8220;0.12em&#8220; custom_margin=&#8220;||0px|||&#8220; header_2_font_size_tablet=&#8220;30px&#8220; header_2_font_size_phone=&#8220;&#8220; header_2_font_size_last_edited=&#8220;on|phone&#8220; global_colors_info=&#8220;{}&#8220;]<\/p>\n<h2 style=\"text-align: center;\">Unsere L\u00f6sungen<\/h2>\n<p>[\/et_pb_text][et_pb_code _builder_version=&#8220;4.12.1&#8243; _module_preset=&#8220;default&#8220; module_alignment=&#8220;center&#8220; custom_margin=&#8220;||||false|false&#8220; custom_css_main_element=&#8220;content: %22 %22;||\tdisplay:block;||\twidth:100px;||\theight:4px;||\tbackground-color:#099dc8;||\tborder-radius:10px;||margin: auto;&#8220; global_colors_info=&#8220;{}&#8220;]<\/p>\n<div><!-- [et_pb_line_break_holder] -->  <!-- [et_pb_line_break_holder] --><\/div>\n<p>[\/et_pb_code][\/et_pb_column][\/et_pb_row][et_pb_row column_structure=&#8220;1_3,1_3,1_3&#8243; module_class=&#8220;section-card&#8220; _builder_version=&#8220;4.12.1&#8243; _module_preset=&#8220;default&#8220; module_alignment=&#8220;center&#8220; global_colors_info=&#8220;{}&#8220;][et_pb_column type=&#8220;1_3&#8243; module_class=&#8220;card-item&#8220; _builder_version=&#8220;4.12.1&#8243; _module_preset=&#8220;default&#8220; box_shadow_style=&#8220;preset1&#8243; box_shadow_vertical=&#8220;0px&#8220; box_shadow_blur=&#8220;30px&#8220; global_colors_info=&#8220;{}&#8220;][et_pb_code module_class=&#8220;cards-item&#8220; _builder_version=&#8220;4.12.1&#8243; _module_preset=&#8220;default&#8220; hover_enabled=&#8220;0&#8243; global_colors_info=&#8220;{}&#8220; sticky_enabled=&#8220;0&#8243;]<img decoding=\"async\" alt=\"kainoo\" src=\"https:\/\/kainoo.ch\/wp-content\/uploads\/2021\/12\/jeuxvide%CC%81o-version1-v2-1024x683-1.png\"><!-- [et_pb_line_break_holder] --><\/p>\n<div class=\"item-text\"><!-- [et_pb_line_break_holder] -->  <\/p>\n<h3>Virtuelles Spiel im Rahmen Ihrer Marke<\/h3>\n<p><!-- [et_pb_line_break_holder] -->  <pee>Integrieren Sie ein Video-Game in Ihre Marketingstrategie.<\/pee><!-- [et_pb_line_break_holder] --><\/div>\n<p><!-- [et_pb_line_break_holder] --><\/p>\n<div class=\"btn-bottom et_pb_button_module_wrapper et_pb_button_0_wrapper et_pb_button_alignment_center et_pb_module \"><!-- [et_pb_line_break_holder] -->\t\t\t\t<a id=\"btn-normal\" class=\"et_pb_button et_pb_button_0 btn-normal et_pb_bg_layout_light\" href=\"https:\/\/kainoo.ch\/de\/ihr-beruf\/marketing\/virtuelles-spiel-im-rahmen-ihrer-marke\/\">Mehr erfahren<\/a><!-- [et_pb_line_break_holder] -->\t\t\t<\/div>\n<p>[\/et_pb_code][\/et_pb_column][et_pb_column type=&#8220;1_3&#8243; module_class=&#8220;card-item&#8220; _builder_version=&#8220;4.12.1&#8243; _module_preset=&#8220;default&#8220; box_shadow_style=&#8220;preset1&#8243; box_shadow_vertical=&#8220;0px&#8220; box_shadow_blur=&#8220;30px&#8220; global_colors_info=&#8220;{}&#8220;][et_pb_code module_class=&#8220;cards-item&#8220; _builder_version=&#8220;4.12.1&#8243; _module_preset=&#8220;default&#8220; global_colors_info=&#8220;{}&#8220;]<img decoding=\"async\" alt=\"kainoo\" src=\"https:\/\/kainoo.ch\/wp-content\/uploads\/2021\/12\/IMG_0593.vert_-1024x683-1.png\"><!-- [et_pb_line_break_holder] --><\/p>\n<div class=\"item-text\"><!-- [et_pb_line_break_holder] -->  <\/p>\n<h3>3D-Objekte RV\/RA Ready<\/h3>\n<p><!-- [et_pb_line_break_holder] -->  <pee>Erweitern Sie ihre Marke in der virtuellen Welt, um Ihren Markenwert zu erh\u00f6hen.<!-- [et_pb_line_break_holder] -->  <\/pee><!-- [et_pb_line_break_holder] --><\/div>\n<p><!-- [et_pb_line_break_holder] --><\/p>\n<div class=\"btn-bottom et_pb_button_module_wrapper et_pb_button_0_wrapper et_pb_button_alignment_center et_pb_module \"><!-- [et_pb_line_break_holder] -->\t\t\t\t<a id=\"btn-normal\" class=\"et_pb_button et_pb_button_0 btn-normal et_pb_bg_layout_light\" href=\"https:\/\/kainoo.ch\/de\/ihr-beruf\/marketing\/3d-objekte-rv-ra-ready\/\">Mehr erfahren<\/a><!-- [et_pb_line_break_holder] -->\t\t\t<\/div>\n<p>[\/et_pb_code][\/et_pb_column][et_pb_column type=&#8220;1_3&#8243; module_class=&#8220;card-item&#8220; _builder_version=&#8220;4.12.1&#8243; _module_preset=&#8220;default&#8220; custom_padding=&#8220;0px||0px||false|false&#8220; box_shadow_style=&#8220;preset1&#8243; box_shadow_vertical=&#8220;0px&#8220; box_shadow_blur=&#8220;30px&#8220; global_colors_info=&#8220;{}&#8220;][et_pb_code module_class=&#8220;cards-item&#8220; _builder_version=&#8220;4.12.1&#8243; _module_preset=&#8220;default&#8220; global_colors_info=&#8220;{}&#8220;]<img decoding=\"async\" alt=\"kainoo\" src=\"https:\/\/kainoo.ch\/wp-content\/uploads\/2021\/12\/femmecasque.png\"><!-- [et_pb_line_break_holder] --><\/p>\n<div class=\"item-text\"><!-- [et_pb_line_break_holder] -->  <\/p>\n<h3>Immersive 3D-Event<\/h3>\n<p><!-- [et_pb_line_break_holder] -->  <pee>Erzeugen Sie mit einer immersiven Veranstaltung Buzz und steigern Sie somit Ihre Sichtbarkeit und Bekanntheit.<\/pee><!-- [et_pb_line_break_holder] --><\/div>\n<p><!-- [et_pb_line_break_holder] --><\/p>\n<div class=\"btn-bottom et_pb_button_module_wrapper et_pb_button_0_wrapper et_pb_button_alignment_center et_pb_module \"><!-- [et_pb_line_break_holder] -->\t\t\t\t<a id=\"btn-normal\" class=\"et_pb_button et_pb_button_0 btn-normal et_pb_bg_layout_light\" href=\"https:\/\/kainoo.ch\/de\/ihr-beruf\/marketing\/immersive-3d-event\/\">Mehr erfahren<\/a><!-- [et_pb_line_break_holder] -->\t\t\t<\/div>\n<p>[\/et_pb_code][\/et_pb_column][\/et_pb_row][\/et_pb_section][et_pb_section fb_built=&#8220;1&#8243; module_class=&#8220;black-box&#8220; _builder_version=&#8220;4.12.1&#8243; _module_preset=&#8220;default&#8220; background_color=&#8220;rgba(5,16,20,0.9)&#8220; min_height=&#8220;75vh&#8220; custom_css_main_element=&#8220;display: flex;&#8220; global_colors_info=&#8220;{}&#8220;][et_pb_row _builder_version=&#8220;4.11.3&#8243; _module_preset=&#8220;default&#8220; width=&#8220;90%&#8220; custom_padding=&#8220;0px|0px|0px|0px|false|false&#8220; global_colors_info=&#8220;{}&#8220;][et_pb_column type=&#8220;4_4&#8243; _builder_version=&#8220;4.11.3&#8243; _module_preset=&#8220;default&#8220; global_colors_info=&#8220;{}&#8220;][et_pb_signup mailchimp_list=&#8220;marketkai|48d8ae2a16&#8243; layout=&#8220;top_bottom&#8220; first_name_field=&#8220;off&#8220; last_name_field=&#8220;off&#8220; success_message=&#8220;Sie haben sich erfolgreich f\u00fcr den Ka\u00efnoo-Newsletter angemeldet! &#8220; title=&#8220;Melden Sie sich f\u00fcr den Marketing-Newsletter an.&#8220; button_text=&#8220;Ich registriere mich !&#8220; description=&#8220;<\/p>\n<p><span>um \u00fcber News aus dem Marketingbereich informiert zu werden.<\/span><\/p>\n<p>&#8220; module_class=&#8220;news-form&#8220; _builder_version=&#8220;4.12.1&#8243; _module_preset=&#8220;default&#8220; header_font=&#8220;Arial|||on|||||&#8220; header_font_size=&#8220;25px&#8220; header_letter_spacing=&#8220;0.2em&#8220; body_font=&#8220;Lincoln light||||||||&#8220; body_font_size=&#8220;20px&#8220; result_message_text_align=&#8220;left&#8220; result_message_font_size=&#8220;24px&#8220; background_enable_color=&#8220;off&#8220; custom_button=&#8220;on&#8220; button_use_icon=&#8220;off&#8220; button_custom_margin=&#8220;||||false|false&#8220; button_custom_padding=&#8220;10px||10px||false|false&#8220; custom_css_newsletter_fields=&#8220;||&#8220; custom_css_newsletter_button=&#8220;width: 200px;||display: flex;||justify-content: center;||&#8220; border_radii_fields=&#8220;off|0px|0px|0px|0px&#8220; global_colors_info=&#8220;{}&#8220;][\/et_pb_signup][\/et_pb_column][\/et_pb_row][\/et_pb_section][et_pb_section fb_built=&#8220;1&#8243; _builder_version=&#8220;4.12.1&#8243; _module_preset=&#8220;default&#8220; background_image=&#8220;https:\/\/kainoo.ch\/wp-content\/uploads\/2021\/10\/bg-3D-bottom.jpg&#8220; background_size=&#8220;initial&#8220; background_position=&#8220;bottom_right&#8220; min_height=&#8220;60vh&#8220; custom_css_main_element=&#8220;display: flex;&#8220; global_module=&#8220;2228&#8243; global_colors_info=&#8220;{}&#8220;][et_pb_row _builder_version=&#8220;4.11.3&#8243; _module_preset=&#8220;default&#8220; global_colors_info=&#8220;{}&#8220;][et_pb_column type=&#8220;4_4&#8243; _builder_version=&#8220;4.11.3&#8243; _module_preset=&#8220;default&#8220; global_colors_info=&#8220;{}&#8220;][et_pb_text _builder_version=&#8220;4.12.1&#8243; _module_preset=&#8220;default&#8220; text_font=&#8220;Arial||||||||&#8220; text_font_size=&#8220;15px&#8220; global_colors_info=&#8220;{}&#8220;]<\/p>\n<h3 style=\"text-align: center;\">&#8222;Die einzige Quelle von Wissen,<br \/>ist Erfahrung.&#8220;<\/h3>\n<p style=\"text-align: center;\">Albert Einstein<\/p>\n<p>&nbsp;<\/p>\n<p>[\/et_pb_text][\/et_pb_column][\/et_pb_row][\/et_pb_section]<\/p>\n","protected":false},"excerpt":{"rendered":"<p>Virtual und Augmented Reality &#8211; ein echter Boost f\u00fcr Ihr Marketing Virtual Reality wird immer popul\u00e4rer und wird ein echtes Marketinginstrument des 21. Jahrhunderts. Falls Sie also eine dynamische und innovative Marke sind, wird sich diese Technologie perfekt in Ihre Marketingaktionspl\u00e4ne einf\u00fcgen und es Ihnen erm\u00f6glichen, sich selbst von den aggressivsten Konkurrenten zu differenzieren.Unsere L\u00f6sungen&#8220;Die [&hellip;]<\/p>\n","protected":false},"author":1,"featured_media":0,"parent":7731,"menu_order":0,"comment_status":"closed","ping_status":"closed","template":"","meta":{"_et_pb_use_builder":"on","_et_pb_old_content":"","_et_gb_content_width":"","inline_featured_image":false,"footnotes":""},"class_list":["post-7774","page","type-page","status-publish","hentry"],"yoast_head":"<!-- This site is optimized with the Yoast SEO plugin v27.4 - https:\/\/yoast.com\/product\/yoast-seo-wordpress\/ -->\n<title>Marketing - Ka\u00efnoo<\/title>\n<meta name=\"robots\" content=\"index, follow, max-snippet:-1, max-image-preview:large, max-video-preview:-1\" \/>\n<link rel=\"canonical\" href=\"https:\/\/kainoo.ch\/de\/ihr-beruf\/marketing\/\" \/>\n<meta property=\"og:locale\" content=\"de_DE\" \/>\n<meta property=\"og:type\" content=\"article\" \/>\n<meta property=\"og:title\" content=\"Marketing - Ka\u00efnoo\" \/>\n<meta property=\"og:url\" content=\"https:\/\/kainoo.ch\/de\/ihr-beruf\/marketing\/\" \/>\n<meta property=\"og:site_name\" content=\"Ka\u00efnoo\" \/>\n<meta property=\"article:publisher\" content=\"https:\/\/www.facebook.com\/kainoo3D\" \/>\n<meta property=\"article:modified_time\" content=\"2022-04-27T08:18:53+00:00\" \/>\n<meta property=\"og:image\" content=\"https:\/\/kainoo.ch\/wp-content\/uploads\/2021\/12\/jeuxvide%CC%81o-version1-v2-1024x683-1.png\" \/>\n<meta name=\"twitter:card\" content=\"summary_large_image\" \/>\n<meta name=\"twitter:site\" content=\"@kainoo_ch\" \/>\n<meta name=\"twitter:label1\" content=\"Gesch\u00e4tzte Lesezeit\" \/>\n\t<meta name=\"twitter:data1\" content=\"5\u00a0Minuten\" \/>\n<script type=\"application\/ld+json\" class=\"yoast-schema-graph\">{\"@context\":\"https:\\\/\\\/schema.org\",\"@graph\":[{\"@type\":\"WebPage\",\"@id\":\"https:\\\/\\\/kainoo.ch\\\/de\\\/ihr-beruf\\\/marketing\\\/\",\"url\":\"https:\\\/\\\/kainoo.ch\\\/de\\\/ihr-beruf\\\/marketing\\\/\",\"name\":\"Marketing - Ka\u00efnoo\",\"isPartOf\":{\"@id\":\"https:\\\/\\\/kainoo.ch\\\/#website\"},\"primaryImageOfPage\":{\"@id\":\"https:\\\/\\\/kainoo.ch\\\/de\\\/ihr-beruf\\\/marketing\\\/#primaryimage\"},\"image\":{\"@id\":\"https:\\\/\\\/kainoo.ch\\\/de\\\/ihr-beruf\\\/marketing\\\/#primaryimage\"},\"thumbnailUrl\":\"https:\\\/\\\/kainoo.ch\\\/wp-content\\\/uploads\\\/2021\\\/12\\\/jeuxvide%CC%81o-version1-v2-1024x683-1.png\",\"datePublished\":\"2021-12-15T09:44:01+00:00\",\"dateModified\":\"2022-04-27T08:18:53+00:00\",\"breadcrumb\":{\"@id\":\"https:\\\/\\\/kainoo.ch\\\/de\\\/ihr-beruf\\\/marketing\\\/#breadcrumb\"},\"inLanguage\":\"de\",\"potentialAction\":[{\"@type\":\"ReadAction\",\"target\":[\"https:\\\/\\\/kainoo.ch\\\/de\\\/ihr-beruf\\\/marketing\\\/\"]}]},{\"@type\":\"ImageObject\",\"inLanguage\":\"de\",\"@id\":\"https:\\\/\\\/kainoo.ch\\\/de\\\/ihr-beruf\\\/marketing\\\/#primaryimage\",\"url\":\"https:\\\/\\\/kainoo.ch\\\/wp-content\\\/uploads\\\/2021\\\/12\\\/jeuxvide%CC%81o-version1-v2-1024x683-1.png\",\"contentUrl\":\"https:\\\/\\\/kainoo.ch\\\/wp-content\\\/uploads\\\/2021\\\/12\\\/jeuxvide%CC%81o-version1-v2-1024x683-1.png\"},{\"@type\":\"BreadcrumbList\",\"@id\":\"https:\\\/\\\/kainoo.ch\\\/de\\\/ihr-beruf\\\/marketing\\\/#breadcrumb\",\"itemListElement\":[{\"@type\":\"ListItem\",\"position\":1,\"name\":\"Accueil\",\"item\":\"https:\\\/\\\/kainoo.ch\\\/de\\\/home\\\/\"},{\"@type\":\"ListItem\",\"position\":2,\"name\":\"Ihr Beruf\",\"item\":\"https:\\\/\\\/kainoo.ch\\\/de\\\/ihr-beruf\\\/\"},{\"@type\":\"ListItem\",\"position\":3,\"name\":\"Marketing\"}]},{\"@type\":\"WebSite\",\"@id\":\"https:\\\/\\\/kainoo.ch\\\/#website\",\"url\":\"https:\\\/\\\/kainoo.ch\\\/\",\"name\":\"KA\u00cfNOO S\u00e0rl\",\"description\":\"3D-Ingenieure und virtuelle Entwickler\",\"publisher\":{\"@id\":\"https:\\\/\\\/kainoo.ch\\\/#organization\"},\"alternateName\":\"KA\u00cfNOO\",\"potentialAction\":[{\"@type\":\"SearchAction\",\"target\":{\"@type\":\"EntryPoint\",\"urlTemplate\":\"https:\\\/\\\/kainoo.ch\\\/?s={search_term_string}\"},\"query-input\":{\"@type\":\"PropertyValueSpecification\",\"valueRequired\":true,\"valueName\":\"search_term_string\"}}],\"inLanguage\":\"de\"},{\"@type\":\"Organization\",\"@id\":\"https:\\\/\\\/kainoo.ch\\\/#organization\",\"name\":\"Ka\u00efnoo\",\"url\":\"https:\\\/\\\/kainoo.ch\\\/\",\"logo\":{\"@type\":\"ImageObject\",\"inLanguage\":\"de\",\"@id\":\"https:\\\/\\\/kainoo.ch\\\/#\\\/schema\\\/logo\\\/image\\\/\",\"url\":\"https:\\\/\\\/kainoo.ch\\\/wp-content\\\/uploads\\\/2021\\\/10\\\/logo-Kainoo.png\",\"contentUrl\":\"https:\\\/\\\/kainoo.ch\\\/wp-content\\\/uploads\\\/2021\\\/10\\\/logo-Kainoo.png\",\"width\":277,\"height\":40,\"caption\":\"Ka\u00efnoo\"},\"image\":{\"@id\":\"https:\\\/\\\/kainoo.ch\\\/#\\\/schema\\\/logo\\\/image\\\/\"},\"sameAs\":[\"https:\\\/\\\/www.facebook.com\\\/kainoo3D\",\"https:\\\/\\\/x.com\\\/kainoo_ch\",\"https:\\\/\\\/www.linkedin.com\\\/company\\\/5173815\\\/\"]}]}<\/script>\n<!-- \/ Yoast SEO plugin. -->","yoast_head_json":{"title":"Marketing - Ka\u00efnoo","robots":{"index":"index","follow":"follow","max-snippet":"max-snippet:-1","max-image-preview":"max-image-preview:large","max-video-preview":"max-video-preview:-1"},"canonical":"https:\/\/kainoo.ch\/de\/ihr-beruf\/marketing\/","og_locale":"de_DE","og_type":"article","og_title":"Marketing - Ka\u00efnoo","og_url":"https:\/\/kainoo.ch\/de\/ihr-beruf\/marketing\/","og_site_name":"Ka\u00efnoo","article_publisher":"https:\/\/www.facebook.com\/kainoo3D","article_modified_time":"2022-04-27T08:18:53+00:00","og_image":[{"url":"https:\/\/kainoo.ch\/wp-content\/uploads\/2021\/12\/jeuxvide%CC%81o-version1-v2-1024x683-1.png","type":"","width":"","height":""}],"twitter_card":"summary_large_image","twitter_site":"@kainoo_ch","twitter_misc":{"Gesch\u00e4tzte Lesezeit":"5\u00a0Minuten"},"schema":{"@context":"https:\/\/schema.org","@graph":[{"@type":"WebPage","@id":"https:\/\/kainoo.ch\/de\/ihr-beruf\/marketing\/","url":"https:\/\/kainoo.ch\/de\/ihr-beruf\/marketing\/","name":"Marketing - Ka\u00efnoo","isPartOf":{"@id":"https:\/\/kainoo.ch\/#website"},"primaryImageOfPage":{"@id":"https:\/\/kainoo.ch\/de\/ihr-beruf\/marketing\/#primaryimage"},"image":{"@id":"https:\/\/kainoo.ch\/de\/ihr-beruf\/marketing\/#primaryimage"},"thumbnailUrl":"https:\/\/kainoo.ch\/wp-content\/uploads\/2021\/12\/jeuxvide%CC%81o-version1-v2-1024x683-1.png","datePublished":"2021-12-15T09:44:01+00:00","dateModified":"2022-04-27T08:18:53+00:00","breadcrumb":{"@id":"https:\/\/kainoo.ch\/de\/ihr-beruf\/marketing\/#breadcrumb"},"inLanguage":"de","potentialAction":[{"@type":"ReadAction","target":["https:\/\/kainoo.ch\/de\/ihr-beruf\/marketing\/"]}]},{"@type":"ImageObject","inLanguage":"de","@id":"https:\/\/kainoo.ch\/de\/ihr-beruf\/marketing\/#primaryimage","url":"https:\/\/kainoo.ch\/wp-content\/uploads\/2021\/12\/jeuxvide%CC%81o-version1-v2-1024x683-1.png","contentUrl":"https:\/\/kainoo.ch\/wp-content\/uploads\/2021\/12\/jeuxvide%CC%81o-version1-v2-1024x683-1.png"},{"@type":"BreadcrumbList","@id":"https:\/\/kainoo.ch\/de\/ihr-beruf\/marketing\/#breadcrumb","itemListElement":[{"@type":"ListItem","position":1,"name":"Accueil","item":"https:\/\/kainoo.ch\/de\/home\/"},{"@type":"ListItem","position":2,"name":"Ihr Beruf","item":"https:\/\/kainoo.ch\/de\/ihr-beruf\/"},{"@type":"ListItem","position":3,"name":"Marketing"}]},{"@type":"WebSite","@id":"https:\/\/kainoo.ch\/#website","url":"https:\/\/kainoo.ch\/","name":"KA\u00cfNOO S\u00e0rl","description":"3D-Ingenieure und virtuelle Entwickler","publisher":{"@id":"https:\/\/kainoo.ch\/#organization"},"alternateName":"KA\u00cfNOO","potentialAction":[{"@type":"SearchAction","target":{"@type":"EntryPoint","urlTemplate":"https:\/\/kainoo.ch\/?s={search_term_string}"},"query-input":{"@type":"PropertyValueSpecification","valueRequired":true,"valueName":"search_term_string"}}],"inLanguage":"de"},{"@type":"Organization","@id":"https:\/\/kainoo.ch\/#organization","name":"Ka\u00efnoo","url":"https:\/\/kainoo.ch\/","logo":{"@type":"ImageObject","inLanguage":"de","@id":"https:\/\/kainoo.ch\/#\/schema\/logo\/image\/","url":"https:\/\/kainoo.ch\/wp-content\/uploads\/2021\/10\/logo-Kainoo.png","contentUrl":"https:\/\/kainoo.ch\/wp-content\/uploads\/2021\/10\/logo-Kainoo.png","width":277,"height":40,"caption":"Ka\u00efnoo"},"image":{"@id":"https:\/\/kainoo.ch\/#\/schema\/logo\/image\/"},"sameAs":["https:\/\/www.facebook.com\/kainoo3D","https:\/\/x.com\/kainoo_ch","https:\/\/www.linkedin.com\/company\/5173815\/"]}]}},"_links":{"self":[{"href":"https:\/\/kainoo.ch\/de\/wp-json\/wp\/v2\/pages\/7774","targetHints":{"allow":["GET"]}}],"collection":[{"href":"https:\/\/kainoo.ch\/de\/wp-json\/wp\/v2\/pages"}],"about":[{"href":"https:\/\/kainoo.ch\/de\/wp-json\/wp\/v2\/types\/page"}],"author":[{"embeddable":true,"href":"https:\/\/kainoo.ch\/de\/wp-json\/wp\/v2\/users\/1"}],"replies":[{"embeddable":true,"href":"https:\/\/kainoo.ch\/de\/wp-json\/wp\/v2\/comments?post=7774"}],"version-history":[{"count":7,"href":"https:\/\/kainoo.ch\/de\/wp-json\/wp\/v2\/pages\/7774\/revisions"}],"predecessor-version":[{"id":8195,"href":"https:\/\/kainoo.ch\/de\/wp-json\/wp\/v2\/pages\/7774\/revisions\/8195"}],"up":[{"embeddable":true,"href":"https:\/\/kainoo.ch\/de\/wp-json\/wp\/v2\/pages\/7731"}],"wp:attachment":[{"href":"https:\/\/kainoo.ch\/de\/wp-json\/wp\/v2\/media?parent=7774"}],"curies":[{"name":"wp","href":"https:\/\/api.w.org\/{rel}","templated":true}]}}