{"id":7731,"date":"2021-12-14T23:43:49","date_gmt":"2021-12-14T22:43:49","guid":{"rendered":"https:\/\/kainoo.ch\/ihr-job\/"},"modified":"2022-04-26T15:26:51","modified_gmt":"2022-04-26T15:26:51","slug":"ihr-beruf","status":"publish","type":"page","link":"https:\/\/kainoo.ch\/de\/ihr-beruf\/","title":{"rendered":"Ihr Beruf"},"content":{"rendered":"<p>[et_pb_section fb_built=&#8220;1&#8243; module_id=&#8220;Berufsstand&#8220; _builder_version=&#8220;4.12.1&#8243; _module_preset=&#8220;default&#8220; background_enable_color=&#8220;off&#8220; background_image=&#8220;https:\/\/kainoo.ch\/wp-content\/uploads\/2021\/10\/bg-creations-virtuelles.jpg&#8220; background_size=&#8220;contain&#8220; custom_margin=&#8220;80px||||false|false&#8220; global_colors_info=&#8220;{}&#8220;][et_pb_row column_structure=&#8220;1_3,1_3,1_3&#8243; _builder_version=&#8220;4.12.1&#8243; _module_preset=&#8220;default&#8220; hover_enabled=&#8220;0&#8243; custom_css_main_element=&#8220;display: flex;||flex-wrap: wrap;||justify-content: center;||align-items: center;&#8220; global_colors_info=&#8220;{}&#8220; sticky_enabled=&#8220;0&#8243;][et_pb_column type=&#8220;1_3&#8243; _builder_version=&#8220;4.12.1&#8243; _module_preset=&#8220;default&#8220; background_color=&#8220;rgba(29,39,43,0.83)&#8220; custom_padding=&#8220;128px|20px|128px|20px|true|true&#8220; hover_enabled=&#8220;0&#8243; custom_css_main_element=&#8220;max-width: 350px;||max-height: 305px;&#8220; global_colors_info=&#8220;{}&#8220; sticky_enabled=&#8220;0&#8243;][et_pb_text _builder_version=&#8220;4.12.1&#8243; _module_preset=&#8220;_initial&#8220; header_2_font=&#8220;Arial|500||on|||||&#8220; header_2_text_color=&#8220;#FFFFFF&#8220; header_2_font_size=&#8220;25px&#8220; header_2_letter_spacing=&#8220;0.12em&#8220; header_3_font=&#8220;Arial|||on|||||&#8220; header_3_font_size=&#8220;20px&#8220; header_3_letter_spacing=&#8220;0.2em&#8220; custom_margin=&#8220;||0px|||&#8220; custom_padding=&#8220;0px||||false|false&#8220; hover_enabled=&#8220;0&#8243; header_2_font_size_tablet=&#8220;30px&#8220; header_2_font_size_phone=&#8220;&#8220; header_2_font_size_last_edited=&#8220;on|phone&#8220; global_module=&#8220;1805&#8243; saved_tabs=&#8220;all&#8220; global_colors_info=&#8220;{}&#8220; sticky_enabled=&#8220;0&#8243;]<\/p>\n<h2 style=\"text-align: center;\">W\u00e4hlen Sie Ihren Beruf !<\/h2>\n<p>[\/et_pb_text][et_pb_code _builder_version=&#8220;4.12.1&#8243; _module_preset=&#8220;default&#8220; module_alignment=&#8220;center&#8220; custom_margin=&#8220;||||false|false&#8220; custom_css_main_element=&#8220;content: %22 %22;||\tdisplay:block;||\twidth:100px;||\theight:4px;||\tbackground-color:#099dc8;||\tborder-radius:10px;||margin: auto;&#8220; global_module=&#8220;1802&#8243; saved_tabs=&#8220;all&#8220; global_colors_info=&#8220;{}&#8220;]<\/p>\n<div><!-- [et_pb_line_break_holder] -->  <!-- [et_pb_line_break_holder] --><\/div>\n<p>[\/et_pb_code][\/et_pb_column][et_pb_column type=&#8220;1_3&#8243; _builder_version=&#8220;4.12.1&#8243; _module_preset=&#8220;default&#8220; custom_css_main_element=&#8220;max-width: 350px;&#8220; global_colors_info=&#8220;{}&#8220;][et_pb_image src=&#8220;https:\/\/kainoo.ch\/wp-content\/uploads\/2021\/11\/solution-realite-virtuelle-formation.png&#8220; alt=&#8220;3D- und Augmented-Reality-L\u00f6sungen f\u00fcr Ausbildungen&#8220; title_text=&#8220;l\u00f6sung-virtuelle-realit\u00e4t-ausbildung&#8220; _builder_version=&#8220;4.12.1&#8243; _module_preset=&#8220;default&#8220; background_color=&#8220;#FFFFFF&#8220; custom_margin=&#8220;||-4px|||&#8220; box_shadow_style=&#8220;preset1&#8243; box_shadow_blur=&#8220;64px&#8220; box_shadow_spread=&#8220;-23px&#8220; box_shadow_color=&#8220;rgba(0,0,0,0.28)&#8220; global_colors_info=&#8220;{}&#8220;][\/et_pb_image][et_pb_button button_url=&#8220;https:\/\/kainoo.ch\/metier\/formation\/&#8220; button_text=&#8220;Ausbildung&#8220; module_id=&#8220;btn-normal&#8220; module_class=&#8220;btn-normal&#8220; _builder_version=&#8220;4.12.1&#8243; _dynamic_attributes=&#8220;button_url&#8220; _module_preset=&#8220;default&#8220; button_icon=&#8220;%%28%%&#8220; button_icon_color=&#8220;#FFFFFF&#8220; button_on_hover=&#8220;off&#8220; custom_padding=&#8220;15px||15px||true|false&#8220; animation_style=&#8220;none&#8220; custom_css_main_element=&#8220;width: 100%;||&#8220; global_module=&#8220;1752&#8243; saved_tabs=&#8220;all&#8220; global_colors_info=&#8220;{%22gcid-8fd8cacd-89f1-40f4-95a8-471036e175d8%22:%91%22button_bg_color%22%93}&#8220; button_bg_color__hover_enabled=&#8220;off|desktop&#8220; button_bg_color__hover=&#8220;#fa482a&#8220; button_icon_color__hover_enabled=&#8220;on|desktop&#8220; button_icon_color__hover=&#8220;#e02b20&#8243; button_text_color__hover_enabled=&#8220;on|hover&#8220; button_text_color__hover=&#8220;#E02B20&#8243;][\/et_pb_button][\/et_pb_column][et_pb_column type=&#8220;1_3&#8243; _builder_version=&#8220;4.12.1&#8243; _module_preset=&#8220;default&#8220; custom_css_main_element=&#8220;max-width: 350px;&#8220; global_colors_info=&#8220;{}&#8220;][et_pb_image src=&#8220;https:\/\/kainoo.ch\/wp-content\/uploads\/2021\/11\/solution-realite-virtuelle-marketing.png&#8220; alt=&#8220;3D- und Augmented-Reality-L\u00f6sungen f\u00fcr Ausbildungen&#8220; title_text=&#8220;virtuelle-realit\u00e4tsl\u00f6sung-marketing&#8220; _builder_version=&#8220;4.12.1&#8243; _module_preset=&#8220;default&#8220; background_color=&#8220;#FFFFFF&#8220; custom_margin=&#8220;||-4px|||&#8220; box_shadow_style=&#8220;preset1&#8243; box_shadow_blur=&#8220;64px&#8220; box_shadow_spread=&#8220;-23px&#8220; box_shadow_color=&#8220;rgba(0,0,0,0.28)&#8220; global_colors_info=&#8220;{}&#8220;][\/et_pb_image][et_pb_button button_url=&#8220;https:\/\/kainoo.ch\/metier\/marketing\/&#8220; button_text=&#8220;Marketing&#8220; module_id=&#8220;btn-normal&#8220; module_class=&#8220;btn-normal&#8220; _builder_version=&#8220;4.12.1&#8243; _dynamic_attributes=&#8220;button_url&#8220; _module_preset=&#8220;default&#8220; button_icon=&#8220;%%28%%&#8220; button_icon_color=&#8220;#FFFFFF&#8220; button_on_hover=&#8220;off&#8220; custom_padding=&#8220;15px||15px||true|false&#8220; animation_style=&#8220;none&#8220; custom_css_main_element=&#8220;width: 100%;||&#8220; global_module=&#8220;1752&#8243; saved_tabs=&#8220;all&#8220; global_colors_info=&#8220;{%22gcid-8fd8cacd-89f1-40f4-95a8-471036e175d8%22:%91%22button_bg_color%22%93}&#8220; button_bg_color__hover_enabled=&#8220;off|desktop&#8220; button_bg_color__hover=&#8220;#fa482a&#8220; button_icon_color__hover_enabled=&#8220;on|desktop&#8220; button_icon_color__hover=&#8220;#e02b20&#8243; button_text_color__hover_enabled=&#8220;on|hover&#8220; button_text_color__hover=&#8220;#E02B20&#8243;][\/et_pb_button][\/et_pb_column][\/et_pb_row][et_pb_row column_structure=&#8220;1_3,1_3,1_3&#8243; _builder_version=&#8220;4.12.1&#8243; _module_preset=&#8220;default&#8220; custom_css_main_element=&#8220;display: flex;||flex-wrap: wrap;||justify-content: center;||align-items: center;&#8220; global_colors_info=&#8220;{}&#8220;][et_pb_column type=&#8220;1_3&#8243; _builder_version=&#8220;4.12.1&#8243; _module_preset=&#8220;default&#8220; custom_css_main_element=&#8220;max-width: 350px;&#8220; global_colors_info=&#8220;{}&#8220;][et_pb_image src=&#8220;https:\/\/kainoo.ch\/wp-content\/uploads\/2021\/11\/solution-realite-virtuelle-3D-pour-industrie.png&#8220; alt=&#8220;3D- und Augmented-Reality-L\u00f6sungen f\u00fcr die Industrie&#8220; title_text=&#8220;virtuelle-realit\u00e4tsl\u00f6sung-3D-f\u00fcr-die-Industrie&#8220; _builder_version=&#8220;4.12.1&#8243; _module_preset=&#8220;default&#8220; background_color=&#8220;#FFFFFF&#8220; custom_margin=&#8220;||-4px|||&#8220; box_shadow_style=&#8220;preset1&#8243; box_shadow_blur=&#8220;64px&#8220; box_shadow_spread=&#8220;-23px&#8220; box_shadow_color=&#8220;rgba(0,0,0,0.28)&#8220; global_colors_info=&#8220;{}&#8220;][\/et_pb_image][et_pb_button button_url=&#8220;https:\/\/kainoo.ch\/metier\/industrie\/&#8220; button_text=&#8220;Industrie&#8220; module_id=&#8220;btn-normal&#8220; module_class=&#8220;btn-normal&#8220; _builder_version=&#8220;4.12.1&#8243; _dynamic_attributes=&#8220;button_url&#8220; _module_preset=&#8220;default&#8220; button_icon=&#8220;%%28%%&#8220; button_icon_color=&#8220;#FFFFFF&#8220; button_on_hover=&#8220;off&#8220; custom_padding=&#8220;15px||15px||true|false&#8220; animation_style=&#8220;none&#8220; custom_css_main_element=&#8220;width: 100%;||&#8220; global_module=&#8220;1752&#8243; saved_tabs=&#8220;all&#8220; global_colors_info=&#8220;{%22gcid-8fd8cacd-89f1-40f4-95a8-471036e175d8%22:%91%22button_bg_color%22%93}&#8220; button_bg_color__hover_enabled=&#8220;off|desktop&#8220; button_bg_color__hover=&#8220;#fa482a&#8220; button_icon_color__hover_enabled=&#8220;on|desktop&#8220; button_icon_color__hover=&#8220;#e02b20&#8243; button_text_color__hover_enabled=&#8220;on|hover&#8220; button_text_color__hover=&#8220;#E02B20&#8243;][\/et_pb_button][\/et_pb_column][et_pb_column type=&#8220;1_3&#8243; _builder_version=&#8220;4.12.1&#8243; _module_preset=&#8220;default&#8220; custom_css_main_element=&#8220;max-width: 350px;&#8220; global_colors_info=&#8220;{}&#8220;][et_pb_image src=&#8220;https:\/\/kainoo.ch\/wp-content\/uploads\/2021\/11\/solution-realite-virtuelle-3D-pour-immobilier.png&#8220; alt=&#8220;3D- und Augmented-Reality-L\u00f6sungen f\u00fcr die Immobilienbranche&#8220; title_text=&#8220;3D-Virtual-Reality-L\u00f6sung-f\u00fcr-Immobilien&#8220; _builder_version=&#8220;4.12.1&#8243; _module_preset=&#8220;default&#8220; background_color=&#8220;#FFFFFF&#8220; custom_margin=&#8220;||-4px|||&#8220; box_shadow_style=&#8220;preset1&#8243; box_shadow_blur=&#8220;64px&#8220; box_shadow_spread=&#8220;-23px&#8220; box_shadow_color=&#8220;rgba(0,0,0,0.28)&#8220; global_colors_info=&#8220;{}&#8220;][\/et_pb_image][et_pb_button button_url=&#8220;https:\/\/kainoo.ch\/metier\/immobilier\/&#8220; button_text=&#8220;Immobilien&#8220; module_id=&#8220;btn-normal&#8220; module_class=&#8220;btn-normal&#8220; _builder_version=&#8220;4.12.1&#8243; _dynamic_attributes=&#8220;button_url&#8220; _module_preset=&#8220;default&#8220; button_icon=&#8220;%%28%%&#8220; button_icon_color=&#8220;#FFFFFF&#8220; button_on_hover=&#8220;off&#8220; custom_padding=&#8220;15px||15px||true|false&#8220; animation_style=&#8220;none&#8220; custom_css_main_element=&#8220;width: 100%;||&#8220; global_module=&#8220;1752&#8243; saved_tabs=&#8220;all&#8220; global_colors_info=&#8220;{%22gcid-8fd8cacd-89f1-40f4-95a8-471036e175d8%22:%91%22button_bg_color%22%93}&#8220; button_bg_color__hover_enabled=&#8220;off|desktop&#8220; button_bg_color__hover=&#8220;#fa482a&#8220; button_icon_color__hover_enabled=&#8220;on|desktop&#8220; button_icon_color__hover=&#8220;#e02b20&#8243; button_text_color__hover_enabled=&#8220;on|hover&#8220; button_text_color__hover=&#8220;#E02B20&#8243;][\/et_pb_button][\/et_pb_column][et_pb_column type=&#8220;1_3&#8243; _builder_version=&#8220;4.12.1&#8243; _module_preset=&#8220;default&#8220; custom_css_main_element=&#8220;max-width: 350px;&#8220; global_colors_info=&#8220;{}&#8220;][et_pb_image src=&#8220;https:\/\/kainoo.ch\/wp-content\/uploads\/2021\/11\/solution-realite-virtuelle-3D-pour-architecte.png&#8220; alt=&#8220;3D- und Augmented-Reality-L\u00f6sungen f\u00fcr Architekten&#8220; title_text=&#8220;virtuelle-reality-3D-L\u00f6sung-f\u00fcr-Architekten&#8220; _builder_version=&#8220;4.12.1&#8243; _module_preset=&#8220;default&#8220; background_color=&#8220;#FFFFFF&#8220; custom_margin=&#8220;||-4px|||&#8220; box_shadow_style=&#8220;preset1&#8243; box_shadow_blur=&#8220;64px&#8220; box_shadow_spread=&#8220;-23px&#8220; box_shadow_color=&#8220;rgba(0,0,0,0.28)&#8220; global_colors_info=&#8220;{}&#8220;][\/et_pb_image][et_pb_button button_url=&#8220;#&#8220; button_text=&#8220;Architektur&#8220; module_id=&#8220;btn-normal&#8220; module_class=&#8220;btn-normal&#8220; _builder_version=&#8220;4.12.1&#8243; _dynamic_attributes=&#8220;button_url&#8220; _module_preset=&#8220;default&#8220; button_icon=&#8220;%%28%%&#8220; button_icon_color=&#8220;#FFFFFF&#8220; button_on_hover=&#8220;off&#8220; custom_padding=&#8220;15px||15px||true|false&#8220; animation_style=&#8220;none&#8220; custom_css_main_element=&#8220;width: 100%;||&#8220; global_module=&#8220;1752&#8243; saved_tabs=&#8220;all&#8220; global_colors_info=&#8220;{%22gcid-8fd8cacd-89f1-40f4-95a8-471036e175d8%22:%91%22button_bg_color%22%93}&#8220; button_bg_color__hover_enabled=&#8220;off|desktop&#8220; button_bg_color__hover=&#8220;#fa482a&#8220; button_icon_color__hover_enabled=&#8220;on|desktop&#8220; button_icon_color__hover=&#8220;#e02b20&#8243; button_text_color__hover_enabled=&#8220;on|hover&#8220; button_text_color__hover=&#8220;#E02B20&#8243;][\/et_pb_button][\/et_pb_column][\/et_pb_row][\/et_pb_section]<\/p>\n","protected":false},"excerpt":{"rendered":"<p>W\u00e4hlen Sie Ihren Beruf !<\/p>\n","protected":false},"author":1,"featured_media":0,"parent":0,"menu_order":0,"comment_status":"closed","ping_status":"closed","template":"","meta":{"_et_pb_use_builder":"on","_et_pb_old_content":"","_et_gb_content_width":"","inline_featured_image":false,"footnotes":""},"class_list":["post-7731","page","type-page","status-publish","hentry"],"yoast_head":"<!-- This site is optimized with the Yoast SEO plugin v27.4 - https:\/\/yoast.com\/product\/yoast-seo-wordpress\/ -->\n<title>Ihr Beruf - Ka\u00efnoo<\/title>\n<meta name=\"robots\" content=\"index, follow, max-snippet:-1, max-image-preview:large, max-video-preview:-1\" \/>\n<link rel=\"canonical\" href=\"https:\/\/kainoo.ch\/de\/ihr-beruf\/\" \/>\n<meta property=\"og:locale\" content=\"de_DE\" \/>\n<meta property=\"og:type\" content=\"article\" \/>\n<meta property=\"og:title\" content=\"Ihr Beruf - Ka\u00efnoo\" \/>\n<meta property=\"og:url\" content=\"https:\/\/kainoo.ch\/de\/ihr-beruf\/\" \/>\n<meta property=\"og:site_name\" content=\"Ka\u00efnoo\" \/>\n<meta property=\"article:publisher\" content=\"https:\/\/www.facebook.com\/kainoo3D\" \/>\n<meta property=\"article:modified_time\" content=\"2022-04-26T15:26:51+00:00\" \/>\n<meta property=\"og:image\" content=\"https:\/\/kainoo.ch\/wp-content\/uploads\/2023\/06\/Kainoo-Nous-developpons-tout-type-de-solutions-3D-pour-vous.png\" \/>\n\t<meta property=\"og:image:width\" content=\"1200\" \/>\n\t<meta property=\"og:image:height\" content=\"630\" \/>\n\t<meta property=\"og:image:type\" content=\"image\/png\" \/>\n<meta name=\"twitter:card\" content=\"summary_large_image\" \/>\n<meta name=\"twitter:site\" content=\"@kainoo_ch\" \/>\n<meta name=\"twitter:label1\" content=\"Gesch\u00e4tzte Lesezeit\" \/>\n\t<meta name=\"twitter:data1\" content=\"6\u00a0Minuten\" \/>\n<script type=\"application\/ld+json\" class=\"yoast-schema-graph\">{\"@context\":\"https:\\\/\\\/schema.org\",\"@graph\":[{\"@type\":\"WebPage\",\"@id\":\"https:\\\/\\\/kainoo.ch\\\/de\\\/ihr-beruf\\\/\",\"url\":\"https:\\\/\\\/kainoo.ch\\\/de\\\/ihr-beruf\\\/\",\"name\":\"Ihr Beruf - Ka\u00efnoo\",\"isPartOf\":{\"@id\":\"https:\\\/\\\/kainoo.ch\\\/#website\"},\"datePublished\":\"2021-12-14T22:43:49+00:00\",\"dateModified\":\"2022-04-26T15:26:51+00:00\",\"breadcrumb\":{\"@id\":\"https:\\\/\\\/kainoo.ch\\\/de\\\/ihr-beruf\\\/#breadcrumb\"},\"inLanguage\":\"de\",\"potentialAction\":[{\"@type\":\"ReadAction\",\"target\":[\"https:\\\/\\\/kainoo.ch\\\/de\\\/ihr-beruf\\\/\"]}]},{\"@type\":\"BreadcrumbList\",\"@id\":\"https:\\\/\\\/kainoo.ch\\\/de\\\/ihr-beruf\\\/#breadcrumb\",\"itemListElement\":[{\"@type\":\"ListItem\",\"position\":1,\"name\":\"Accueil\",\"item\":\"https:\\\/\\\/kainoo.ch\\\/de\\\/home\\\/\"},{\"@type\":\"ListItem\",\"position\":2,\"name\":\"Ihr Beruf\"}]},{\"@type\":\"WebSite\",\"@id\":\"https:\\\/\\\/kainoo.ch\\\/#website\",\"url\":\"https:\\\/\\\/kainoo.ch\\\/\",\"name\":\"KA\u00cfNOO S\u00e0rl\",\"description\":\"3D-Ingenieure und virtuelle Entwickler\",\"publisher\":{\"@id\":\"https:\\\/\\\/kainoo.ch\\\/#organization\"},\"alternateName\":\"KA\u00cfNOO\",\"potentialAction\":[{\"@type\":\"SearchAction\",\"target\":{\"@type\":\"EntryPoint\",\"urlTemplate\":\"https:\\\/\\\/kainoo.ch\\\/?s={search_term_string}\"},\"query-input\":{\"@type\":\"PropertyValueSpecification\",\"valueRequired\":true,\"valueName\":\"search_term_string\"}}],\"inLanguage\":\"de\"},{\"@type\":\"Organization\",\"@id\":\"https:\\\/\\\/kainoo.ch\\\/#organization\",\"name\":\"Ka\u00efnoo\",\"url\":\"https:\\\/\\\/kainoo.ch\\\/\",\"logo\":{\"@type\":\"ImageObject\",\"inLanguage\":\"de\",\"@id\":\"https:\\\/\\\/kainoo.ch\\\/#\\\/schema\\\/logo\\\/image\\\/\",\"url\":\"https:\\\/\\\/kainoo.ch\\\/wp-content\\\/uploads\\\/2021\\\/10\\\/logo-Kainoo.png\",\"contentUrl\":\"https:\\\/\\\/kainoo.ch\\\/wp-content\\\/uploads\\\/2021\\\/10\\\/logo-Kainoo.png\",\"width\":277,\"height\":40,\"caption\":\"Ka\u00efnoo\"},\"image\":{\"@id\":\"https:\\\/\\\/kainoo.ch\\\/#\\\/schema\\\/logo\\\/image\\\/\"},\"sameAs\":[\"https:\\\/\\\/www.facebook.com\\\/kainoo3D\",\"https:\\\/\\\/x.com\\\/kainoo_ch\",\"https:\\\/\\\/www.linkedin.com\\\/company\\\/5173815\\\/\"]}]}<\/script>\n<!-- \/ Yoast SEO plugin. -->","yoast_head_json":{"title":"Ihr Beruf - Ka\u00efnoo","robots":{"index":"index","follow":"follow","max-snippet":"max-snippet:-1","max-image-preview":"max-image-preview:large","max-video-preview":"max-video-preview:-1"},"canonical":"https:\/\/kainoo.ch\/de\/ihr-beruf\/","og_locale":"de_DE","og_type":"article","og_title":"Ihr Beruf - Ka\u00efnoo","og_url":"https:\/\/kainoo.ch\/de\/ihr-beruf\/","og_site_name":"Ka\u00efnoo","article_publisher":"https:\/\/www.facebook.com\/kainoo3D","article_modified_time":"2022-04-26T15:26:51+00:00","og_image":[{"width":1200,"height":630,"url":"https:\/\/kainoo.ch\/wp-content\/uploads\/2023\/06\/Kainoo-Nous-developpons-tout-type-de-solutions-3D-pour-vous.png","type":"image\/png"}],"twitter_card":"summary_large_image","twitter_site":"@kainoo_ch","twitter_misc":{"Gesch\u00e4tzte Lesezeit":"6\u00a0Minuten"},"schema":{"@context":"https:\/\/schema.org","@graph":[{"@type":"WebPage","@id":"https:\/\/kainoo.ch\/de\/ihr-beruf\/","url":"https:\/\/kainoo.ch\/de\/ihr-beruf\/","name":"Ihr Beruf - Ka\u00efnoo","isPartOf":{"@id":"https:\/\/kainoo.ch\/#website"},"datePublished":"2021-12-14T22:43:49+00:00","dateModified":"2022-04-26T15:26:51+00:00","breadcrumb":{"@id":"https:\/\/kainoo.ch\/de\/ihr-beruf\/#breadcrumb"},"inLanguage":"de","potentialAction":[{"@type":"ReadAction","target":["https:\/\/kainoo.ch\/de\/ihr-beruf\/"]}]},{"@type":"BreadcrumbList","@id":"https:\/\/kainoo.ch\/de\/ihr-beruf\/#breadcrumb","itemListElement":[{"@type":"ListItem","position":1,"name":"Accueil","item":"https:\/\/kainoo.ch\/de\/home\/"},{"@type":"ListItem","position":2,"name":"Ihr Beruf"}]},{"@type":"WebSite","@id":"https:\/\/kainoo.ch\/#website","url":"https:\/\/kainoo.ch\/","name":"KA\u00cfNOO S\u00e0rl","description":"3D-Ingenieure und virtuelle Entwickler","publisher":{"@id":"https:\/\/kainoo.ch\/#organization"},"alternateName":"KA\u00cfNOO","potentialAction":[{"@type":"SearchAction","target":{"@type":"EntryPoint","urlTemplate":"https:\/\/kainoo.ch\/?s={search_term_string}"},"query-input":{"@type":"PropertyValueSpecification","valueRequired":true,"valueName":"search_term_string"}}],"inLanguage":"de"},{"@type":"Organization","@id":"https:\/\/kainoo.ch\/#organization","name":"Ka\u00efnoo","url":"https:\/\/kainoo.ch\/","logo":{"@type":"ImageObject","inLanguage":"de","@id":"https:\/\/kainoo.ch\/#\/schema\/logo\/image\/","url":"https:\/\/kainoo.ch\/wp-content\/uploads\/2021\/10\/logo-Kainoo.png","contentUrl":"https:\/\/kainoo.ch\/wp-content\/uploads\/2021\/10\/logo-Kainoo.png","width":277,"height":40,"caption":"Ka\u00efnoo"},"image":{"@id":"https:\/\/kainoo.ch\/#\/schema\/logo\/image\/"},"sameAs":["https:\/\/www.facebook.com\/kainoo3D","https:\/\/x.com\/kainoo_ch","https:\/\/www.linkedin.com\/company\/5173815\/"]}]}},"_links":{"self":[{"href":"https:\/\/kainoo.ch\/de\/wp-json\/wp\/v2\/pages\/7731","targetHints":{"allow":["GET"]}}],"collection":[{"href":"https:\/\/kainoo.ch\/de\/wp-json\/wp\/v2\/pages"}],"about":[{"href":"https:\/\/kainoo.ch\/de\/wp-json\/wp\/v2\/types\/page"}],"author":[{"embeddable":true,"href":"https:\/\/kainoo.ch\/de\/wp-json\/wp\/v2\/users\/1"}],"replies":[{"embeddable":true,"href":"https:\/\/kainoo.ch\/de\/wp-json\/wp\/v2\/comments?post=7731"}],"version-history":[{"count":6,"href":"https:\/\/kainoo.ch\/de\/wp-json\/wp\/v2\/pages\/7731\/revisions"}],"predecessor-version":[{"id":8163,"href":"https:\/\/kainoo.ch\/de\/wp-json\/wp\/v2\/pages\/7731\/revisions\/8163"}],"wp:attachment":[{"href":"https:\/\/kainoo.ch\/de\/wp-json\/wp\/v2\/media?parent=7731"}],"curies":[{"name":"wp","href":"https:\/\/api.w.org\/{rel}","templated":true}]}}