{"id":7680,"date":"2022-04-01T09:20:13","date_gmt":"2022-04-01T07:20:13","guid":{"rendered":"https:\/\/kainoo.ch\/?page_id=7680"},"modified":"2025-08-11T08:54:14","modified_gmt":"2025-08-11T06:54:14","slug":"tarifs-creation-plan-d-appartements-existants","status":"publish","type":"page","link":"https:\/\/kainoo.ch\/de\/tarifs-creation-plan-d-appartements-existants\/","title":{"rendered":"Tarifs creation de plan d&#8217;appartements"},"content":{"rendered":"<p>[et_pb_section fb_built=&#8220;1&#8243; admin_label=&#8220;section&#8220; _builder_version=&#8220;4.16&#8243; background_image=&#8220;https:\/\/kainoo.ch\/wp-content\/uploads\/2021\/12\/existant.jpg&#8220; background_position=&#8220;center_right&#8220; min_height=&#8220;911px&#8220; custom_margin=&#8220;||-5px|||&#8220; custom_padding=&#8220;||19px|||&#8220; global_colors_info=&#8220;{}&#8220; da_is_popup=&#8220;off&#8220; da_exit_intent=&#8220;off&#8220; da_has_close=&#8220;on&#8220; da_alt_close=&#8220;off&#8220; da_dark_close=&#8220;off&#8220; da_not_modal=&#8220;on&#8220; da_is_singular=&#8220;off&#8220; da_with_loader=&#8220;off&#8220; da_has_shadow=&#8220;on&#8220; da_disable_devices=&#8220;off|off|off&#8220;][et_pb_row column_structure=&#8220;1_2,1_2&#8243; use_custom_gutter=&#8220;on&#8220; gutter_width=&#8220;1&#8243; _builder_version=&#8220;4.16&#8243; _module_preset=&#8220;default&#8220; background_enable_image=&#8220;off&#8220; background_size=&#8220;contain&#8220; background_position=&#8220;center_right&#8220; width=&#8220;100%&#8220; max_width=&#8220;100%&#8220; min_height=&#8220;823px&#8220; custom_margin=&#8220;|auto|-116px|auto|false|false&#8220; custom_margin_last_edited=&#8220;off|desktop&#8220; custom_padding=&#8220;0px||48px||false|false&#8220; locked=&#8220;off&#8220; global_colors_info=&#8220;{}&#8220; custom_margin__hover_enabled=&#8220;on|desktop&#8220; custom_margin__hover=&#8220;||||false|false&#8220;][et_pb_column type=&#8220;1_2&#8243; _builder_version=&#8220;4.16&#8243; _module_preset=&#8220;default&#8220; background_color=&#8220;rgba(5,16,20,0.9)&#8220; custom_padding=&#8220;50px|50px|50px|50px|true|true&#8220; custom_css_main_element=&#8220;min-height: 100vh;||padding: 1rem;||display: flex;||justify-content: center;||flex-direction: column;||align-items: flex-start;&#8220; global_colors_info=&#8220;{}&#8220;][et_pb_text content_last_edited=&#8220;on|phone&#8220; admin_label=&#8220;Texte&#8220; _builder_version=&#8220;4.23.4&#8243; _module_preset=&#8220;b8706875-c3bd-4afe-8672-fedc097f852c&#8220; header_font=&#8220;Arial|700||on|||||&#8220; header_text_color=&#8220;#FFFFFF&#8220; header_font_size=&#8220;35px&#8220; header_letter_spacing=&#8220;0.12em&#8220; width=&#8220;100%&#8220; height=&#8220;100%&#8220; custom_margin=&#8220;150px||20px||false|false&#8220; header_text_align_tablet=&#8220;&#8220; header_text_align_phone=&#8220;left&#8220; header_text_align_last_edited=&#8220;on|desktop&#8220; header_font_size_tablet=&#8220;35px&#8220; header_font_size_phone=&#8220;25px&#8220; header_font_size_last_edited=&#8220;on|phone&#8220; custom_css_main_element=&#8220;||&#8220; global_module=&#8220;1745&#8243; saved_tabs=&#8220;all&#8220; inline_fonts=&#8220;Hallowen,Montserrat&#8220; global_colors_info=&#8220;{}&#8220; content_tablet=&#8220;<\/p>\n<hgroup class=%22page-title%22>\n<h1>Tarifs pour la cr\u00e9ation de plan d&#8217;appartements existants<\/h1>\n<\/hgroup>\n<p>&#8220; content_phone=&#8220;<\/p>\n<hgroup class=%22page-title%22>\n<h1>Tarifs pour la cr\u00e9ation de plan d&#8217;appartements existants<\/h1>\n<\/hgroup>\n<p>&#8222;]<\/p>\n<hgroup class=\"page-title\">\n<h1>Tarifs pour la cr\u00e9ation de plan d&#8217;appartements existants<\/h1>\n<\/hgroup>\n<p>[\/et_pb_text][et_pb_text _builder_version=&#8220;4.23.4&#8243; _module_preset=&#8220;default&#8220; text_font=&#8220;Lato|300|||||||&#8220; text_text_color=&#8220;#FFFFFF&#8220; text_font_size=&#8220;20px&#8220; text_line_height=&#8220;1.6em&#8220; header_font=&#8220;|700||on|||||&#8220; header_font_size=&#8220;46px&#8220; background_color=&#8220;RGBA(0,0,0,0)&#8220; text_orientation=&#8220;center&#8220; custom_margin=&#8220;|-13px|50px||false|false&#8220; text_font_size_tablet=&#8220;20px&#8220; text_font_size_phone=&#8220;16px&#8220; text_font_size_last_edited=&#8220;on|tablet&#8220; global_module=&#8220;1747&#8243; saved_tabs=&#8220;all&#8220; locked=&#8220;off&#8220; global_colors_info=&#8220;{}&#8220;]<\/p>\n<p style=\"text-align: left;\">Appartement 1 et 1,5 pi\u00e8ces : 195,00 chf H.T.*<\/p>\n<p style=\"text-align: left;\">Appartement 2 et 2,5 pi\u00e8ces : 281,00 chf H.T.*<\/p>\n<p style=\"text-align: left;\">Appartement 3 et 3,5 pi\u00e8ces : 357,00 chf H.T.*<\/p>\n<p style=\"text-align: left;\">Appartement 4 et 4,5 pi\u00e8ces : 423,00 chf H.T.*<\/p>\n<p style=\"text-align: left;\">Appartement 5 et 5,5 pi\u00e8ces : 479,00 chf H.T.*<\/p>\n<p style=\"text-align: left;\">Appartement 6 et 6,5 pi\u00e8ces : 525,00 chf H.T.*<\/p>\n<p style=\"text-align: left;\">Par balcon ou terrasse : 75,00 en sus<\/p>\n<p>[\/et_pb_text][et_pb_text _builder_version=&#8220;4.23.4&#8243; _module_preset=&#8220;default&#8220; text_font=&#8220;Lato|300|||||||&#8220; text_text_color=&#8220;#FFFFFF&#8220; text_font_size=&#8220;20px&#8220; text_line_height=&#8220;1.6em&#8220; header_font=&#8220;|700||on|||||&#8220; header_font_size=&#8220;46px&#8220; background_color=&#8220;RGBA(0,0,0,0)&#8220; text_orientation=&#8220;center&#8220; custom_margin=&#8220;|-13px|50px||false|false&#8220; text_font_size_tablet=&#8220;20px&#8220; text_font_size_phone=&#8220;16px&#8220; text_font_size_last_edited=&#8220;on|tablet&#8220; global_module=&#8220;1747&#8243; saved_tabs=&#8220;all&#8220; locked=&#8220;off&#8220; global_colors_info=&#8220;{}&#8220;]<\/p>\n<p style=\"text-align: left;\">Ce prix inclus\u00a0:<\/p>\n<ul style=\"text-align: left;\">\n<li>D\u00e9placement en Suisse<\/li>\n<li>Prise de mesure sur site<\/li>\n<li>Cr\u00e9ation d\u2019un plan dwg par appartement (tol\u00e9rance +\/- 15mm)<\/li>\n<li>D\u00e9finition des surfaces locatives selon normes USPI et SVIT<\/li>\n<li>Mise en plan en pdf<\/li>\n<\/ul>\n<p style=\"text-align: left;\">Conditions\u00a0:<\/p>\n<ul style=\"text-align: left;\">\n<li>Garantir l\u2019accessibilit\u00e9 aux locaux.<\/li>\n<li>Appartement sur un niveau. (Demandez-nous une offre pour un duplex ou triplex)<\/li>\n<\/ul>\n<p style=\"text-align: left;\">\n<p style=\"text-align: left;\">\u00ab * \u00bb Ces prix sont valides pour un minimum de 20 pi\u00e8ces \u00e0 relever sur un m\u00eame lieu. Valable uniquement pour les appartements construits entre 1960 et 2020.<\/p>\n<p style=\"text-align: left;\">Vous avez moins de pi\u00e8ces, demandez-nous un devis\u00a0! Un tarif vous sera calcul\u00e9 gratuitement et sur mesure.<\/p>\n<p>[\/et_pb_text][\/et_pb_column][et_pb_column type=&#8220;1_2&#8243; _builder_version=&#8220;4.16&#8243; _module_preset=&#8220;default&#8220; background_color=&#8220;RGBA(0,0,0,0)&#8220; background_enable_image=&#8220;off&#8220; global_colors_info=&#8220;{}&#8220;][\/et_pb_column][\/et_pb_row][\/et_pb_section]<\/p>\n","protected":false},"excerpt":{"rendered":"<p>Tarifs pour la cr\u00e9ation de plan d&#8217;appartements existants Appartement 1 et 1,5 pi\u00e8ces : 195,00 chf H.T.* Appartement 2 et 2,5 pi\u00e8ces : 281,00 chf H.T.* Appartement 3 et 3,5 pi\u00e8ces : 357,00 chf H.T.* Appartement 4 et 4,5 pi\u00e8ces : 423,00 chf H.T.* Appartement 5 et 5,5 pi\u00e8ces : 479,00 chf H.T.* Appartement 6 [&hellip;]<\/p>\n","protected":false},"author":1,"featured_media":0,"parent":0,"menu_order":0,"comment_status":"closed","ping_status":"closed","template":"","meta":{"_et_pb_use_builder":"on","_et_pb_old_content":"","_et_gb_content_width":"","inline_featured_image":false,"footnotes":""},"class_list":["post-7680","page","type-page","status-publish","hentry"],"yoast_head":"<!-- This site is optimized with the Yoast SEO plugin v27.5 - https:\/\/yoast.com\/product\/yoast-seo-wordpress\/ -->\n<title>Tarifs creation de plan d&#039;appartements - Ka\u00efnoo<\/title>\n<meta name=\"robots\" content=\"index, follow, max-snippet:-1, max-image-preview:large, max-video-preview:-1\" \/>\n<link rel=\"canonical\" href=\"https:\/\/kainoo.ch\/tarifs-creation-plan-d-appartements-existants\/\" \/>\n<meta property=\"og:locale\" content=\"de_DE\" \/>\n<meta property=\"og:type\" content=\"article\" \/>\n<meta property=\"og:title\" content=\"Tarifs creation de plan d&#039;appartements - Ka\u00efnoo\" \/>\n<meta property=\"og:url\" content=\"https:\/\/kainoo.ch\/tarifs-creation-plan-d-appartements-existants\/\" \/>\n<meta property=\"og:site_name\" content=\"Ka\u00efnoo\" \/>\n<meta property=\"article:publisher\" content=\"https:\/\/www.facebook.com\/kainoo3D\" \/>\n<meta property=\"article:modified_time\" content=\"2025-08-11T06:54:14+00:00\" \/>\n<meta property=\"og:image\" content=\"https:\/\/kainoo.ch\/wp-content\/uploads\/2023\/06\/Kainoo-Nous-developpons-tout-type-de-solutions-3D-pour-vous.png\" \/>\n\t<meta property=\"og:image:width\" content=\"1200\" \/>\n\t<meta property=\"og:image:height\" content=\"630\" \/>\n\t<meta property=\"og:image:type\" content=\"image\/png\" \/>\n<meta name=\"twitter:card\" content=\"summary_large_image\" \/>\n<meta name=\"twitter:site\" content=\"@kainoo_ch\" \/>\n<meta name=\"twitter:label1\" content=\"Gesch\u00e4tzte Lesezeit\" \/>\n\t<meta name=\"twitter:data1\" content=\"1\u00a0Minute\" \/>\n<script type=\"application\/ld+json\" class=\"yoast-schema-graph\">{\"@context\":\"https:\\\/\\\/schema.org\",\"@graph\":[{\"@type\":\"WebPage\",\"@id\":\"https:\\\/\\\/kainoo.ch\\\/tarifs-creation-plan-d-appartements-existants\\\/\",\"url\":\"https:\\\/\\\/kainoo.ch\\\/tarifs-creation-plan-d-appartements-existants\\\/\",\"name\":\"Tarifs creation de plan d'appartements - Ka\u00efnoo\",\"isPartOf\":{\"@id\":\"https:\\\/\\\/kainoo.ch\\\/#website\"},\"datePublished\":\"2022-04-01T07:20:13+00:00\",\"dateModified\":\"2025-08-11T06:54:14+00:00\",\"breadcrumb\":{\"@id\":\"https:\\\/\\\/kainoo.ch\\\/tarifs-creation-plan-d-appartements-existants\\\/#breadcrumb\"},\"inLanguage\":\"de\",\"potentialAction\":[{\"@type\":\"ReadAction\",\"target\":[\"https:\\\/\\\/kainoo.ch\\\/tarifs-creation-plan-d-appartements-existants\\\/\"]}]},{\"@type\":\"BreadcrumbList\",\"@id\":\"https:\\\/\\\/kainoo.ch\\\/tarifs-creation-plan-d-appartements-existants\\\/#breadcrumb\",\"itemListElement\":[{\"@type\":\"ListItem\",\"position\":1,\"name\":\"Accueil\",\"item\":\"https:\\\/\\\/kainoo.ch\\\/de\\\/home\\\/\"},{\"@type\":\"ListItem\",\"position\":2,\"name\":\"Tarifs creation de plan d&rsquo;appartements\"}]},{\"@type\":\"WebSite\",\"@id\":\"https:\\\/\\\/kainoo.ch\\\/#website\",\"url\":\"https:\\\/\\\/kainoo.ch\\\/\",\"name\":\"KA\u00cfNOO S\u00e0rl\",\"description\":\"3D-Ingenieure und virtuelle Entwickler\",\"publisher\":{\"@id\":\"https:\\\/\\\/kainoo.ch\\\/#organization\"},\"alternateName\":\"KA\u00cfNOO\",\"potentialAction\":[{\"@type\":\"SearchAction\",\"target\":{\"@type\":\"EntryPoint\",\"urlTemplate\":\"https:\\\/\\\/kainoo.ch\\\/?s={search_term_string}\"},\"query-input\":{\"@type\":\"PropertyValueSpecification\",\"valueRequired\":true,\"valueName\":\"search_term_string\"}}],\"inLanguage\":\"de\"},{\"@type\":\"Organization\",\"@id\":\"https:\\\/\\\/kainoo.ch\\\/#organization\",\"name\":\"Ka\u00efnoo\",\"url\":\"https:\\\/\\\/kainoo.ch\\\/\",\"logo\":{\"@type\":\"ImageObject\",\"inLanguage\":\"de\",\"@id\":\"https:\\\/\\\/kainoo.ch\\\/#\\\/schema\\\/logo\\\/image\\\/\",\"url\":\"https:\\\/\\\/kainoo.ch\\\/wp-content\\\/uploads\\\/2021\\\/10\\\/logo-Kainoo.png\",\"contentUrl\":\"https:\\\/\\\/kainoo.ch\\\/wp-content\\\/uploads\\\/2021\\\/10\\\/logo-Kainoo.png\",\"width\":277,\"height\":40,\"caption\":\"Ka\u00efnoo\"},\"image\":{\"@id\":\"https:\\\/\\\/kainoo.ch\\\/#\\\/schema\\\/logo\\\/image\\\/\"},\"sameAs\":[\"https:\\\/\\\/www.facebook.com\\\/kainoo3D\",\"https:\\\/\\\/x.com\\\/kainoo_ch\",\"https:\\\/\\\/www.linkedin.com\\\/company\\\/5173815\\\/\"]}]}<\/script>\n<!-- \/ Yoast SEO plugin. -->","yoast_head_json":{"title":"Tarifs creation de plan d'appartements - Ka\u00efnoo","robots":{"index":"index","follow":"follow","max-snippet":"max-snippet:-1","max-image-preview":"max-image-preview:large","max-video-preview":"max-video-preview:-1"},"canonical":"https:\/\/kainoo.ch\/tarifs-creation-plan-d-appartements-existants\/","og_locale":"de_DE","og_type":"article","og_title":"Tarifs creation de plan d'appartements - Ka\u00efnoo","og_url":"https:\/\/kainoo.ch\/tarifs-creation-plan-d-appartements-existants\/","og_site_name":"Ka\u00efnoo","article_publisher":"https:\/\/www.facebook.com\/kainoo3D","article_modified_time":"2025-08-11T06:54:14+00:00","og_image":[{"width":1200,"height":630,"url":"https:\/\/kainoo.ch\/wp-content\/uploads\/2023\/06\/Kainoo-Nous-developpons-tout-type-de-solutions-3D-pour-vous.png","type":"image\/png"}],"twitter_card":"summary_large_image","twitter_site":"@kainoo_ch","twitter_misc":{"Gesch\u00e4tzte Lesezeit":"1\u00a0Minute"},"schema":{"@context":"https:\/\/schema.org","@graph":[{"@type":"WebPage","@id":"https:\/\/kainoo.ch\/tarifs-creation-plan-d-appartements-existants\/","url":"https:\/\/kainoo.ch\/tarifs-creation-plan-d-appartements-existants\/","name":"Tarifs creation de plan d'appartements - Ka\u00efnoo","isPartOf":{"@id":"https:\/\/kainoo.ch\/#website"},"datePublished":"2022-04-01T07:20:13+00:00","dateModified":"2025-08-11T06:54:14+00:00","breadcrumb":{"@id":"https:\/\/kainoo.ch\/tarifs-creation-plan-d-appartements-existants\/#breadcrumb"},"inLanguage":"de","potentialAction":[{"@type":"ReadAction","target":["https:\/\/kainoo.ch\/tarifs-creation-plan-d-appartements-existants\/"]}]},{"@type":"BreadcrumbList","@id":"https:\/\/kainoo.ch\/tarifs-creation-plan-d-appartements-existants\/#breadcrumb","itemListElement":[{"@type":"ListItem","position":1,"name":"Accueil","item":"https:\/\/kainoo.ch\/de\/home\/"},{"@type":"ListItem","position":2,"name":"Tarifs creation de plan d&rsquo;appartements"}]},{"@type":"WebSite","@id":"https:\/\/kainoo.ch\/#website","url":"https:\/\/kainoo.ch\/","name":"KA\u00cfNOO S\u00e0rl","description":"3D-Ingenieure und virtuelle Entwickler","publisher":{"@id":"https:\/\/kainoo.ch\/#organization"},"alternateName":"KA\u00cfNOO","potentialAction":[{"@type":"SearchAction","target":{"@type":"EntryPoint","urlTemplate":"https:\/\/kainoo.ch\/?s={search_term_string}"},"query-input":{"@type":"PropertyValueSpecification","valueRequired":true,"valueName":"search_term_string"}}],"inLanguage":"de"},{"@type":"Organization","@id":"https:\/\/kainoo.ch\/#organization","name":"Ka\u00efnoo","url":"https:\/\/kainoo.ch\/","logo":{"@type":"ImageObject","inLanguage":"de","@id":"https:\/\/kainoo.ch\/#\/schema\/logo\/image\/","url":"https:\/\/kainoo.ch\/wp-content\/uploads\/2021\/10\/logo-Kainoo.png","contentUrl":"https:\/\/kainoo.ch\/wp-content\/uploads\/2021\/10\/logo-Kainoo.png","width":277,"height":40,"caption":"Ka\u00efnoo"},"image":{"@id":"https:\/\/kainoo.ch\/#\/schema\/logo\/image\/"},"sameAs":["https:\/\/www.facebook.com\/kainoo3D","https:\/\/x.com\/kainoo_ch","https:\/\/www.linkedin.com\/company\/5173815\/"]}]}},"_links":{"self":[{"href":"https:\/\/kainoo.ch\/de\/wp-json\/wp\/v2\/pages\/7680","targetHints":{"allow":["GET"]}}],"collection":[{"href":"https:\/\/kainoo.ch\/de\/wp-json\/wp\/v2\/pages"}],"about":[{"href":"https:\/\/kainoo.ch\/de\/wp-json\/wp\/v2\/types\/page"}],"author":[{"embeddable":true,"href":"https:\/\/kainoo.ch\/de\/wp-json\/wp\/v2\/users\/1"}],"replies":[{"embeddable":true,"href":"https:\/\/kainoo.ch\/de\/wp-json\/wp\/v2\/comments?post=7680"}],"version-history":[{"count":18,"href":"https:\/\/kainoo.ch\/de\/wp-json\/wp\/v2\/pages\/7680\/revisions"}],"predecessor-version":[{"id":11846,"href":"https:\/\/kainoo.ch\/de\/wp-json\/wp\/v2\/pages\/7680\/revisions\/11846"}],"wp:attachment":[{"href":"https:\/\/kainoo.ch\/de\/wp-json\/wp\/v2\/media?parent=7680"}],"curies":[{"name":"wp","href":"https:\/\/api.w.org\/{rel}","templated":true}]}}