{"id":180,"date":"2021-10-18T08:07:11","date_gmt":"2021-10-18T08:07:11","guid":{"rendered":"https:\/\/kainoo.ch\/?page_id=180"},"modified":"2022-03-16T10:17:34","modified_gmt":"2022-03-16T10:17:34","slug":"old-formation","status":"publish","type":"page","link":"https:\/\/kainoo.ch\/de\/old-formation\/","title":{"rendered":"Old-Formation"},"content":{"rendered":"\n[et_pb_section fb_built=&#8220;1&#8243; module_class=&#8220;hero-area-metier&#8220; _builder_version=&#8220;4.12.1&#8243; _module_preset=&#8220;default&#8220; background_enable_color=&#8220;off&#8220; background_image=&#8220;https:\/\/kainoo.ch\/wp-content\/uploads\/2021\/10\/solutions-numeriques-3D-VR_pour-formation-professionnelle.jpg&#8220; background_position=&#8220;top_right&#8220; global_colors_info=&#8220;{}&#8220;][et_pb_row column_structure=&#8220;1_2,1_2&#8243; _builder_version=&#8220;4.12.1&#8243; _module_preset=&#8220;default&#8220; width=&#8220;100%&#8220; max_width=&#8220;5000px&#8220; global_colors_info=&#8220;{}&#8220;][et_pb_column type=&#8220;1_2&#8243; _builder_version=&#8220;4.11.3&#8243; _module_preset=&#8220;default&#8220; global_colors_info=&#8220;{}&#8220;][et_pb_code module_class=&#8220;black-box&#8220; _builder_version=&#8220;4.12.1&#8243; _module_preset=&#8220;default&#8220; background_color=&#8220;rgba(5,16,20,0.9)&#8220; position_origin_a=&#8220;center_left&#8220; horizontal_offset=&#8220;-179px&#8220; width=&#8220;100%&#8220; custom_padding=&#8220;60px|60px|60px|60px|true|true&#8220; custom_padding_tablet=&#8220;60px|60px|60px|60px|true|true&#8220; custom_padding_phone=&#8220;30px|30px|30px|30px|true|true&#8220; custom_padding_last_edited=&#8220;on|phone&#8220; animation_style=&#8220;slide&#8220; animation_direction=&#8220;left&#8220; border_radii=&#8220;off||5px|5px|&#8220; global_colors_info=&#8220;{}&#8220;]<img decoding=\"async\" src=\"https:\/\/kainoo.ch\/wp-content\/uploads\/2021\/10\/picto-realite-virtuelle-pour-formation-professionnelle.png\" alt=\"R\u00e9alit\u00e9 virtuelle pour la formation professionnelle\" width=\"40\" class=\"picto-metier-title\"><pee class=\"metier-title\"><!-- [et_pb_line_break_holder] -->  Formation<!-- [et_pb_line_break_holder] --><\/pee><h1><!-- [et_pb_line_break_holder] -->Les solutions num\u00e9riques en 3D et en VR au service de la formation professionnelle  <!-- [et_pb_line_break_holder] --><\/h1><!-- [et_pb_line_break_holder] --><pee><!-- [et_pb_line_break_holder] -->  Le num\u00e9rique n\u2019est plus une option : restez comp\u00e9titifs et propulsez votre offre de formation gr\u00e2ce aux solutions digitales 3D et en r\u00e9alit\u00e9 virtuelle.<\/pee>[\/et_pb_code][\/et_pb_column][et_pb_column type=&#8220;1_2&#8243; _builder_version=&#8220;4.11.3&#8243; _module_preset=&#8220;default&#8220; global_colors_info=&#8220;{}&#8220;][\/et_pb_column][\/et_pb_row][\/et_pb_section][et_pb_section fb_built=&#8220;1&#8243; _builder_version=&#8220;4.11.3&#8243; _module_preset=&#8220;default&#8220; background_color=&#8220;RGBA(0,0,0,0)&#8220; background_image=&#8220;https:\/\/kainoo.ch\/wp-content\/uploads\/2021\/10\/bg-3D.jpg&#8220; background_size=&#8220;contain&#8220; background_position=&#8220;top_left&#8220; custom_padding=&#8220;100px||100px||false|false&#8220; global_colors_info=&#8220;{}&#8220;][et_pb_row column_structure=&#8220;1_2,1_2&#8243; make_equal=&#8220;on&#8220; _builder_version=&#8220;4.11.3&#8243; _module_preset=&#8220;default&#8220; max_width=&#8220;680px&#8220; custom_margin=&#8220;||||false|false&#8220; custom_padding=&#8220;||||false|false&#8220; global_colors_info=&#8220;{}&#8220;][et_pb_column type=&#8220;1_2&#8243; module_class=&#8220;solution-card&#8220; _builder_version=&#8220;4.11.3&#8243; _module_preset=&#8220;default&#8220; custom_padding=&#8220;||0px||false|false&#8220; animation_style=&#8220;slide&#8220; animation_direction=&#8220;bottom&#8220; border_radii=&#8220;on|10px|10px|10px|10px&#8220; box_shadow_style=&#8220;preset1&#8243; box_shadow_vertical=&#8220;0px&#8220; box_shadow_blur=&#8220;14px&#8220; box_shadow_spread=&#8220;-7px&#8220; global_colors_info=&#8220;{}&#8220;][et_pb_code _builder_version=&#8220;4.12.1&#8243; _dynamic_attributes=&#8220;link_option_url&#8220; _module_preset=&#8220;default&#8220; custom_padding=&#8220;15px|15px|15px|15px|true|true&#8220; link_option_url=&#8220;@ET-DC@eyJkeW5hbWljIjp0cnVlLCJjb250ZW50IjoicG9zdF9saW5rX3VybF9wYWdlIiwic2V0dGluZ3MiOnsicG9zdF9pZCI6IjQ2MSJ9fQ==@&#8220; hover_enabled=&#8220;0&#8243; global_colors_info=&#8220;{}&#8220; sticky_enabled=&#8220;0&#8243;]<h2><!-- [et_pb_line_break_holder] -->  Formation VR<!-- [et_pb_line_break_holder] --><\/h2><!-- [et_pb_line_break_holder] --><img decoding=\"async\" src=\"https:\/\/kainoo.ch\/wp-content\/uploads\/2021\/10\/formation-VR.jpg\" alt=\"Formation VR\"><!-- [et_pb_line_break_holder] --><pee><!-- [et_pb_line_break_holder] -->  Immergez vos apprenants dans un environnement professionnel <!-- [et_pb_line_break_holder] -->r\u00e9aliste gr\u00e2ce \u00e0 la formation VR<!-- [et_pb_line_break_holder] --><\/pee><!-- [et_pb_line_break_holder] --><!\u2013- [et_pb_br_holder] -\u2013><!-- [et_pb_line_break_holder] --><pee class=\"btn-homemade\"><!-- [et_pb_line_break_holder] -->  <a href=\"https:\/\/kainoo.ch\/formation-vr\/\" class=\"et_pb_button et_pb_button_0\">D\u00e9couvrir la solution<\/a><!-- [et_pb_line_break_holder] --><\/pee>[\/et_pb_code][\/et_pb_column][et_pb_column type=&#8220;1_2&#8243; module_class=&#8220;solution-card&#8220; _builder_version=&#8220;4.11.3&#8243; _module_preset=&#8220;default&#8220; animation_style=&#8220;slide&#8220; animation_direction=&#8220;bottom&#8220; animation_delay=&#8220;250ms&#8220; border_radii=&#8220;on|10px|10px|10px|10px&#8220; box_shadow_style=&#8220;preset1&#8243; box_shadow_vertical=&#8220;0px&#8220; box_shadow_blur=&#8220;14px&#8220; box_shadow_spread=&#8220;-7px&#8220; global_colors_info=&#8220;{}&#8220;][et_pb_code _builder_version=&#8220;4.12.1&#8243; _dynamic_attributes=&#8220;link_option_url&#8220; _module_preset=&#8220;default&#8220; custom_padding=&#8220;15px|15px|15px|15px|true|true&#8220; link_option_url=&#8220;@ET-DC@eyJkeW5hbWljIjp0cnVlLCJjb250ZW50IjoicG9zdF9saW5rX3VybF9wcm9qZWN0Iiwic2V0dGluZ3MiOnsicG9zdF9pZCI6IjI5NyJ9fQ==@&#8220; hover_enabled=&#8220;0&#8243; global_colors_info=&#8220;{}&#8220; sticky_enabled=&#8220;0&#8243;]<h2><!-- [et_pb_line_break_holder] --> 3D Interactive Pour LMS<!-- [et_pb_line_break_holder] --><\/h2><!-- [et_pb_line_break_holder] --><img decoding=\"async\" src=\"https:\/\/kainoo.ch\/wp-content\/uploads\/2021\/10\/3d-interactive-e_learning.jpg\" alt=\"E-learning 3D interactive\"><!-- [et_pb_line_break_holder] --><pee><!-- [et_pb_line_break_holder] -->Nos solutions 3D interactive pour e-leraning s\u2019int\u00e8grent facilement dans toutes vos s\u00e9quences.<!-- [et_pb_line_break_holder] --><\/pee><!-- [et_pb_line_break_holder] --><!\u2013- [et_pb_br_holder] -\u2013><!-- [et_pb_line_break_holder] --><pee class=\"btn-homemade\"><!-- [et_pb_line_break_holder] -->  <a href=\"\" class=\"et_pb_button et_pb_button_0\">D\u00e9couvrir la solution<\/a><!-- [et_pb_line_break_holder] --><\/pee>[\/et_pb_code][\/et_pb_column][\/et_pb_row][\/et_pb_section][et_pb_section fb_built=&#8220;1&#8243; module_class=&#8220;black-box&#8220; _builder_version=&#8220;4.11.3&#8243; _module_preset=&#8220;default&#8220; background_color=&#8220;rgba(5,16,20,0.9)&#8220; global_colors_info=&#8220;{}&#8220;][et_pb_row _builder_version=&#8220;4.11.3&#8243; _module_preset=&#8220;default&#8220; width=&#8220;90%&#8220; custom_padding=&#8220;0px|0px|0px|0px|false|false&#8220; global_colors_info=&#8220;{}&#8220;][et_pb_column type=&#8220;4_4&#8243; _builder_version=&#8220;4.11.3&#8243; _module_preset=&#8220;default&#8220; global_colors_info=&#8220;{}&#8220;][et_pb_signup mailchimp_list=&#8220;kaiformation|414bc9c166&#8243; layout=&#8220;top_bottom&#8220; first_name_field=&#8220;off&#8220; last_name_field=&#8220;off&#8220; success_message=&#8220;Vous avez bien \u00e9t\u00e9 inscris \u00e0 la newsletter de Ka\u00efnoo ! &#8220; title=&#8220;Inscrivez-vous \u00e0 la newsletter&#8220; button_text=&#8220;Je m&#8217;inscris !&#8220; description=&#8220;<p><span>pour \u00eatre inform\u00e9 sur les nouveaut\u00e9s du secteur de la formation.<\/span><\/p>&#8220; footer_content=&#8220;<p>En vous inscrivant \u00e0 la newsletter, vous acceptez notre <a href=\"https:\/\/kainoo.ch\/politique-de-confidentialite\/\" style=\"%22color:\">politique de confidentialit\u00e9<\/a><\/p>&#8220; module_class=&#8220;news-form&#8220; _builder_version=&#8220;4.11.3&#8243; _module_preset=&#8220;default&#8220; result_message_text_align=&#8220;left&#8220; result_message_font_size=&#8220;24px&#8220; background_enable_color=&#8220;off&#8220; custom_button=&#8220;on&#8220; button_custom_margin=&#8220;||||false|false&#8220; button_custom_padding=&#8220;10px||10px||false|false&#8220; custom_css_newsletter_fields=&#8220;||&#8220; border_radii_fields=&#8220;off|0px|0px|0px|0px&#8220; global_colors_info=&#8220;{}&#8220;][\/et_pb_signup][\/et_pb_column][\/et_pb_row][\/et_pb_section][et_pb_section fb_built=&#8220;1&#8243; _builder_version=&#8220;4.11.3&#8243; _module_preset=&#8220;default&#8220; background_image=&#8220;https:\/\/kainoo.ch\/wp-content\/uploads\/2021\/10\/bg-3D-bottom.jpg&#8220; background_size=&#8220;initial&#8220; background_position=&#8220;bottom_right&#8220; min_height=&#8220;280px&#8220; global_colors_info=&#8220;{}&#8220;][et_pb_row _builder_version=&#8220;4.11.3&#8243; _module_preset=&#8220;default&#8220; global_colors_info=&#8220;{}&#8220;][et_pb_column type=&#8220;4_4&#8243; _builder_version=&#8220;4.11.3&#8243; _module_preset=&#8220;default&#8220; global_colors_info=&#8220;{}&#8220;][et_pb_text _builder_version=&#8220;4.11.3&#8243; _module_preset=&#8220;default&#8220; global_colors_info=&#8220;{}&#8220;]<h3 style=\"text-align: center;\">&#8222;La connaissance s&#8217;acquiert par l&#8217;exp\u00e9rience,<br \/>tout le reste n&#8217;est qu&#8217;information.&#8220;<\/h3>\n<p style=\"text-align: center;\">Albert Einstein<\/p>\n<p>&nbsp;<\/p>[\/et_pb_text][\/et_pb_column][\/et_pb_row][\/et_pb_section]\n","protected":false},"excerpt":{"rendered":"<p>&#8222;La connaissance s&#8217;acquiert par l&#8217;exp\u00e9rience,tout le reste n&#8217;est qu&#8217;information.&#8220; Albert Einstein &nbsp;<\/p>\n","protected":false},"author":1,"featured_media":0,"parent":0,"menu_order":0,"comment_status":"closed","ping_status":"closed","template":"","meta":{"_et_pb_use_builder":"on","_et_pb_old_content":"","_et_gb_content_width":"","inline_featured_image":false,"footnotes":""},"class_list":["post-180","page","type-page","status-publish","hentry"],"yoast_head":"<!-- This site is optimized with the Yoast SEO plugin v27.5 - https:\/\/yoast.com\/product\/yoast-seo-wordpress\/ -->\n<title>Old-Formation - Ka\u00efnoo<\/title>\n<meta name=\"robots\" content=\"index, follow, max-snippet:-1, max-image-preview:large, max-video-preview:-1\" \/>\n<link rel=\"canonical\" href=\"https:\/\/kainoo.ch\/old-formation\/\" \/>\n<meta property=\"og:locale\" content=\"de_DE\" \/>\n<meta property=\"og:type\" content=\"article\" \/>\n<meta property=\"og:title\" content=\"Old-Formation - Ka\u00efnoo\" \/>\n<meta property=\"og:url\" content=\"https:\/\/kainoo.ch\/old-formation\/\" \/>\n<meta property=\"og:site_name\" content=\"Ka\u00efnoo\" \/>\n<meta property=\"article:publisher\" content=\"https:\/\/www.facebook.com\/kainoo3D\" \/>\n<meta property=\"article:modified_time\" content=\"2022-03-16T10:17:34+00:00\" \/>\n<meta property=\"og:image\" content=\"https:\/\/kainoo.ch\/wp-content\/uploads\/2021\/10\/picto-realite-virtuelle-pour-formation-professionnelle.png\" \/>\n<meta name=\"twitter:card\" content=\"summary_large_image\" \/>\n<meta name=\"twitter:site\" content=\"@kainoo_ch\" \/>\n<meta name=\"twitter:label1\" content=\"Gesch\u00e4tzte Lesezeit\" \/>\n\t<meta name=\"twitter:data1\" content=\"3\u00a0Minuten\" \/>\n<script type=\"application\/ld+json\" class=\"yoast-schema-graph\">{\"@context\":\"https:\\\/\\\/schema.org\",\"@graph\":[{\"@type\":\"WebPage\",\"@id\":\"https:\\\/\\\/kainoo.ch\\\/old-formation\\\/\",\"url\":\"https:\\\/\\\/kainoo.ch\\\/old-formation\\\/\",\"name\":\"Old-Formation - Ka\u00efnoo\",\"isPartOf\":{\"@id\":\"https:\\\/\\\/kainoo.ch\\\/#website\"},\"primaryImageOfPage\":{\"@id\":\"https:\\\/\\\/kainoo.ch\\\/old-formation\\\/#primaryimage\"},\"image\":{\"@id\":\"https:\\\/\\\/kainoo.ch\\\/old-formation\\\/#primaryimage\"},\"thumbnailUrl\":\"https:\\\/\\\/kainoo.ch\\\/wp-content\\\/uploads\\\/2021\\\/10\\\/picto-realite-virtuelle-pour-formation-professionnelle.png\",\"datePublished\":\"2021-10-18T08:07:11+00:00\",\"dateModified\":\"2022-03-16T10:17:34+00:00\",\"breadcrumb\":{\"@id\":\"https:\\\/\\\/kainoo.ch\\\/old-formation\\\/#breadcrumb\"},\"inLanguage\":\"de\",\"potentialAction\":[{\"@type\":\"ReadAction\",\"target\":[\"https:\\\/\\\/kainoo.ch\\\/old-formation\\\/\"]}]},{\"@type\":\"ImageObject\",\"inLanguage\":\"de\",\"@id\":\"https:\\\/\\\/kainoo.ch\\\/old-formation\\\/#primaryimage\",\"url\":\"https:\\\/\\\/kainoo.ch\\\/wp-content\\\/uploads\\\/2021\\\/10\\\/picto-realite-virtuelle-pour-formation-professionnelle.png\",\"contentUrl\":\"https:\\\/\\\/kainoo.ch\\\/wp-content\\\/uploads\\\/2021\\\/10\\\/picto-realite-virtuelle-pour-formation-professionnelle.png\"},{\"@type\":\"BreadcrumbList\",\"@id\":\"https:\\\/\\\/kainoo.ch\\\/old-formation\\\/#breadcrumb\",\"itemListElement\":[{\"@type\":\"ListItem\",\"position\":1,\"name\":\"Accueil\",\"item\":\"https:\\\/\\\/kainoo.ch\\\/de\\\/home\\\/\"},{\"@type\":\"ListItem\",\"position\":2,\"name\":\"Old-Formation\"}]},{\"@type\":\"WebSite\",\"@id\":\"https:\\\/\\\/kainoo.ch\\\/#website\",\"url\":\"https:\\\/\\\/kainoo.ch\\\/\",\"name\":\"KA\u00cfNOO S\u00e0rl\",\"description\":\"3D-Ingenieure und virtuelle Entwickler\",\"publisher\":{\"@id\":\"https:\\\/\\\/kainoo.ch\\\/#organization\"},\"alternateName\":\"KA\u00cfNOO\",\"potentialAction\":[{\"@type\":\"SearchAction\",\"target\":{\"@type\":\"EntryPoint\",\"urlTemplate\":\"https:\\\/\\\/kainoo.ch\\\/?s={search_term_string}\"},\"query-input\":{\"@type\":\"PropertyValueSpecification\",\"valueRequired\":true,\"valueName\":\"search_term_string\"}}],\"inLanguage\":\"de\"},{\"@type\":\"Organization\",\"@id\":\"https:\\\/\\\/kainoo.ch\\\/#organization\",\"name\":\"Ka\u00efnoo\",\"url\":\"https:\\\/\\\/kainoo.ch\\\/\",\"logo\":{\"@type\":\"ImageObject\",\"inLanguage\":\"de\",\"@id\":\"https:\\\/\\\/kainoo.ch\\\/#\\\/schema\\\/logo\\\/image\\\/\",\"url\":\"https:\\\/\\\/kainoo.ch\\\/wp-content\\\/uploads\\\/2021\\\/10\\\/logo-Kainoo.png\",\"contentUrl\":\"https:\\\/\\\/kainoo.ch\\\/wp-content\\\/uploads\\\/2021\\\/10\\\/logo-Kainoo.png\",\"width\":277,\"height\":40,\"caption\":\"Ka\u00efnoo\"},\"image\":{\"@id\":\"https:\\\/\\\/kainoo.ch\\\/#\\\/schema\\\/logo\\\/image\\\/\"},\"sameAs\":[\"https:\\\/\\\/www.facebook.com\\\/kainoo3D\",\"https:\\\/\\\/x.com\\\/kainoo_ch\",\"https:\\\/\\\/www.linkedin.com\\\/company\\\/5173815\\\/\"]}]}<\/script>\n<!-- \/ Yoast SEO plugin. -->","yoast_head_json":{"title":"Old-Formation - Ka\u00efnoo","robots":{"index":"index","follow":"follow","max-snippet":"max-snippet:-1","max-image-preview":"max-image-preview:large","max-video-preview":"max-video-preview:-1"},"canonical":"https:\/\/kainoo.ch\/old-formation\/","og_locale":"de_DE","og_type":"article","og_title":"Old-Formation - Ka\u00efnoo","og_url":"https:\/\/kainoo.ch\/old-formation\/","og_site_name":"Ka\u00efnoo","article_publisher":"https:\/\/www.facebook.com\/kainoo3D","article_modified_time":"2022-03-16T10:17:34+00:00","og_image":[{"url":"https:\/\/kainoo.ch\/wp-content\/uploads\/2021\/10\/picto-realite-virtuelle-pour-formation-professionnelle.png","type":"","width":"","height":""}],"twitter_card":"summary_large_image","twitter_site":"@kainoo_ch","twitter_misc":{"Gesch\u00e4tzte Lesezeit":"3\u00a0Minuten"},"schema":{"@context":"https:\/\/schema.org","@graph":[{"@type":"WebPage","@id":"https:\/\/kainoo.ch\/old-formation\/","url":"https:\/\/kainoo.ch\/old-formation\/","name":"Old-Formation - Ka\u00efnoo","isPartOf":{"@id":"https:\/\/kainoo.ch\/#website"},"primaryImageOfPage":{"@id":"https:\/\/kainoo.ch\/old-formation\/#primaryimage"},"image":{"@id":"https:\/\/kainoo.ch\/old-formation\/#primaryimage"},"thumbnailUrl":"https:\/\/kainoo.ch\/wp-content\/uploads\/2021\/10\/picto-realite-virtuelle-pour-formation-professionnelle.png","datePublished":"2021-10-18T08:07:11+00:00","dateModified":"2022-03-16T10:17:34+00:00","breadcrumb":{"@id":"https:\/\/kainoo.ch\/old-formation\/#breadcrumb"},"inLanguage":"de","potentialAction":[{"@type":"ReadAction","target":["https:\/\/kainoo.ch\/old-formation\/"]}]},{"@type":"ImageObject","inLanguage":"de","@id":"https:\/\/kainoo.ch\/old-formation\/#primaryimage","url":"https:\/\/kainoo.ch\/wp-content\/uploads\/2021\/10\/picto-realite-virtuelle-pour-formation-professionnelle.png","contentUrl":"https:\/\/kainoo.ch\/wp-content\/uploads\/2021\/10\/picto-realite-virtuelle-pour-formation-professionnelle.png"},{"@type":"BreadcrumbList","@id":"https:\/\/kainoo.ch\/old-formation\/#breadcrumb","itemListElement":[{"@type":"ListItem","position":1,"name":"Accueil","item":"https:\/\/kainoo.ch\/de\/home\/"},{"@type":"ListItem","position":2,"name":"Old-Formation"}]},{"@type":"WebSite","@id":"https:\/\/kainoo.ch\/#website","url":"https:\/\/kainoo.ch\/","name":"KA\u00cfNOO S\u00e0rl","description":"3D-Ingenieure und virtuelle Entwickler","publisher":{"@id":"https:\/\/kainoo.ch\/#organization"},"alternateName":"KA\u00cfNOO","potentialAction":[{"@type":"SearchAction","target":{"@type":"EntryPoint","urlTemplate":"https:\/\/kainoo.ch\/?s={search_term_string}"},"query-input":{"@type":"PropertyValueSpecification","valueRequired":true,"valueName":"search_term_string"}}],"inLanguage":"de"},{"@type":"Organization","@id":"https:\/\/kainoo.ch\/#organization","name":"Ka\u00efnoo","url":"https:\/\/kainoo.ch\/","logo":{"@type":"ImageObject","inLanguage":"de","@id":"https:\/\/kainoo.ch\/#\/schema\/logo\/image\/","url":"https:\/\/kainoo.ch\/wp-content\/uploads\/2021\/10\/logo-Kainoo.png","contentUrl":"https:\/\/kainoo.ch\/wp-content\/uploads\/2021\/10\/logo-Kainoo.png","width":277,"height":40,"caption":"Ka\u00efnoo"},"image":{"@id":"https:\/\/kainoo.ch\/#\/schema\/logo\/image\/"},"sameAs":["https:\/\/www.facebook.com\/kainoo3D","https:\/\/x.com\/kainoo_ch","https:\/\/www.linkedin.com\/company\/5173815\/"]}]}},"_links":{"self":[{"href":"https:\/\/kainoo.ch\/de\/wp-json\/wp\/v2\/pages\/180","targetHints":{"allow":["GET"]}}],"collection":[{"href":"https:\/\/kainoo.ch\/de\/wp-json\/wp\/v2\/pages"}],"about":[{"href":"https:\/\/kainoo.ch\/de\/wp-json\/wp\/v2\/types\/page"}],"author":[{"embeddable":true,"href":"https:\/\/kainoo.ch\/de\/wp-json\/wp\/v2\/users\/1"}],"replies":[{"embeddable":true,"href":"https:\/\/kainoo.ch\/de\/wp-json\/wp\/v2\/comments?post=180"}],"version-history":[{"count":79,"href":"https:\/\/kainoo.ch\/de\/wp-json\/wp\/v2\/pages\/180\/revisions"}],"predecessor-version":[{"id":7547,"href":"https:\/\/kainoo.ch\/de\/wp-json\/wp\/v2\/pages\/180\/revisions\/7547"}],"wp:attachment":[{"href":"https:\/\/kainoo.ch\/de\/wp-json\/wp\/v2\/media?parent=180"}],"curies":[{"name":"wp","href":"https:\/\/api.w.org\/{rel}","templated":true}]}}