{"id":11231,"date":"2024-01-17T10:00:40","date_gmt":"2024-01-17T09:00:40","guid":{"rendered":"https:\/\/kainoo.ch\/?page_id=11231"},"modified":"2024-01-22T14:52:27","modified_gmt":"2024-01-22T13:52:27","slug":"information-meta-quest-2","status":"publish","type":"page","link":"https:\/\/kainoo.ch\/de\/services\/location-vr\/information-meta-quest-2\/","title":{"rendered":"Information Meta Quest 2"},"content":{"rendered":"<p>[et_pb_section fb_built=&#8220;1&#8243; _builder_version=&#8220;4.23.4&#8243; _module_preset=&#8220;default&#8220; background_image=&#8220;https:\/\/kainoo.ch\/wp-content\/uploads\/2024\/01\/casque-meta-quest-2_flou.png&#8220; custom_margin=&#8220;||1px|||&#8220; custom_padding=&#8220;||0px|||&#8220; da_disable_devices=&#8220;off|off|off&#8220; global_colors_info=&#8220;{}&#8220; da_is_popup=&#8220;off&#8220; da_exit_intent=&#8220;off&#8220; da_has_close=&#8220;on&#8220; da_alt_close=&#8220;off&#8220; da_dark_close=&#8220;off&#8220; da_not_modal=&#8220;on&#8220; da_is_singular=&#8220;off&#8220; da_with_loader=&#8220;off&#8220; da_has_shadow=&#8220;on&#8220;][et_pb_row _builder_version=&#8220;4.16&#8243; _module_preset=&#8220;default&#8220; width=&#8220;90%&#8220; max_width=&#8220;100%&#8220; min_height=&#8220;255.1px&#8220; custom_padding=&#8220;151px|||||&#8220; global_colors_info=&#8220;{}&#8220;][et_pb_column type=&#8220;4_4&#8243; _builder_version=&#8220;4.16&#8243; _module_preset=&#8220;default&#8220; global_colors_info=&#8220;{}&#8220;][et_pb_text _builder_version=&#8220;4.23.4&#8243; _module_preset=&#8220;default&#8220; header_font=&#8220;Montserrat||||||||&#8220; header_text_color=&#8220;#FFFFFF&#8220; header_2_font=&#8220;Montserrat|700||on|||||&#8220; header_2_text_color=&#8220;#FFFFFF&#8220; header_2_font_size=&#8220;30px&#8220; header_3_font=&#8220;Montserrat|||on|||||&#8220; header_3_text_color=&#8220;#FFFFFF&#8220; header_3_font_size=&#8220;60px&#8220; header_6_font=&#8220;Montserrat||||||||&#8220; header_6_text_color=&#8220;#FFFFFF&#8220; background_color=&#8220;rgba(40,40,40,0.39)&#8220; custom_padding=&#8220;20px|20px|20px|20px|false|false&#8220; global_colors_info=&#8220;{}&#8220;]<\/p>\n<h3><strong>Meta Quest 2<\/strong><\/h3>\n<p>&nbsp;<\/p>\n<h1 style=\"padding-left: 40px;\">Tout est dans le d\u00e9tail<\/h1>\n<p>&nbsp;<\/p>\n<h2 style=\"padding-left: 80px;\">Des pr<span>\u00e9<\/span>requis ? Non<\/h2>\n<h6 style=\"padding-left: 80px;\">PC facultatif<br \/>Profitez de la VR tout-en-un nouvelle g\u00e9n\u00e9ration avec pour seul mat\u00e9riel<br \/>un casque et des manettes.<\/h6>\n<h2 style=\"padding-left: 80px;\"><\/h2>\n<p>&nbsp;<\/p>\n<h2 style=\"padding-left: 80px;\">Graphismes<\/h2>\n<h6 style=\"padding-left: 80px;\">Profitez d&#8217;une densit\u00e9 de pixel am\u00e9lior\u00e9e gr\u00e2ce \u00e0 la mise \u00e0 l&#8217;\u00e9chelle dynamique<br \/>de la r\u00e9solution, qui permet un jeu plus fluide et une meilleure immersion<\/h6>\n<p>&nbsp;<\/p>\n<h2 style=\"padding-left: 80px;\">Suivi des mouvements<\/h2>\n<h6 style=\"padding-left: 80px;\">Six degr\u00e9s de libert\u00e9<br \/>Un casque avec 6DOF suit les mouvements \u00e0 la fois de votre t\u00eate et de votre corps,<br \/>et les retranscrit en VR avec une pr\u00e9cision r\u00e9aliste. Aucun capteur externe requis.<\/h6>\n<p>&nbsp;<\/p>\n<h2 style=\"padding-left: 80px;\">Manettes<\/h2>\n<h6 style=\"padding-left: 80px;\">Des manettes Touch revisit\u00e9es<br \/>Les manettes Touch Quest 2 on \u00e9t\u00e9 am\u00e9lior\u00e9es et sont plus ergonomiques.<br \/>Le nouveau repose-pouce offre davantage de stabilit\u00e9 lorsque le besoin s&#8217;en fait ressentir.<\/h6>\n<p>&nbsp;<\/p>\n<h2 style=\"padding-left: 80px;\">Sangle du casque<\/h2>\n<h6 style=\"padding-left: 80px;\">Sangle souple<br \/>Con\u00e7ue pour apporter confort et l\u00e9g\u00e8ret\u00e9 \u00e0 tout type de joueur.<br \/>Cette sangle souple est facilement ajustable et personnalisable \u00e0 l&#8217;aide d&#8217;accessoires Meta Quest.<\/h6>\n<p>&nbsp;<\/p>\n<h2 style=\"padding-left: 80px;\">Optique<\/h2>\n<h6 style=\"padding-left: 80px;\">Sp\u00e9cifications<br \/>\u00c9cran LCD &#8222;fast switch&#8220; (\u00e0 basculement rapide)<br \/>R\u00e9solution par oeil 1834 x 1920<br \/>Taux de rafra\u00eechissement pris en charge : 60, 72 et 90 Hz<br \/>Compatible avec les lunettes<\/h6>\n<p>&nbsp;<\/p>\n<h2 style=\"padding-left: 80px;\">Son<\/h2>\n<h6 style=\"padding-left: 80px;\">Audio positionnel<br \/>L&#8217;audio positionnel en 3D est int\u00e9gr\u00e9 directement au casque,<br \/>ce qui vous permet d&#8217;entendre ce qui se passe autour de vous.<br \/>Le port audio de 3,5 mm vous offre la possibilit\u00e9 de<br \/>jouer avec ou sans \u00e9couteurs personnels.<\/h6>\n<p>&nbsp;<\/p>\n<p>[\/et_pb_text][et_pb_button button_url=&#8220;https:\/\/kainoo.ch\/services\/location-vr\/&#8220; button_text=&#8220;Revenir \u00e0 la page de location&#8220; _builder_version=&#8220;4.23.4&#8243; _module_preset=&#8220;default&#8220; global_colors_info=&#8220;{}&#8220;][\/et_pb_button][\/et_pb_column][\/et_pb_row][\/et_pb_section]<\/p>\n","protected":false},"excerpt":{"rendered":"<p>Location de mat\u00e9riel de r\u00e9alit\u00e9 virtuelle pour particuliers et entreprises. Faites l&#8217;exp\u00e9rience de la VR sans devoir acheter votre propre mat\u00e9riel.<\/p>\n","protected":false},"author":1,"featured_media":10504,"parent":8772,"menu_order":0,"comment_status":"closed","ping_status":"closed","template":"","meta":{"_et_pb_use_builder":"on","_et_pb_old_content":"","_et_gb_content_width":"","inline_featured_image":false,"footnotes":""},"class_list":["post-11231","page","type-page","status-publish","has-post-thumbnail","hentry"],"yoast_head":"<!-- This site is optimized with the Yoast SEO plugin v27.5 - https:\/\/yoast.com\/product\/yoast-seo-wordpress\/ -->\n<title>Information Meta Quest 2 - Ka\u00efnoo<\/title>\n<meta name=\"description\" content=\"Location de mat\u00e9riel de r\u00e9alit\u00e9 virtuelle pour particuliers et entreprises. Faites l&#039;exp\u00e9rience de la VR sans devoir acheter votre propre mat\u00e9riel.\" \/>\n<meta name=\"robots\" content=\"index, follow, max-snippet:-1, max-image-preview:large, max-video-preview:-1\" \/>\n<link rel=\"canonical\" href=\"https:\/\/kainoo.ch\/services\/location-vr\/information-meta-quest-2\/\" \/>\n<meta property=\"og:locale\" content=\"de_DE\" \/>\n<meta property=\"og:type\" content=\"article\" \/>\n<meta property=\"og:title\" content=\"Information Meta Quest 2 - Ka\u00efnoo\" \/>\n<meta property=\"og:description\" content=\"Location de mat\u00e9riel de r\u00e9alit\u00e9 virtuelle pour particuliers et entreprises. Faites l&#039;exp\u00e9rience de la VR sans devoir acheter votre propre mat\u00e9riel.\" \/>\n<meta property=\"og:url\" content=\"https:\/\/kainoo.ch\/services\/location-vr\/information-meta-quest-2\/\" \/>\n<meta property=\"og:site_name\" content=\"Ka\u00efnoo\" \/>\n<meta property=\"article:publisher\" content=\"https:\/\/www.facebook.com\/kainoo3D\" \/>\n<meta property=\"article:modified_time\" content=\"2024-01-22T13:52:27+00:00\" \/>\n<meta property=\"og:image\" content=\"https:\/\/kainoo.ch\/wp-content\/uploads\/2023\/09\/Arriere-plan-1024x585.png\" \/>\n\t<meta property=\"og:image:width\" content=\"1024\" \/>\n\t<meta property=\"og:image:height\" content=\"585\" \/>\n\t<meta property=\"og:image:type\" content=\"image\/png\" \/>\n<meta name=\"twitter:card\" content=\"summary_large_image\" \/>\n<meta name=\"twitter:site\" content=\"@kainoo_ch\" \/>\n<meta name=\"twitter:label1\" content=\"Gesch\u00e4tzte Lesezeit\" \/>\n\t<meta name=\"twitter:data1\" content=\"2\u00a0Minuten\" \/>\n<script type=\"application\/ld+json\" class=\"yoast-schema-graph\">{\"@context\":\"https:\\\/\\\/schema.org\",\"@graph\":[{\"@type\":\"WebPage\",\"@id\":\"https:\\\/\\\/kainoo.ch\\\/services\\\/location-vr\\\/information-meta-quest-2\\\/\",\"url\":\"https:\\\/\\\/kainoo.ch\\\/services\\\/location-vr\\\/information-meta-quest-2\\\/\",\"name\":\"Information Meta Quest 2 - Ka\u00efnoo\",\"isPartOf\":{\"@id\":\"https:\\\/\\\/kainoo.ch\\\/#website\"},\"primaryImageOfPage\":{\"@id\":\"https:\\\/\\\/kainoo.ch\\\/services\\\/location-vr\\\/information-meta-quest-2\\\/#primaryimage\"},\"image\":{\"@id\":\"https:\\\/\\\/kainoo.ch\\\/services\\\/location-vr\\\/information-meta-quest-2\\\/#primaryimage\"},\"thumbnailUrl\":\"https:\\\/\\\/kainoo.ch\\\/wp-content\\\/uploads\\\/2023\\\/09\\\/Arriere-plan.png\",\"datePublished\":\"2024-01-17T09:00:40+00:00\",\"dateModified\":\"2024-01-22T13:52:27+00:00\",\"description\":\"Location de mat\u00e9riel de r\u00e9alit\u00e9 virtuelle pour particuliers et entreprises. Faites l'exp\u00e9rience de la VR sans devoir acheter votre propre mat\u00e9riel.\",\"breadcrumb\":{\"@id\":\"https:\\\/\\\/kainoo.ch\\\/services\\\/location-vr\\\/information-meta-quest-2\\\/#breadcrumb\"},\"inLanguage\":\"de\",\"potentialAction\":[{\"@type\":\"ReadAction\",\"target\":[\"https:\\\/\\\/kainoo.ch\\\/services\\\/location-vr\\\/information-meta-quest-2\\\/\"]}]},{\"@type\":\"ImageObject\",\"inLanguage\":\"de\",\"@id\":\"https:\\\/\\\/kainoo.ch\\\/services\\\/location-vr\\\/information-meta-quest-2\\\/#primaryimage\",\"url\":\"https:\\\/\\\/kainoo.ch\\\/wp-content\\\/uploads\\\/2023\\\/09\\\/Arriere-plan.png\",\"contentUrl\":\"https:\\\/\\\/kainoo.ch\\\/wp-content\\\/uploads\\\/2023\\\/09\\\/Arriere-plan.png\",\"width\":6067,\"height\":3467},{\"@type\":\"BreadcrumbList\",\"@id\":\"https:\\\/\\\/kainoo.ch\\\/services\\\/location-vr\\\/information-meta-quest-2\\\/#breadcrumb\",\"itemListElement\":[{\"@type\":\"ListItem\",\"position\":1,\"name\":\"Accueil\",\"item\":\"https:\\\/\\\/kainoo.ch\\\/de\\\/home\\\/\"},{\"@type\":\"ListItem\",\"position\":2,\"name\":\"Nos services\",\"item\":\"https:\\\/\\\/kainoo.ch\\\/services\\\/\"},{\"@type\":\"ListItem\",\"position\":3,\"name\":\"Location VR\",\"item\":\"https:\\\/\\\/kainoo.ch\\\/services\\\/location-vr\\\/\"},{\"@type\":\"ListItem\",\"position\":4,\"name\":\"Information Meta Quest 2\"}]},{\"@type\":\"WebSite\",\"@id\":\"https:\\\/\\\/kainoo.ch\\\/#website\",\"url\":\"https:\\\/\\\/kainoo.ch\\\/\",\"name\":\"KA\u00cfNOO S\u00e0rl\",\"description\":\"3D-Ingenieure und virtuelle Entwickler\",\"publisher\":{\"@id\":\"https:\\\/\\\/kainoo.ch\\\/#organization\"},\"alternateName\":\"KA\u00cfNOO\",\"potentialAction\":[{\"@type\":\"SearchAction\",\"target\":{\"@type\":\"EntryPoint\",\"urlTemplate\":\"https:\\\/\\\/kainoo.ch\\\/?s={search_term_string}\"},\"query-input\":{\"@type\":\"PropertyValueSpecification\",\"valueRequired\":true,\"valueName\":\"search_term_string\"}}],\"inLanguage\":\"de\"},{\"@type\":\"Organization\",\"@id\":\"https:\\\/\\\/kainoo.ch\\\/#organization\",\"name\":\"Ka\u00efnoo\",\"url\":\"https:\\\/\\\/kainoo.ch\\\/\",\"logo\":{\"@type\":\"ImageObject\",\"inLanguage\":\"de\",\"@id\":\"https:\\\/\\\/kainoo.ch\\\/#\\\/schema\\\/logo\\\/image\\\/\",\"url\":\"https:\\\/\\\/kainoo.ch\\\/wp-content\\\/uploads\\\/2021\\\/10\\\/logo-Kainoo.png\",\"contentUrl\":\"https:\\\/\\\/kainoo.ch\\\/wp-content\\\/uploads\\\/2021\\\/10\\\/logo-Kainoo.png\",\"width\":277,\"height\":40,\"caption\":\"Ka\u00efnoo\"},\"image\":{\"@id\":\"https:\\\/\\\/kainoo.ch\\\/#\\\/schema\\\/logo\\\/image\\\/\"},\"sameAs\":[\"https:\\\/\\\/www.facebook.com\\\/kainoo3D\",\"https:\\\/\\\/x.com\\\/kainoo_ch\",\"https:\\\/\\\/www.linkedin.com\\\/company\\\/5173815\\\/\"]}]}<\/script>\n<!-- \/ Yoast SEO plugin. -->","yoast_head_json":{"title":"Information Meta Quest 2 - Ka\u00efnoo","description":"Location de mat\u00e9riel de r\u00e9alit\u00e9 virtuelle pour particuliers et entreprises. Faites l'exp\u00e9rience de la VR sans devoir acheter votre propre mat\u00e9riel.","robots":{"index":"index","follow":"follow","max-snippet":"max-snippet:-1","max-image-preview":"max-image-preview:large","max-video-preview":"max-video-preview:-1"},"canonical":"https:\/\/kainoo.ch\/services\/location-vr\/information-meta-quest-2\/","og_locale":"de_DE","og_type":"article","og_title":"Information Meta Quest 2 - Ka\u00efnoo","og_description":"Location de mat\u00e9riel de r\u00e9alit\u00e9 virtuelle pour particuliers et entreprises. Faites l'exp\u00e9rience de la VR sans devoir acheter votre propre mat\u00e9riel.","og_url":"https:\/\/kainoo.ch\/services\/location-vr\/information-meta-quest-2\/","og_site_name":"Ka\u00efnoo","article_publisher":"https:\/\/www.facebook.com\/kainoo3D","article_modified_time":"2024-01-22T13:52:27+00:00","og_image":[{"width":1024,"height":585,"url":"https:\/\/kainoo.ch\/wp-content\/uploads\/2023\/09\/Arriere-plan-1024x585.png","type":"image\/png"}],"twitter_card":"summary_large_image","twitter_site":"@kainoo_ch","twitter_misc":{"Gesch\u00e4tzte Lesezeit":"2\u00a0Minuten"},"schema":{"@context":"https:\/\/schema.org","@graph":[{"@type":"WebPage","@id":"https:\/\/kainoo.ch\/services\/location-vr\/information-meta-quest-2\/","url":"https:\/\/kainoo.ch\/services\/location-vr\/information-meta-quest-2\/","name":"Information Meta Quest 2 - Ka\u00efnoo","isPartOf":{"@id":"https:\/\/kainoo.ch\/#website"},"primaryImageOfPage":{"@id":"https:\/\/kainoo.ch\/services\/location-vr\/information-meta-quest-2\/#primaryimage"},"image":{"@id":"https:\/\/kainoo.ch\/services\/location-vr\/information-meta-quest-2\/#primaryimage"},"thumbnailUrl":"https:\/\/kainoo.ch\/wp-content\/uploads\/2023\/09\/Arriere-plan.png","datePublished":"2024-01-17T09:00:40+00:00","dateModified":"2024-01-22T13:52:27+00:00","description":"Location de mat\u00e9riel de r\u00e9alit\u00e9 virtuelle pour particuliers et entreprises. Faites l'exp\u00e9rience de la VR sans devoir acheter votre propre mat\u00e9riel.","breadcrumb":{"@id":"https:\/\/kainoo.ch\/services\/location-vr\/information-meta-quest-2\/#breadcrumb"},"inLanguage":"de","potentialAction":[{"@type":"ReadAction","target":["https:\/\/kainoo.ch\/services\/location-vr\/information-meta-quest-2\/"]}]},{"@type":"ImageObject","inLanguage":"de","@id":"https:\/\/kainoo.ch\/services\/location-vr\/information-meta-quest-2\/#primaryimage","url":"https:\/\/kainoo.ch\/wp-content\/uploads\/2023\/09\/Arriere-plan.png","contentUrl":"https:\/\/kainoo.ch\/wp-content\/uploads\/2023\/09\/Arriere-plan.png","width":6067,"height":3467},{"@type":"BreadcrumbList","@id":"https:\/\/kainoo.ch\/services\/location-vr\/information-meta-quest-2\/#breadcrumb","itemListElement":[{"@type":"ListItem","position":1,"name":"Accueil","item":"https:\/\/kainoo.ch\/de\/home\/"},{"@type":"ListItem","position":2,"name":"Nos services","item":"https:\/\/kainoo.ch\/services\/"},{"@type":"ListItem","position":3,"name":"Location VR","item":"https:\/\/kainoo.ch\/services\/location-vr\/"},{"@type":"ListItem","position":4,"name":"Information Meta Quest 2"}]},{"@type":"WebSite","@id":"https:\/\/kainoo.ch\/#website","url":"https:\/\/kainoo.ch\/","name":"KA\u00cfNOO S\u00e0rl","description":"3D-Ingenieure und virtuelle Entwickler","publisher":{"@id":"https:\/\/kainoo.ch\/#organization"},"alternateName":"KA\u00cfNOO","potentialAction":[{"@type":"SearchAction","target":{"@type":"EntryPoint","urlTemplate":"https:\/\/kainoo.ch\/?s={search_term_string}"},"query-input":{"@type":"PropertyValueSpecification","valueRequired":true,"valueName":"search_term_string"}}],"inLanguage":"de"},{"@type":"Organization","@id":"https:\/\/kainoo.ch\/#organization","name":"Ka\u00efnoo","url":"https:\/\/kainoo.ch\/","logo":{"@type":"ImageObject","inLanguage":"de","@id":"https:\/\/kainoo.ch\/#\/schema\/logo\/image\/","url":"https:\/\/kainoo.ch\/wp-content\/uploads\/2021\/10\/logo-Kainoo.png","contentUrl":"https:\/\/kainoo.ch\/wp-content\/uploads\/2021\/10\/logo-Kainoo.png","width":277,"height":40,"caption":"Ka\u00efnoo"},"image":{"@id":"https:\/\/kainoo.ch\/#\/schema\/logo\/image\/"},"sameAs":["https:\/\/www.facebook.com\/kainoo3D","https:\/\/x.com\/kainoo_ch","https:\/\/www.linkedin.com\/company\/5173815\/"]}]}},"_links":{"self":[{"href":"https:\/\/kainoo.ch\/de\/wp-json\/wp\/v2\/pages\/11231","targetHints":{"allow":["GET"]}}],"collection":[{"href":"https:\/\/kainoo.ch\/de\/wp-json\/wp\/v2\/pages"}],"about":[{"href":"https:\/\/kainoo.ch\/de\/wp-json\/wp\/v2\/types\/page"}],"author":[{"embeddable":true,"href":"https:\/\/kainoo.ch\/de\/wp-json\/wp\/v2\/users\/1"}],"replies":[{"embeddable":true,"href":"https:\/\/kainoo.ch\/de\/wp-json\/wp\/v2\/comments?post=11231"}],"version-history":[{"count":15,"href":"https:\/\/kainoo.ch\/de\/wp-json\/wp\/v2\/pages\/11231\/revisions"}],"predecessor-version":[{"id":11300,"href":"https:\/\/kainoo.ch\/de\/wp-json\/wp\/v2\/pages\/11231\/revisions\/11300"}],"up":[{"embeddable":true,"href":"https:\/\/kainoo.ch\/de\/wp-json\/wp\/v2\/pages\/8772"}],"wp:featuredmedia":[{"embeddable":true,"href":"https:\/\/kainoo.ch\/de\/wp-json\/wp\/v2\/media\/10504"}],"wp:attachment":[{"href":"https:\/\/kainoo.ch\/de\/wp-json\/wp\/v2\/media?parent=11231"}],"curies":[{"name":"wp","href":"https:\/\/api.w.org\/{rel}","templated":true}]}}