{"id":10233,"date":"2023-06-23T09:54:15","date_gmt":"2023-06-23T07:54:15","guid":{"rendered":"https:\/\/kainoo.ch\/?page_id=10233"},"modified":"2024-01-26T11:11:31","modified_gmt":"2024-01-26T10:11:31","slug":"conditions-generales-location","status":"publish","type":"page","link":"https:\/\/kainoo.ch\/de\/services\/location-vr\/conditions-generales-location\/","title":{"rendered":"Conditions g\u00e9n\u00e9rales de location"},"content":{"rendered":"<p>[et_pb_section fb_built=&#8220;1&#8243; _builder_version=&#8220;4.16&#8243; _module_preset=&#8220;default&#8220; background_image=&#8220;https:\/\/kainoo.ch\/wp-content\/uploads\/2021\/10\/bg-3D.jpg&#8220; background_size=&#8220;initial&#8220; background_position=&#8220;top_left&#8220; custom_margin=&#8220;||||false|false&#8220; custom_padding=&#8220;130px||||false|false&#8220; da_disable_devices=&#8220;off|off|off&#8220; global_colors_info=&#8220;{}&#8220; da_is_popup=&#8220;off&#8220; da_exit_intent=&#8220;off&#8220; da_has_close=&#8220;on&#8220; da_alt_close=&#8220;off&#8220; da_dark_close=&#8220;off&#8220; da_not_modal=&#8220;on&#8220; da_is_singular=&#8220;off&#8220; da_with_loader=&#8220;off&#8220; da_has_shadow=&#8220;on&#8220;][et_pb_row _builder_version=&#8220;4.16&#8243; _module_preset=&#8220;default&#8220; global_colors_info=&#8220;{}&#8220;][et_pb_column type=&#8220;4_4&#8243; _builder_version=&#8220;4.16&#8243; _module_preset=&#8220;default&#8220; global_colors_info=&#8220;{}&#8220;][et_pb_post_title date_format=&#8220;j.m.Y&#8220; comments=&#8220;off&#8220; featured_image=&#8220;off&#8220; _builder_version=&#8220;4.16&#8243; _module_preset=&#8220;default&#8220; global_colors_info=&#8220;{}&#8220;][\/et_pb_post_title][\/et_pb_column][\/et_pb_row][et_pb_row _builder_version=&#8220;4.16&#8243; _module_preset=&#8220;default&#8220; global_colors_info=&#8220;{}&#8220;][et_pb_column type=&#8220;4_4&#8243; _builder_version=&#8220;4.16&#8243; _module_preset=&#8220;default&#8220; global_colors_info=&#8220;{}&#8220;][et_pb_button button_url=&#8220;@ET-DC@eyJkeW5hbWljIjp0cnVlLCJjb250ZW50IjoicG9zdF9saW5rX3VybF9wYWdlIiwic2V0dGluZ3MiOnsicG9zdF9pZCI6IjExMzU1In19@&#8220; button_text=&#8220;Retour au formulaire de demande de location&#8220; button_alignment=&#8220;left&#8220; _builder_version=&#8220;4.23.4&#8243; _dynamic_attributes=&#8220;button_url&#8220; _module_preset=&#8220;default&#8220; custom_button=&#8220;on&#8220; button_icon=&#8220;&#x3c;||divi||400&#8243; button_icon_color=&#8220;#FFFFFF&#8220; button_icon_placement=&#8220;left&#8220; button_on_hover=&#8220;off&#8220; custom_padding=&#8220;|||38px|false|false&#8220; global_colors_info=&#8220;{}&#8220;][\/et_pb_button][et_pb_text _builder_version=&#8220;4.23.4&#8243; _module_preset=&#8220;default&#8220; text_font=&#8220;Montserrat||||||||&#8220; hover_enabled=&#8220;0&#8243; global_colors_info=&#8220;{}&#8220; sticky_enabled=&#8220;0&#8243;]<\/p>\n<p>Ci-dessous est sont stipul\u00e9es les conditions g\u00e9n\u00e9rales pour la location du mat\u00e9riel. Elles sont fournies ici \u00e0 titre d\u2019information, mais sont \u00e0 l\u2019image des conditions inscrites dans le contrat de location.<\/p>\n<p style=\"text-align: justify;\"><strong>Article 1 &#8211; Le mat\u00e9riel<\/strong><\/p>\n<p>La location \u00ab\u00a0Solo\u00a0\u00bb contient le mat\u00e9riel suivant\u00a0:<\/p>\n<ul style=\"text-align: justify;\">\n<li style=\"list-style-type: none;\">\n<ul>\n<li>1x casque Meta Quest 2 (128GB ou 256GB)<\/li>\n<li>1x paire de manettes Meta Quest 2<\/li>\n<li>1x bo\u00eete de rangement pour tout le mat\u00e9riel<\/li>\n<li>1x bloc d&#8217;alimentation USB-C<\/li>\n<li>1x c\u00e2ble USB-C \u00e0 USB-C pour charger<\/li>\n<\/ul>\n<\/li>\n<\/ul>\n<p style=\"text-align: justify;\">La somme totale du mat\u00e9riel est \u00e9valu\u00e9e \u00e0 CHF 550.-.<\/p>\n<p>Dans le contexte des diverses offres, le nombre d&#8217;appareils ainsi que le montant estim\u00e9 seront ajust\u00e9s en cons\u00e9quence.<\/p>\n<p style=\"text-align: justify;\"><strong>Article 2 &#8211; Dur\u00e9e de la location\u00a0 <\/strong><\/p>\n<p style=\"text-align: justify;\">La dur\u00e9e de location est \u00e9tablie via votre commande et peut comporter\u00a0:<\/p>\n<ul style=\"text-align: justify;\">\n<li style=\"list-style-type: none;\">\n<ul>\n<li>7 jours\u00a0;<\/li>\n<li>14 jours\u00a0;<\/li>\n<li>21 jours.<\/li>\n<\/ul>\n<\/li>\n<\/ul>\n<p style=\"text-align: justify;\">Veuillez pr\u00eater attention aux d\u00e9lais de livraison, indiqu\u00e9s dans l\u2019article 6.<\/p>\n<p style=\"text-align: justify;\"><strong>Article 3 &#8211; Paiement\u00a0 <\/strong><\/p>\n<p>L\u2019utilisateur s\u2019engage \u00e0 payer d\u00fbment la somme totale (incluant la caution) avant le jour de l\u2019envoi via un des moyens de paiement mis \u00e0 disposition par le propri\u00e9taire. Si le paiement n\u2019est pas effectu\u00e9 selon les d\u00e9lais, l\u2019envoi du mat\u00e9riel sera retard\u00e9 jusqu\u2019\u00e0 r\u00e9ception de la somme indiqu\u00e9e.<\/p>\n<p style=\"text-align: justify;\"><strong>\u00a0<\/strong><\/p>\n<p style=\"text-align: justify;\"><strong>Article 4 &#8211; Conditions g\u00e9n\u00e9rales\u00a0 <\/strong><\/p>\n<p>Le mat\u00e9riel sera test\u00e9 avant l\u2019envoi de celui-ci, cela implique pour le preneur qu&#8217;il accepte le parfait \u00e9tat de fonctionnement de celui-ci. Quelles que soient les modalit\u00e9s de transport et\/ou de montage, le preneur est responsable du mat\u00e9riel d\u00e8s que celui-ci quitte le propri\u00e9taire. Le preneur qui transporte le mat\u00e9riel lui-m\u00eame s&#8217;engage \u00e0 le faire dans les meilleures conditions.<\/p>\n<p>Il est conseill\u00e9 au preneur d&#8217;assurer tous risques le mat\u00e9riel lou\u00e9 (vandalisme, catastrophes\u00a0\u00a0 naturelles, d\u00e9g\u00e2ts corporels et mat\u00e9riels &#8230;) aupr\u00e8s de sa compagnie d&#8217;assurance. Toutes taxes, charges, redevances, autorisations, assurances, etc. \u00e9ventuelles sont \u00e0 charge du preneur. Le preneur est suppos\u00e9 conna\u00eetre le fonctionnement et la manipulation du mat\u00e9riel, il sera donc tenu responsable de tout mauvais emploi. Le preneur certifie conna\u00eetre toutes les mises en garde de s\u00e9curit\u00e9, les risques et pr\u00e9cautions \u00e0 prendre relatifs \u00e0 l&#8217;utilisation du mat\u00e9riel lou\u00e9 par le biais de ce pr\u00e9sent contrat. En aucun cas le propri\u00e9taire ne pourra \u00eatre tenu pour responsable de tous dommages corporels ou mat\u00e9riels r\u00e9sultant de l&#8217;utilisation de son mat\u00e9riel par le preneur ayant accept\u00e9 le parfait \u00e9tat de fonctionnement du mat\u00e9riel par la signature du pr\u00e9sent contrat.<\/p>\n<p>La restitution du mat\u00e9riel se fait au si\u00e8ge social de l\u2019entreprise Ka\u00efnoo S\u00e0rl\u00a0:<\/p>\n<p style=\"padding-left: 40px; text-align: justify;\">Ka\u00efnoo S\u00e0rl<br \/>Rue des Corbes 2<br \/>2065 Savagnier<br \/>Suisse<\/p>\n<p>Lors de la restitution du mat\u00e9riel, ce-dernier sera inspect\u00e9 et test\u00e9 par le propri\u00e9taire. Toute d\u00e9fectuosit\u00e9, irr\u00e9gularit\u00e9, ou usure exag\u00e9r\u00e9e par rapport \u00e0 l&#8217;utilisation sp\u00e9cifi\u00e9e, constat\u00e9e lors de ce contr\u00f4le sont \u00e0 la charge du preneur. Le mat\u00e9riel devant subir une r\u00e9paration sera r\u00e9par\u00e9 par le propri\u00e9taire avec facture \u00e0 charge du preneur, si le mat\u00e9riel ne peut \u00eatre r\u00e9par\u00e9, ou n&#8217;est pas restitu\u00e9 dans un d\u00e9lai de 1 mois, il sera consid\u00e9r\u00e9 comme manquant au retour. Le mat\u00e9riel manquant au retour sera factur\u00e9 \u00e0 valeur courante du march\u00e9 au preneur.<\/p>\n<p style=\"text-align: justify;\"><strong>\u00a0<\/strong><\/p>\n<p style=\"text-align: justify;\"><strong>Article 5 &#8211; Caution<\/strong><\/p>\n<p>Le contrat de location pourra contenir un suppl\u00e9ment \u00e0 titre de caution pour r\u00e9pondre aux d\u00e9g\u00e2ts qui pourraient \u00eatre caus\u00e9s aux objets lou\u00e9s. Le remboursement du d\u00e9p\u00f4t de garantie sera effectu\u00e9 au retour du mat\u00e9riel en bon \u00e9tat.\u00a0 En cas de constats de d\u00e9g\u00e2ts, les frais seront d\u00e9duits de la caution. Si les frais surpassent la caution, la diff\u00e9rence sera mise en facture. Si aucun frais suppl\u00e9mentaire n\u2019est \u00e9valu\u00e9, le propri\u00e9taire reversera la totalit\u00e9 de la somme de la caution au preneur.<\/p>\n<p style=\"text-align: justify;\"><strong>Article 6 \u2013 Envoi postal<\/strong><\/p>\n<p>Le preneur s\u2019engage \u00e0 retourner le mat\u00e9riel le jour de la fin de son contrat de location \u00e0 13h00 au plus tard. C\u2019est-\u00e0-dire que s\u2019il fait un envoi postal il devra veiller \u00e0 effectuer l\u2019envoi avant l\u2019heure de collecte de son point de collecte postal, le jour avant. Un billet de retour pr\u00e9pay\u00e9 en courrier A est inclus dans le colis \u00e0 cet effet.<\/p>\n<p>Chaque jour de d\u00e9passement sera factur\u00e9 50.- et un d\u00e9passement de plus de 7 jours sera consid\u00e9r\u00e9 comme un retour manqu\u00e9 et le mat\u00e9riel total sera factur\u00e9.<\/p>\n<p>L\u2019envoi ne sera effectu\u00e9 qu\u2019apr\u00e8s validation du dossier de location (contrat sign\u00e9 et r\u00e9ception du paiement).<\/p>\n<p>Les envois sont effectu\u00e9s uniquement les mardis, sauf exception. Dans ce cas, la dur\u00e9e de location n\u2019exc\u00e9dera pas celle initialement pr\u00e9vue.<\/p>\n<p>&nbsp;<\/p>\n<p style=\"text-align: justify;\"><strong>Article 7 &#8211; Frais d&#8217;entretien et nettoyage\u00a0\u00a0<\/strong><\/p>\n<p>Les frais d\u2019entretien sont \u00e0 la charge du preneur, ainsi tout mat\u00e9riel n\u00e9cessaire au nettoyage et \u00e0 la d\u00e9sinfection n\u2019est pas fourni. Le casque est nettoy\u00e9 et d\u00e9sinfect\u00e9 avant la location par le propri\u00e9taire. De la m\u00eame mani\u00e8re, le casque ne doit pas \u00eatre dans un \u00e9tat salubre au retour.<\/p>\n<p><em>Veuillez vous r\u00e9f\u00e9rer au manuel fourni pour correctement nettoyer le casque. Les lentilles sont sensibles et peuvent \u00eatre endommag\u00e9es \u00e0 la suite d\u2019un mauvais entretien.<\/em><\/p>\n<p style=\"text-align: justify;\"><strong><\/strong><\/p>\n<p style=\"text-align: justify;\"><strong>Article 8 &#8211; Dispositions compl\u00e9mentaires\u00a0\u00a0<\/strong><\/p>\n<p>La sous-location ou le pr\u00eat du mat\u00e9riel par l\u2019usager \u00e0 un tiers est exclu.<\/p>\n<p style=\"text-align: justify;\"><strong>Article 9 &#8211; Droit applicable et \u00e9lection de for<\/strong><\/p>\n<p>Les parties font \u00e9lection de for exclusif \u00e0 Neuch\u00e2tel (CH) et d\u00e9clarent se soumettre \u00e0 la juridiction de ce lieu.<\/p>\n<p style=\"text-align: justify;\"><strong>\u00a0<\/strong><\/p>\n<p>[\/et_pb_text][\/et_pb_column][\/et_pb_row][\/et_pb_section]<\/p>\n","protected":false},"excerpt":{"rendered":"<p>Ci-dessous est sont stipul\u00e9es les conditions g\u00e9n\u00e9rales pour la location du mat\u00e9riel. Elles sont fournies ici \u00e0 titre d\u2019information, mais sont \u00e0 l\u2019image des conditions inscrites dans le contrat de location. Article 1 &#8211; Le mat\u00e9riel La location \u00ab\u00a0Solo\u00a0\u00bb contient le mat\u00e9riel suivant\u00a0: 1x casque Meta Quest 2 (128GB ou 256GB) 1x paire de manettes [&hellip;]<\/p>\n","protected":false},"author":1,"featured_media":10403,"parent":8772,"menu_order":0,"comment_status":"closed","ping_status":"closed","template":"","meta":{"_et_pb_use_builder":"on","_et_pb_old_content":"","_et_gb_content_width":"","inline_featured_image":false,"footnotes":""},"class_list":["post-10233","page","type-page","status-publish","has-post-thumbnail","hentry"],"yoast_head":"<!-- This site is optimized with the Yoast SEO plugin v27.5 - https:\/\/yoast.com\/product\/yoast-seo-wordpress\/ -->\n<title>Conditions g\u00e9n\u00e9rales de location - Ka\u00efnoo<\/title>\n<meta name=\"robots\" content=\"noindex, nofollow\" \/>\n<meta property=\"og:locale\" content=\"de_DE\" \/>\n<meta property=\"og:type\" content=\"article\" \/>\n<meta property=\"og:title\" content=\"Conditions g\u00e9n\u00e9rales de location - Ka\u00efnoo\" \/>\n<meta property=\"og:url\" content=\"https:\/\/kainoo.ch\/services\/location-vr\/conditions-generales-location\/\" \/>\n<meta property=\"og:site_name\" content=\"Ka\u00efnoo\" \/>\n<meta property=\"article:publisher\" content=\"https:\/\/www.facebook.com\/kainoo3D\" \/>\n<meta property=\"article:modified_time\" content=\"2024-01-26T10:11:31+00:00\" \/>\n<meta property=\"og:image\" content=\"https:\/\/kainoo.ch\/wp-content\/uploads\/2023\/07\/Banner_Service_Location_VR_KAINOO.png\" \/>\n\t<meta property=\"og:image:width\" content=\"1200\" \/>\n\t<meta property=\"og:image:height\" content=\"630\" \/>\n\t<meta property=\"og:image:type\" content=\"image\/png\" \/>\n<meta name=\"twitter:card\" content=\"summary_large_image\" \/>\n<meta name=\"twitter:site\" content=\"@kainoo_ch\" \/>\n<script type=\"application\/ld+json\" class=\"yoast-schema-graph\">{\"@context\":\"https:\\\/\\\/schema.org\",\"@graph\":[{\"@type\":\"WebPage\",\"@id\":\"https:\\\/\\\/kainoo.ch\\\/services\\\/location-vr\\\/conditions-generales-location\\\/\",\"url\":\"https:\\\/\\\/kainoo.ch\\\/services\\\/location-vr\\\/conditions-generales-location\\\/\",\"name\":\"Conditions g\u00e9n\u00e9rales de location - Ka\u00efnoo\",\"isPartOf\":{\"@id\":\"https:\\\/\\\/kainoo.ch\\\/#website\"},\"primaryImageOfPage\":{\"@id\":\"https:\\\/\\\/kainoo.ch\\\/services\\\/location-vr\\\/conditions-generales-location\\\/#primaryimage\"},\"image\":{\"@id\":\"https:\\\/\\\/kainoo.ch\\\/services\\\/location-vr\\\/conditions-generales-location\\\/#primaryimage\"},\"thumbnailUrl\":\"https:\\\/\\\/kainoo.ch\\\/wp-content\\\/uploads\\\/2023\\\/07\\\/Banner_Service_Location_VR_KAINOO.png\",\"datePublished\":\"2023-06-23T07:54:15+00:00\",\"dateModified\":\"2024-01-26T10:11:31+00:00\",\"breadcrumb\":{\"@id\":\"https:\\\/\\\/kainoo.ch\\\/services\\\/location-vr\\\/conditions-generales-location\\\/#breadcrumb\"},\"inLanguage\":\"de\",\"potentialAction\":[{\"@type\":\"ReadAction\",\"target\":[\"https:\\\/\\\/kainoo.ch\\\/services\\\/location-vr\\\/conditions-generales-location\\\/\"]}]},{\"@type\":\"ImageObject\",\"inLanguage\":\"de\",\"@id\":\"https:\\\/\\\/kainoo.ch\\\/services\\\/location-vr\\\/conditions-generales-location\\\/#primaryimage\",\"url\":\"https:\\\/\\\/kainoo.ch\\\/wp-content\\\/uploads\\\/2023\\\/07\\\/Banner_Service_Location_VR_KAINOO.png\",\"contentUrl\":\"https:\\\/\\\/kainoo.ch\\\/wp-content\\\/uploads\\\/2023\\\/07\\\/Banner_Service_Location_VR_KAINOO.png\",\"width\":1200,\"height\":630},{\"@type\":\"BreadcrumbList\",\"@id\":\"https:\\\/\\\/kainoo.ch\\\/services\\\/location-vr\\\/conditions-generales-location\\\/#breadcrumb\",\"itemListElement\":[{\"@type\":\"ListItem\",\"position\":1,\"name\":\"Accueil\",\"item\":\"https:\\\/\\\/kainoo.ch\\\/de\\\/home\\\/\"},{\"@type\":\"ListItem\",\"position\":2,\"name\":\"Nos services\",\"item\":\"https:\\\/\\\/kainoo.ch\\\/services\\\/\"},{\"@type\":\"ListItem\",\"position\":3,\"name\":\"Location VR\",\"item\":\"https:\\\/\\\/kainoo.ch\\\/services\\\/location-vr\\\/\"},{\"@type\":\"ListItem\",\"position\":4,\"name\":\"Conditions g\u00e9n\u00e9rales de location\"}]},{\"@type\":\"WebSite\",\"@id\":\"https:\\\/\\\/kainoo.ch\\\/#website\",\"url\":\"https:\\\/\\\/kainoo.ch\\\/\",\"name\":\"KA\u00cfNOO S\u00e0rl\",\"description\":\"3D-Ingenieure und virtuelle Entwickler\",\"publisher\":{\"@id\":\"https:\\\/\\\/kainoo.ch\\\/#organization\"},\"alternateName\":\"KA\u00cfNOO\",\"potentialAction\":[{\"@type\":\"SearchAction\",\"target\":{\"@type\":\"EntryPoint\",\"urlTemplate\":\"https:\\\/\\\/kainoo.ch\\\/?s={search_term_string}\"},\"query-input\":{\"@type\":\"PropertyValueSpecification\",\"valueRequired\":true,\"valueName\":\"search_term_string\"}}],\"inLanguage\":\"de\"},{\"@type\":\"Organization\",\"@id\":\"https:\\\/\\\/kainoo.ch\\\/#organization\",\"name\":\"Ka\u00efnoo\",\"url\":\"https:\\\/\\\/kainoo.ch\\\/\",\"logo\":{\"@type\":\"ImageObject\",\"inLanguage\":\"de\",\"@id\":\"https:\\\/\\\/kainoo.ch\\\/#\\\/schema\\\/logo\\\/image\\\/\",\"url\":\"https:\\\/\\\/kainoo.ch\\\/wp-content\\\/uploads\\\/2021\\\/10\\\/logo-Kainoo.png\",\"contentUrl\":\"https:\\\/\\\/kainoo.ch\\\/wp-content\\\/uploads\\\/2021\\\/10\\\/logo-Kainoo.png\",\"width\":277,\"height\":40,\"caption\":\"Ka\u00efnoo\"},\"image\":{\"@id\":\"https:\\\/\\\/kainoo.ch\\\/#\\\/schema\\\/logo\\\/image\\\/\"},\"sameAs\":[\"https:\\\/\\\/www.facebook.com\\\/kainoo3D\",\"https:\\\/\\\/x.com\\\/kainoo_ch\",\"https:\\\/\\\/www.linkedin.com\\\/company\\\/5173815\\\/\"]}]}<\/script>\n<!-- \/ Yoast SEO plugin. -->","yoast_head_json":{"title":"Conditions g\u00e9n\u00e9rales de location - Ka\u00efnoo","robots":{"index":"noindex","follow":"nofollow"},"og_locale":"de_DE","og_type":"article","og_title":"Conditions g\u00e9n\u00e9rales de location - Ka\u00efnoo","og_url":"https:\/\/kainoo.ch\/services\/location-vr\/conditions-generales-location\/","og_site_name":"Ka\u00efnoo","article_publisher":"https:\/\/www.facebook.com\/kainoo3D","article_modified_time":"2024-01-26T10:11:31+00:00","og_image":[{"width":1200,"height":630,"url":"https:\/\/kainoo.ch\/wp-content\/uploads\/2023\/07\/Banner_Service_Location_VR_KAINOO.png","type":"image\/png"}],"twitter_card":"summary_large_image","twitter_site":"@kainoo_ch","schema":{"@context":"https:\/\/schema.org","@graph":[{"@type":"WebPage","@id":"https:\/\/kainoo.ch\/services\/location-vr\/conditions-generales-location\/","url":"https:\/\/kainoo.ch\/services\/location-vr\/conditions-generales-location\/","name":"Conditions g\u00e9n\u00e9rales de location - Ka\u00efnoo","isPartOf":{"@id":"https:\/\/kainoo.ch\/#website"},"primaryImageOfPage":{"@id":"https:\/\/kainoo.ch\/services\/location-vr\/conditions-generales-location\/#primaryimage"},"image":{"@id":"https:\/\/kainoo.ch\/services\/location-vr\/conditions-generales-location\/#primaryimage"},"thumbnailUrl":"https:\/\/kainoo.ch\/wp-content\/uploads\/2023\/07\/Banner_Service_Location_VR_KAINOO.png","datePublished":"2023-06-23T07:54:15+00:00","dateModified":"2024-01-26T10:11:31+00:00","breadcrumb":{"@id":"https:\/\/kainoo.ch\/services\/location-vr\/conditions-generales-location\/#breadcrumb"},"inLanguage":"de","potentialAction":[{"@type":"ReadAction","target":["https:\/\/kainoo.ch\/services\/location-vr\/conditions-generales-location\/"]}]},{"@type":"ImageObject","inLanguage":"de","@id":"https:\/\/kainoo.ch\/services\/location-vr\/conditions-generales-location\/#primaryimage","url":"https:\/\/kainoo.ch\/wp-content\/uploads\/2023\/07\/Banner_Service_Location_VR_KAINOO.png","contentUrl":"https:\/\/kainoo.ch\/wp-content\/uploads\/2023\/07\/Banner_Service_Location_VR_KAINOO.png","width":1200,"height":630},{"@type":"BreadcrumbList","@id":"https:\/\/kainoo.ch\/services\/location-vr\/conditions-generales-location\/#breadcrumb","itemListElement":[{"@type":"ListItem","position":1,"name":"Accueil","item":"https:\/\/kainoo.ch\/de\/home\/"},{"@type":"ListItem","position":2,"name":"Nos services","item":"https:\/\/kainoo.ch\/services\/"},{"@type":"ListItem","position":3,"name":"Location VR","item":"https:\/\/kainoo.ch\/services\/location-vr\/"},{"@type":"ListItem","position":4,"name":"Conditions g\u00e9n\u00e9rales de location"}]},{"@type":"WebSite","@id":"https:\/\/kainoo.ch\/#website","url":"https:\/\/kainoo.ch\/","name":"KA\u00cfNOO S\u00e0rl","description":"3D-Ingenieure und virtuelle Entwickler","publisher":{"@id":"https:\/\/kainoo.ch\/#organization"},"alternateName":"KA\u00cfNOO","potentialAction":[{"@type":"SearchAction","target":{"@type":"EntryPoint","urlTemplate":"https:\/\/kainoo.ch\/?s={search_term_string}"},"query-input":{"@type":"PropertyValueSpecification","valueRequired":true,"valueName":"search_term_string"}}],"inLanguage":"de"},{"@type":"Organization","@id":"https:\/\/kainoo.ch\/#organization","name":"Ka\u00efnoo","url":"https:\/\/kainoo.ch\/","logo":{"@type":"ImageObject","inLanguage":"de","@id":"https:\/\/kainoo.ch\/#\/schema\/logo\/image\/","url":"https:\/\/kainoo.ch\/wp-content\/uploads\/2021\/10\/logo-Kainoo.png","contentUrl":"https:\/\/kainoo.ch\/wp-content\/uploads\/2021\/10\/logo-Kainoo.png","width":277,"height":40,"caption":"Ka\u00efnoo"},"image":{"@id":"https:\/\/kainoo.ch\/#\/schema\/logo\/image\/"},"sameAs":["https:\/\/www.facebook.com\/kainoo3D","https:\/\/x.com\/kainoo_ch","https:\/\/www.linkedin.com\/company\/5173815\/"]}]}},"_links":{"self":[{"href":"https:\/\/kainoo.ch\/de\/wp-json\/wp\/v2\/pages\/10233","targetHints":{"allow":["GET"]}}],"collection":[{"href":"https:\/\/kainoo.ch\/de\/wp-json\/wp\/v2\/pages"}],"about":[{"href":"https:\/\/kainoo.ch\/de\/wp-json\/wp\/v2\/types\/page"}],"author":[{"embeddable":true,"href":"https:\/\/kainoo.ch\/de\/wp-json\/wp\/v2\/users\/1"}],"replies":[{"embeddable":true,"href":"https:\/\/kainoo.ch\/de\/wp-json\/wp\/v2\/comments?post=10233"}],"version-history":[{"count":19,"href":"https:\/\/kainoo.ch\/de\/wp-json\/wp\/v2\/pages\/10233\/revisions"}],"predecessor-version":[{"id":11410,"href":"https:\/\/kainoo.ch\/de\/wp-json\/wp\/v2\/pages\/10233\/revisions\/11410"}],"up":[{"embeddable":true,"href":"https:\/\/kainoo.ch\/de\/wp-json\/wp\/v2\/pages\/8772"}],"wp:featuredmedia":[{"embeddable":true,"href":"https:\/\/kainoo.ch\/de\/wp-json\/wp\/v2\/media\/10403"}],"wp:attachment":[{"href":"https:\/\/kainoo.ch\/de\/wp-json\/wp\/v2\/media?parent=10233"}],"curies":[{"name":"wp","href":"https:\/\/api.w.org\/{rel}","templated":true}]}}